{"id":2016,"date":"2023-08-07T17:26:26","date_gmt":"2023-08-07T17:26:26","guid":{"rendered":"https:\/\/grupoalsur.com\/politicas-de-privacidad-2\/"},"modified":"2023-09-20T10:39:30","modified_gmt":"2023-09-20T10:39:30","slug":"politicas-de-privacidad-2","status":"publish","type":"page","link":"https:\/\/grupoalsur.com\/en\/politicas-de-privacidad-2\/","title":{"rendered":"Pol\u00edticas de Privacidad"},"content":{"rendered":"<p>[et_pb_section fb_built=&#8221;1&#8243; _builder_version=&#8221;4.20.4&#8243; _module_preset=&#8221;default&#8221; da_disable_devices=&#8221;off|off|off&#8221; global_colors_info=&#8221;{}&#8221; da_is_popup=&#8221;off&#8221; da_exit_intent=&#8221;off&#8221; da_has_close=&#8221;on&#8221; da_alt_close=&#8221;off&#8221; da_dark_close=&#8221;off&#8221; da_not_modal=&#8221;on&#8221; da_is_singular=&#8221;off&#8221; da_with_loader=&#8221;off&#8221; da_has_shadow=&#8221;on&#8221;][et_pb_row _builder_version=&#8221;4.20.4&#8243; _module_preset=&#8221;default&#8221; global_colors_info=&#8221;{}&#8221;][et_pb_column type=&#8221;4_4&#8243; _builder_version=&#8221;4.20.4&#8243; _module_preset=&#8221;default&#8221; global_colors_info=&#8221;{}&#8221;][et_pb_text _builder_version=&#8221;4.22.1&#8243; _module_preset=&#8221;default&#8221; text_font=&#8221;marat||||||||&#8221; text_text_color=&#8221;#006e33&#8243; text_font_size=&#8221;40px&#8221; text_line_height=&#8221;40px&#8221; hover_enabled=&#8221;0&#8243; global_colors_info=&#8221;{}&#8221; sticky_enabled=&#8221;0&#8243;]<\/p>\n<p><b>Privacy Policy<\/b><\/p>\n<p>[\/et_pb_text][et_pb_text _builder_version=&#8221;4.22.1&#8243; _module_preset=&#8221;default&#8221; text_font=&#8221;Lato||||||||&#8221; text_font_size=&#8221;18px&#8221; text_line_height=&#8221;24px&#8221; hover_enabled=&#8221;0&#8243; global_colors_info=&#8221;{}&#8221; sticky_enabled=&#8221;0&#8243;]<\/p>\n<p><span style=\"font-weight: 400;\">This legal text explains how we collect and process your personal data when you use our website https:\/\/grupoalsur.com\/, including any information you may provide to us through the website when you enter your data in the form available for this purpose.\u00a0<\/span><\/p>\n<p><span style=\"font-weight: 400;\">When you provide us with your data, we inform you that our services are not available to individuals who are not able to give their consent. Therefore, by sending us the forms, you confirm that you have sufficient capacity to give consent.\u00a0<\/span><\/p>\n<p><span style=\"font-weight: 400;\">Below, you will find the data protection policy of: <\/span><b>GRUPO ALSUR <\/b><b>and its affiliates, as shown in Annex I.<\/b><\/p>\n<ol>\n<li><b> Data controller.<\/b><\/li>\n<\/ol>\n<p><span style=\"font-weight: 400;\">Contact details of the data controller:\u00a0<\/span><\/p>\n<p><b>GRUPO ALSUR, <\/b><span style=\"font-weight: 400;\">with registered address at: Ctra. C\u00f3rdoba-M\u00e1laga km. 520, apt 141 29200 Antequera M\u00e1laga and telephone number: 952840762. Email: alsur@grupoalsur.com<\/span><\/p>\n<p><b>GRUPO ALSUR<\/b><span style=\"font-weight: 400;\"> is responsible for your data. (Hereinafter us and our).<\/span><b>\u00a0<\/b><\/p>\n<ol start=\"2\">\n<li><b> What data do we collect?\u00a0<\/b><\/li>\n<\/ol>\n<p><span style=\"font-weight: 400;\">The General Data Protection Regulation defines <\/span><b>personal data<\/b><span style=\"font-weight: 400;\"> as any information related to an identified or identifiable natural person, i.e., any information that can identify an individual. This does not include anonymous or percentage data.\u00a0<\/span><\/p>\n<p><span style=\"font-weight: 400;\">The personal data that may be collected directly from the data subject will be treated confidentially and will be included in the corresponding processing activities, owned by <\/span><b>GRUPO ALSUR<\/b><span style=\"font-weight: 400;\">.<\/span><\/p>\n<p><span style=\"font-weight: 400;\">We may process certain types of personal data on our Website, which may include:<\/span><\/p>\n<ul>\n<li style=\"font-weight: 400;\" aria-level=\"1\"><span style=\"font-weight: 400;\">Identity data: name and surname.<\/span><\/li>\n<li style=\"font-weight: 400;\" aria-level=\"1\"><span style=\"font-weight: 400;\">Contact data: email and telephone number.<\/span><\/li>\n<\/ul>\n<p><span style=\"font-weight: 400;\">We do not collect any special categories of personal data (data revealing racial or ethnic origin, political opinions, religious or philosophical beliefs, trade union membership and information concerning your health, genetic or biometric data).\u00a0<\/span><\/p>\n<p><span style=\"font-weight: 400;\">If you are required to provide your personal data by law or under the terms of a contract between us and you refuse to do so, we may not be able to enter into the contract or provide the service and you must notify us in advance.\u00a0\u00a0<\/span><\/p>\n<ol start=\"3\">\n<li><b> How do we collect your personal data?\u00a0<\/b><\/li>\n<\/ol>\n<p><span style=\"font-weight: 400;\">We use the following means to collect personal data:<\/span><\/p>\n<ul>\n<li aria-level=\"1\"><b>Through the form available on our website, through our contact email, by telephone or by post, when:<\/b><\/li>\n<\/ul>\n<ul>\n<ul>\n<li style=\"font-weight: 400;\" aria-level=\"2\"><span style=\"font-weight: 400;\">You request information about our products\u00a0<\/span><\/li>\n<\/ul>\n<\/ul>\n<p>&nbsp;<\/p>\n<p><span style=\"font-weight: 400;\">To ensure the quality of our portal, we reserve the <\/span><b>right to reject any registration request<\/b><span style=\"font-weight: 400;\"> or to suspend or cancel a previously accepted registration if we consider that it does not comply with these requirements or any other law or regulation. If this happens, we will try to give reasons for our decision, but we cannot commit to do so in all cases<\/span><span style=\"font-weight: 400;\">.<\/span><\/p>\n<p>&nbsp;<\/p>\n<ol start=\"4\">\n<li><b> Purpose and legitimacy for the use of your data.\u00a0<\/b><\/li>\n<\/ol>\n<p><span style=\"font-weight: 400;\">The most common uses of your personal data are:<\/span><\/p>\n<ul>\n<li style=\"font-weight: 400;\" aria-level=\"1\"><span style=\"font-weight: 400;\">To formalise a contract between <\/span><b>GRUPO ALSUR<\/b><span style=\"font-weight: 400;\"> and you.<\/span><\/li>\n<li style=\"font-weight: 400;\" aria-level=\"1\"><span style=\"font-weight: 400;\">When you consent to the processing of your data.<\/span><\/li>\n<li style=\"font-weight: 400;\" aria-level=\"1\"><span style=\"font-weight: 400;\">When we need your data to comply with a legal or regulatory obligation.<\/span><\/li>\n<li style=\"font-weight: 400;\" aria-level=\"1\"><span style=\"font-weight: 400;\">When it is necessary for our legitimate interest or that of a third party.\u00a0<\/span><\/li>\n<\/ul>\n<p><span style=\"font-weight: 400;\">The User may withdraw the consent given at any time by sending an email to alsur@grupoalsur.com or by consulting the section below on exercising their rights.<\/span><\/p>\n<p><span style=\"font-weight: 400;\">The table below shows the ways in which we will use your personal data and the legitimacy for their use, as well as the type of personal data we will process. We may process certain personal data for additional legal reasons. If you require further information on this matter, please send an email to alsur@grupoalsur.com.<\/span><\/p>\n<table>\n<tbody>\n<tr>\n<td>\n<p><b>Form<\/b><\/p>\n<\/td>\n<td>\n<p><b>Purpose<\/b><\/p>\n<\/td>\n<td>\n<p><b>Type of data<\/b><\/p>\n<\/td>\n<td>\n<p><b>Legitimacy for processing<\/b><\/p>\n<\/td>\n<\/tr>\n<tr>\n<td>\n<p><span style=\"font-weight: 400;\">Contact<\/span><\/p>\n<\/td>\n<td>\n<p><span style=\"font-weight: 400;\">The purpose is to manage contacts and requests for information received via our website<\/span><\/p>\n<\/td>\n<td>\n<ul>\n<li style=\"font-weight: 400;\" aria-level=\"1\"><span style=\"font-weight: 400;\">Name<\/span><\/li>\n<li style=\"font-weight: 400;\" aria-level=\"1\"><span style=\"font-weight: 400;\">Surname<\/span><\/li>\n<li style=\"font-weight: 400;\" aria-level=\"1\"><span style=\"font-weight: 400;\">Email<\/span><\/li>\n<li style=\"font-weight: 400;\" aria-level=\"1\"><span style=\"font-weight: 400;\">Telephone number<\/span><\/li>\n<\/ul>\n<\/td>\n<td>\n<p><span style=\"font-weight: 400;\">Consent of the data subject (article 6(1)(a) GDPR)<\/span><\/p>\n<\/p>\n<p><span style=\"font-weight: 400;\">Pre-contractual measures (article 6(1)(b) GDPR)<\/span><\/p>\n<p><span style=\"font-weight: 400;\">Processing is necessary to satisfy the legitimate interests pursued by the data controller (article 6(1)(f) GDPR)<\/span><\/p>\n<\/td>\n<\/tr>\n<\/tbody>\n<\/table>\n<p><b>Purpose<\/b><span style=\"font-weight: 400;\">: We will only use your data for the purposes for which they were collected, unless we reasonably consider that they should be used for another reason. In this case, we will notify you in advance to inform you of the legal reason for their processing, which must be compatible with the original purpose.\u00a0<\/span><\/p>\n<ol start=\"5\">\n<li><b> How long will we retain your data?<\/b><\/li>\n<\/ol>\n<p><span style=\"font-weight: 400;\">They will be retained for the time necessary to fulfil the purpose for which they were collected and to determine any possible liabilities that may arise from said purpose and from the processing of the data. The provisions of the different regulations regarding the retention period will apply, insofar as they are applicable to this processing.<\/span><\/p>\n<p><b>Data of subscribers received by email or through the form<\/b><span style=\"font-weight: 400;\">: From the time the user subscribes until they unsubscribe.\u00a0<\/span><\/p>\n<ol start=\"6\">\n<li><b> Minors.<\/b><\/li>\n<\/ol>\n<p><b>GRUPO ALSUR <\/b><span style=\"font-weight: 400;\">does not authorise minors under 14 years of age to provide their personal data through the means provided on this website (completion of web forms to request services, contact forms or by email). Therefore, individuals who provide personal data using these means formally declare that they are over 14\u00a0years of age. <\/span><b>GRUPO ALSUR<\/b><span style=\"font-weight: 400;\"> will not be held liable for failure to comply with this requirement.<\/span><\/p>\n<p><span style=\"font-weight: 400;\">\u00a0\u00a0\u00a0<\/span><span style=\"font-weight: 400;\"><br \/><\/span><span style=\"font-weight: 400;\">If your child has provided personal information to <\/span><b>GRUPO ALSUR<\/b><span style=\"font-weight: 400;\"> and they are under the established age limit, please contact us in order to request the exercise of their applicable rights.<\/span><\/p>\n<p><span style=\"font-weight: 400;\">In cases in which the services offered by <\/span><b>GRUPO ALSUR<\/b><span style=\"font-weight: 400;\"> are intended for minors under 14\u00a0years of age, means will be provided to obtain the authorisation of the minor&#8217;s parents or legal guardians.<\/span><\/p>\n<ol start=\"7\">\n<li><b> Exercise of Data Protection Rights:<\/b><\/li>\n<\/ol>\n<p><b>How can these rights be exercised?<\/b><span style=\"font-weight: 400;\"> Users may send a communication to the registered address of <\/span><b>GRUPO ALSUR<\/b><span style=\"font-weight: 400;\"> or to the email address alsur@grupoalsur.com, in both cases including a photocopy of their national identity card or a similar identity document, to request the exercise of the following rights:<\/span><\/p>\n<ul>\n<li style=\"font-weight: 400;\" aria-level=\"1\"><b>Access<\/b><span style=\"font-weight: 400;\"> to their personal data: Users may ask <\/span><b>GRUPO ALSUR<\/b><span style=\"font-weight: 400;\"> whether it is using their personal data.<\/span><\/li>\n<li style=\"font-weight: 400;\" aria-level=\"1\"><span style=\"font-weight: 400;\">To request their <\/span><b>rectification<\/b><span style=\"font-weight: 400;\">, if they are incorrect, or to exercise the <\/span><b>right to be forgotten<\/b><span style=\"font-weight: 400;\"> with respect to such data.<\/span><\/li>\n<li style=\"font-weight: 400;\" aria-level=\"1\"><span style=\"font-weight: 400;\">To request the <\/span><b>limitation of the processing<\/b><span style=\"font-weight: 400;\">, in which case they will only be retained by <\/span><b>GRUPO ALSUR<\/b><span style=\"font-weight: 400;\"> for the exercise or defence of claims.<\/span><\/li>\n<li style=\"font-weight: 400;\" aria-level=\"1\"><span style=\"font-weight: 400;\">To <\/span><b>object<\/b><span style=\"font-weight: 400;\"> to their processing: <\/span><b>GRUPO ALSUR<\/b><span style=\"font-weight: 400;\"> will cease to process the data in the manner indicated, unless they must continue to be processed for legitimate reasons or for the exercise or defence of possible claims.<\/span><\/li>\n<li style=\"font-weight: 400;\" aria-level=\"1\"><span style=\"font-weight: 400;\">To the <\/span><b>portability<\/b><span style=\"font-weight: 400;\"> of the data: If you wish your data to be processed by another company, <\/span><b>GRUPO ALSUR<\/b><span style=\"font-weight: 400;\"> will facilitate the portability of your data to the new data controller.\u00a0<\/span><\/li>\n<\/ul>\n<p><span style=\"font-weight: 400;\">You may use the forms provided by the Spanish Data Protection Agency (AEPD) to exercise your aforementioned rights <\/span><a href=\"https:\/\/www.aepd.es\/reglamento\/derechos\/index.html\"><span style=\"font-weight: 400;\">here<\/span><\/a><span style=\"font-weight: 400;\">.<\/span><\/p>\n<p><span style=\"font-weight: 400;\">Submission of claims to the AEPD: If you consider that there is a problem with the way in which <\/span><b>GRUPO ALSUR<\/b><span style=\"font-weight: 400;\"> is processing your data, you may address your claims<\/span> <span style=\"font-weight: 400;\">to the corresponding supervisory authority. In Spain, the competent authority is the <\/span><a href=\"https:\/\/sedeagpd.gob.es\/sede-electronica-web\/vistas\/formNuevaReclamacion\/solicitudReclamacion.jsf;jsessionid=5085E2038B4210818633610065963C3E\"><span style=\"font-weight: 400;\">Spanish Data Protection Agency.<\/span><\/a><\/p>\n<p><span style=\"font-weight: 400;\">We will ask you for specific information to help us confirm your identity and to ensure your right to access your personal data (or to exercise any of the other rights listed above). This is a security measure to ensure that personal data are not disclosed to any individual who is not entitled to receive them.\u00a0<\/span><\/p>\n<p><span style=\"font-weight: 400;\">All requests will be dealt with within the legal deadline of one month. However, it may take more than one month if the request is particularly complex. In this case, we will notify you and keep you updated.\u00a0<\/span><\/p>\n<ol start=\"8\">\n<li><b> Disclosure of data: provision of services.<\/b><\/li>\n<\/ol>\n<p><span style=\"font-weight: 400;\">In order to carry out our work, we may need the assistance of third parties, who will only process the data to provide the contracted service, and with whom we have the corresponding measures in place to guarantee your rights:<\/span><\/p>\n<ul>\n<li style=\"font-weight: 400;\" aria-level=\"1\"><span style=\"font-weight: 400;\">Service providers providing systems and information technology management services.<\/span><\/li>\n<li style=\"font-weight: 400;\" aria-level=\"1\"><span style=\"font-weight: 400;\">Professional advisors including lawyers, auditors and insurers providing banking, legal, insurance and accounting consultancy services.<\/span><\/li>\n<\/ul>\n<p><span style=\"font-weight: 400;\">If your data is transferred to other data controllers, they will respect the security of your personal data and will process them in accordance with the GDPR.\u00a0<\/span><\/p>\n<p><span style=\"font-weight: 400;\">We only allow such data controllers to process your data for the specified purposes and in accordance with our instructions. However, in compliance with transparency requirements, you can request a list of the companies that provide services to us by sending an email to: alsur@grupoalsur.com.<\/span><\/p>\n<p>&nbsp;<\/p>\n<ol start=\"9\">\n<li><span style=\"font-weight: 400;\"><\/span><b> Data Security.<\/b><\/li>\n<\/ol>\n<p><span style=\"font-weight: 400;\">We have implemented appropriate security measures to prevent the accidental loss, unauthorised use or access, modification or disclosure of your personal data. We also limit access to your personal data to employees, agents, contractors and other third parties who need the data for business purposes. They will only process your personal data in accordance with our instructions and are subject to a duty of confidentiality.\u00a0<\/span><\/p>\n<p><span style=\"font-weight: 400;\">We have implemented procedures to deal with any suspected breach of your personal data and will notify you and the Supervisory Authority in the event of a security breach, as regulated in articles 33 and 34 of the GDPR.\u00a0<\/span><\/p>\n<p>&nbsp;<\/p>\n<p><b>ANNEX I<\/b><\/p>\n<p><b><\/b><\/p>\n<ul>\n<li aria-level=\"1\"><b>Sola de Antequera, S.A<\/b><span style=\"font-weight: 400;\">, with Tax Identity Code (CIF): A29355823, registered in the Company Register of Malaga, on 26 February 2003, in Volume 1239, Book 152, Sheet 220, Section 8, Page MA 6519, I\/A 11.<\/span><\/li>\n<\/ul>\n<p><b><\/b><br \/><b><\/b><\/p>\n<ul>\n<li aria-level=\"1\"><b>Alsur Productos Vegetales, S.L<\/b><span style=\"font-weight: 400;\">, with Tax Identity Code (CIF): B92121870, registered in the Company Register of Malaga, on 19 May 2004, in Volume 2504, Book 1417, Sheet 3, Section 8, Page MA 41060, I\/A 2.<\/span><\/li>\n<\/ul>\n<p><b><\/b><\/p>\n<ul>\n<li style=\"font-weight: 400;\" aria-level=\"1\"><b>Acon Agri Investments S.L<\/b><span style=\"font-weight: 400;\">, with Tax Identity Code (CIF): B88638093, registered in the Company Register of Malaga, on 22 May 2020, in Volume 40474, Sheet 160, Section 8, Page M 718626, I\/A 1.<\/span><\/li>\n<\/ul>\n<p>&nbsp;<\/p>\n<p>[\/et_pb_text][\/et_pb_column][\/et_pb_row][\/et_pb_section]<\/p>\n","protected":false},"excerpt":{"rendered":"<p>Privacy PolicyThis legal text explains how we collect and process your personal data when you use our website https:\/\/grupoalsur.com\/, including any information you may provide to us through the website when you enter your data in the form available for this purpose.\u00a0 When you provide us with your data, we inform you that our services [&hellip;]<\/p>\n","protected":false},"author":1,"featured_media":0,"parent":0,"menu_order":0,"comment_status":"closed","ping_status":"closed","template":"","meta":{"_et_pb_use_builder":"on","_et_pb_old_content":"","_et_gb_content_width":"","footnotes":""},"class_list":["post-2016","page","type-page","status-publish","hentry"],"yoast_head":"<!-- This site is optimized with the Yoast SEO plugin v27.3 - https:\/\/yoast.com\/product\/yoast-seo-wordpress\/ -->\n<title>Pol\u00edticas de Privacidad - Grupo Alsur<\/title>\n<meta name=\"robots\" content=\"index, follow, max-snippet:-1, max-image-preview:large, max-video-preview:-1\" \/>\n<link rel=\"canonical\" href=\"https:\/\/grupoalsur.com\/en\/politicas-de-privacidad-2\/\" \/>\n<meta property=\"og:locale\" content=\"en_US\" \/>\n<meta property=\"og:type\" content=\"article\" \/>\n<meta property=\"og:title\" content=\"Pol\u00edticas de Privacidad - Grupo Alsur\" \/>\n<meta property=\"og:description\" content=\"Privacy PolicyThis legal text explains how we collect and process your personal data when you use our website https:\/\/grupoalsur.com\/, including any information you may provide to us through the website when you enter your data in the form available for this purpose.\u00a0 When you provide us with your data, we inform you that our services [&hellip;]\" \/>\n<meta property=\"og:url\" content=\"https:\/\/grupoalsur.com\/en\/politicas-de-privacidad-2\/\" \/>\n<meta property=\"og:site_name\" content=\"Grupo Alsur\" \/>\n<meta property=\"article:modified_time\" content=\"2023-09-20T10:39:30+00:00\" \/>\n<meta name=\"twitter:card\" content=\"summary_large_image\" \/>\n<meta name=\"twitter:label1\" content=\"Est. reading time\" \/>\n\t<meta name=\"twitter:data1\" content=\"9 minutes\" \/>\n<script type=\"application\/ld+json\" class=\"yoast-schema-graph\">{\"@context\":\"https:\\\/\\\/schema.org\",\"@graph\":[{\"@type\":\"WebPage\",\"@id\":\"https:\\\/\\\/grupoalsur.com\\\/en\\\/politicas-de-privacidad-2\\\/\",\"url\":\"https:\\\/\\\/grupoalsur.com\\\/en\\\/politicas-de-privacidad-2\\\/\",\"name\":\"Pol\u00edticas de Privacidad - Grupo Alsur\",\"isPartOf\":{\"@id\":\"https:\\\/\\\/grupoalsur.com\\\/en\\\/#website\"},\"datePublished\":\"2023-08-07T17:26:26+00:00\",\"dateModified\":\"2023-09-20T10:39:30+00:00\",\"breadcrumb\":{\"@id\":\"https:\\\/\\\/grupoalsur.com\\\/en\\\/politicas-de-privacidad-2\\\/#breadcrumb\"},\"inLanguage\":\"en-US\",\"potentialAction\":[{\"@type\":\"ReadAction\",\"target\":[\"https:\\\/\\\/grupoalsur.com\\\/en\\\/politicas-de-privacidad-2\\\/\"]}]},{\"@type\":\"BreadcrumbList\",\"@id\":\"https:\\\/\\\/grupoalsur.com\\\/en\\\/politicas-de-privacidad-2\\\/#breadcrumb\",\"itemListElement\":[{\"@type\":\"ListItem\",\"position\":1,\"name\":\"Portada\",\"item\":\"https:\\\/\\\/grupoalsur.com\\\/en\\\/\"},{\"@type\":\"ListItem\",\"position\":2,\"name\":\"Pol\u00edticas de Privacidad\"}]},{\"@type\":\"WebSite\",\"@id\":\"https:\\\/\\\/grupoalsur.com\\\/en\\\/#website\",\"url\":\"https:\\\/\\\/grupoalsur.com\\\/en\\\/\",\"name\":\"Grupo Alsur\",\"description\":\"La agricultura est\u00e1 en nuestras raices\",\"potentialAction\":[{\"@type\":\"SearchAction\",\"target\":{\"@type\":\"EntryPoint\",\"urlTemplate\":\"https:\\\/\\\/grupoalsur.com\\\/en\\\/?s={search_term_string}\"},\"query-input\":{\"@type\":\"PropertyValueSpecification\",\"valueRequired\":true,\"valueName\":\"search_term_string\"}}],\"inLanguage\":\"en-US\"}]}<\/script>\n<!-- \/ Yoast SEO plugin. -->","yoast_head_json":{"title":"Pol\u00edticas de Privacidad - Grupo Alsur","robots":{"index":"index","follow":"follow","max-snippet":"max-snippet:-1","max-image-preview":"max-image-preview:large","max-video-preview":"max-video-preview:-1"},"canonical":"https:\/\/grupoalsur.com\/en\/politicas-de-privacidad-2\/","og_locale":"en_US","og_type":"article","og_title":"Pol\u00edticas de Privacidad - Grupo Alsur","og_description":"Privacy PolicyThis legal text explains how we collect and process your personal data when you use our website https:\/\/grupoalsur.com\/, including any information you may provide to us through the website when you enter your data in the form available for this purpose.\u00a0 When you provide us with your data, we inform you that our services [&hellip;]","og_url":"https:\/\/grupoalsur.com\/en\/politicas-de-privacidad-2\/","og_site_name":"Grupo Alsur","article_modified_time":"2023-09-20T10:39:30+00:00","twitter_card":"summary_large_image","twitter_misc":{"Est. reading time":"9 minutes"},"schema":{"@context":"https:\/\/schema.org","@graph":[{"@type":"WebPage","@id":"https:\/\/grupoalsur.com\/en\/politicas-de-privacidad-2\/","url":"https:\/\/grupoalsur.com\/en\/politicas-de-privacidad-2\/","name":"Pol\u00edticas de Privacidad - Grupo Alsur","isPartOf":{"@id":"https:\/\/grupoalsur.com\/en\/#website"},"datePublished":"2023-08-07T17:26:26+00:00","dateModified":"2023-09-20T10:39:30+00:00","breadcrumb":{"@id":"https:\/\/grupoalsur.com\/en\/politicas-de-privacidad-2\/#breadcrumb"},"inLanguage":"en-US","potentialAction":[{"@type":"ReadAction","target":["https:\/\/grupoalsur.com\/en\/politicas-de-privacidad-2\/"]}]},{"@type":"BreadcrumbList","@id":"https:\/\/grupoalsur.com\/en\/politicas-de-privacidad-2\/#breadcrumb","itemListElement":[{"@type":"ListItem","position":1,"name":"Portada","item":"https:\/\/grupoalsur.com\/en\/"},{"@type":"ListItem","position":2,"name":"Pol\u00edticas de Privacidad"}]},{"@type":"WebSite","@id":"https:\/\/grupoalsur.com\/en\/#website","url":"https:\/\/grupoalsur.com\/en\/","name":"Grupo Alsur","description":"La agricultura est\u00e1 en nuestras raices","potentialAction":[{"@type":"SearchAction","target":{"@type":"EntryPoint","urlTemplate":"https:\/\/grupoalsur.com\/en\/?s={search_term_string}"},"query-input":{"@type":"PropertyValueSpecification","valueRequired":true,"valueName":"search_term_string"}}],"inLanguage":"en-US"}]}},"_links":{"self":[{"href":"https:\/\/grupoalsur.com\/en\/wp-json\/wp\/v2\/pages\/2016","targetHints":{"allow":["GET"]}}],"collection":[{"href":"https:\/\/grupoalsur.com\/en\/wp-json\/wp\/v2\/pages"}],"about":[{"href":"https:\/\/grupoalsur.com\/en\/wp-json\/wp\/v2\/types\/page"}],"author":[{"embeddable":true,"href":"https:\/\/grupoalsur.com\/en\/wp-json\/wp\/v2\/users\/1"}],"replies":[{"embeddable":true,"href":"https:\/\/grupoalsur.com\/en\/wp-json\/wp\/v2\/comments?post=2016"}],"version-history":[{"count":4,"href":"https:\/\/grupoalsur.com\/en\/wp-json\/wp\/v2\/pages\/2016\/revisions"}],"predecessor-version":[{"id":2027,"href":"https:\/\/grupoalsur.com\/en\/wp-json\/wp\/v2\/pages\/2016\/revisions\/2027"}],"wp:attachment":[{"href":"https:\/\/grupoalsur.com\/en\/wp-json\/wp\/v2\/media?parent=2016"}],"curies":[{"name":"wp","href":"https:\/\/api.w.org\/{rel}","templated":true}]}}