{"id":1755,"date":"2023-03-16T14:21:14","date_gmt":"2023-03-16T14:21:14","guid":{"rendered":"https:\/\/grupoalsur.com\/contact\/"},"modified":"2024-02-14T09:51:51","modified_gmt":"2024-02-14T09:51:51","slug":"contact","status":"publish","type":"page","link":"https:\/\/grupoalsur.com\/en\/contact\/","title":{"rendered":"Contact"},"content":{"rendered":"<p>[et_pb_section fb_built=&#8221;1&#8243; custom_padding_last_edited=&#8221;on|phone&#8221; _builder_version=&#8221;4.20.2&#8243; _module_preset=&#8221;default&#8221; background_color=&#8221;#efefef&#8221; custom_padding=&#8221;20px||20px||false|false&#8221; custom_padding_tablet=&#8221;20px||20px||false|false&#8221; custom_padding_phone=&#8221;|20px||20px|false|false&#8221; da_disable_devices=&#8221;off|off|off&#8221; global_colors_info=&#8221;{}&#8221; da_is_popup=&#8221;off&#8221; da_exit_intent=&#8221;off&#8221; da_has_close=&#8221;on&#8221; da_alt_close=&#8221;off&#8221; da_dark_close=&#8221;off&#8221; da_not_modal=&#8221;on&#8221; da_is_singular=&#8221;off&#8221; da_with_loader=&#8221;off&#8221; da_has_shadow=&#8221;on&#8221;][et_pb_row _builder_version=&#8221;4.20.2&#8243; _module_preset=&#8221;default&#8221; width=&#8221;100%&#8221; max_width=&#8221;1280px&#8221; animation_style=&#8221;slide&#8221; animation_direction=&#8221;left&#8221; global_colors_info=&#8221;{}&#8221;][et_pb_column type=&#8221;4_4&#8243; _builder_version=&#8221;4.20.2&#8243; _module_preset=&#8221;default&#8221; global_colors_info=&#8221;{}&#8221;][et_pb_text _builder_version=&#8221;4.20.2&#8243; _module_preset=&#8221;default&#8221; header_2_font=&#8221;marat|900|||||||&#8221; header_2_text_color=&#8221;#006e33&#8243; header_2_font_size=&#8221;40px&#8221; custom_margin=&#8221;||10px||false|false&#8221; locked=&#8221;off&#8221; global_colors_info=&#8221;{}&#8221;]<\/p>\n<h2 class=\"kt-adv-heading_ca4905-ab wp-block-kadence-advancedheading\" data-kb-block=\"kb-adv-heading_ca4905-ab\"><strong>CONTACT<\/strong><\/h2>\n<p>[\/et_pb_text][\/et_pb_column][\/et_pb_row][\/et_pb_section][et_pb_section fb_built=&#8221;1&#8243; custom_padding_last_edited=&#8221;on|phone&#8221; _builder_version=&#8221;4.20.2&#8243; _module_preset=&#8221;default&#8221; custom_padding_tablet=&#8221;&#8221; custom_padding_phone=&#8221;|20px||20px|false|false&#8221; da_disable_devices=&#8221;off|off|off&#8221; global_colors_info=&#8221;{}&#8221; da_is_popup=&#8221;off&#8221; da_exit_intent=&#8221;off&#8221; da_has_close=&#8221;on&#8221; da_alt_close=&#8221;off&#8221; da_dark_close=&#8221;off&#8221; da_not_modal=&#8221;on&#8221; da_is_singular=&#8221;off&#8221; da_with_loader=&#8221;off&#8221; da_has_shadow=&#8221;on&#8221;][et_pb_row column_structure=&#8221;1_2,1_2&#8243; _builder_version=&#8221;4.20.2&#8243; _module_preset=&#8221;default&#8221; width=&#8221;100%&#8221; max_width=&#8221;1280px&#8221; global_colors_info=&#8221;{}&#8221;][et_pb_column type=&#8221;1_2&#8243; _builder_version=&#8221;4.20.2&#8243; _module_preset=&#8221;default&#8221; animation_style=&#8221;slide&#8221; animation_direction=&#8221;left&#8221; global_colors_info=&#8221;{}&#8221;][et_pb_text _builder_version=&#8221;4.20.2&#8243; _module_preset=&#8221;default&#8221; header_2_font=&#8221;Lato|900|||||||&#8221; header_2_text_color=&#8221;#727176&#8243; header_2_font_size=&#8221;30px&#8221; header_4_font=&#8221;Lato|700|||||||&#8221; header_4_font_size=&#8221;20px&#8221; custom_margin=&#8221;||1px||false|false&#8221; locked=&#8221;off&#8221; global_colors_info=&#8221;{}&#8221;]<\/p>\n<h4 class=\"kt-adv-heading_af3115-44 wp-block-kadence-advancedheading\" data-kb-block=\"kb-adv-heading_af3115-44\">ALSUR SPAIN<\/h4>\n<p>[\/et_pb_text][dsm_icon_list list_space_between=&#8221;10px&#8221; _builder_version=&#8221;4.20.4&#8243; _module_preset=&#8221;default&#8221; text_text_color=&#8221;#727176&#8243; custom_padding=&#8221;|||20px|false|false&#8221; global_colors_info=&#8221;{}&#8221;][dsm_icon_list_child text=&#8221;Carretera de C\u00f3rdoba-M\u00e1laga, km.520 29200 Antequera, M\u00e1laga, Espa\u00f1a.&#8221; font_icon=&#8221;&#xe081;||divi||400&#8243; icon_color=&#8221;#1d4f2b&#8221; icon_font_size=&#8221;20px&#8221; url=&#8221;https:\/\/www.google.com\/maps\/place\/ALSUR+-+SOLA+DE+ANTEQUERA,+S.A.\/@37.0560304,-4.5644372,17z\/data=!3m1!4b1!4m6!3m5!1s0xd728fde2b3e7703:0x1177427e3572a3d4!8m2!3d37.0560261!4d-4.5618623!16s%2Fg%2F11xk1x24s?hl=es&#038;entry=ttu&#8221; url_new_window=&#8221;on&#8221; _builder_version=&#8221;4.20.4&#8243; _module_preset=&#8221;default&#8221; text_font=&#8221;Lato||||||||&#8221; text_font_size=&#8221;16px&#8221; global_colors_info=&#8221;{}&#8221;][\/dsm_icon_list_child][dsm_icon_list_child text=&#8221;alsur@grupoalsur.com&#8221; font_icon=&#8221;&#xf0e0;||fa||400&#8243; icon_color=&#8221;#1d4f2b&#8221; icon_font_size=&#8221;20px&#8221; _builder_version=&#8221;4.20.4&#8243; _module_preset=&#8221;default&#8221; text_font=&#8221;Lato||||||||&#8221; text_font_size=&#8221;16px&#8221; global_colors_info=&#8221;{}&#8221;][\/dsm_icon_list_child][\/dsm_icon_list][et_pb_text _builder_version=&#8221;4.20.2&#8243; _module_preset=&#8221;default&#8221; header_2_font=&#8221;Lato|900|||||||&#8221; header_2_text_color=&#8221;#727176&#8243; header_2_font_size=&#8221;30px&#8221; header_4_font=&#8221;Lato|700|||||||&#8221; header_4_font_size=&#8221;20px&#8221; custom_margin=&#8221;||1px||false|false&#8221; locked=&#8221;off&#8221; global_colors_info=&#8221;{}&#8221;]<\/p>\n<h4 class=\"kt-adv-heading_be6e13-e9 wp-block-kadence-advancedheading\" data-kb-block=\"kb-adv-heading_be6e13-e9\">ALSUR PERU. AREQUIPA<\/h4>\n<p>[\/et_pb_text][dsm_icon_list list_space_between=&#8221;10px&#8221; _builder_version=&#8221;4.20.4&#8243; _module_preset=&#8221;default&#8221; custom_padding=&#8221;|||20px|false|false&#8221; global_colors_info=&#8221;{}&#8221;][dsm_icon_list_child text=&#8221;MZ Q Lotes 1-5 Sector Pecuario II Sabandia. Arequipa. Peru&#8221; font_icon=&#8221;&#xe081;||divi||400&#8243; icon_color=&#8221;#1d4f2b&#8221; icon_font_size=&#8221;20px&#8221; url=&#8221;https:\/\/www.google.com\/maps\/search\/MZ+Q+Lotes+1-5+Sector+Pecuario+II+Sabandia.+Arequipa.+Peru\/@-16.4555121,-71.5015461,13.25z?hl=es&#038;entry=ttu&#8221; url_new_window=&#8221;on&#8221; _builder_version=&#8221;4.20.4&#8243; _module_preset=&#8221;default&#8221; text_font=&#8221;Lato||||||||&#8221; text_text_color=&#8221;#727176&#8243; text_font_size=&#8221;16px&#8221; global_colors_info=&#8221;{}&#8221;][\/dsm_icon_list_child][dsm_icon_list_child text=&#8221;alsur@grupoalsur.com&#8221; font_icon=&#8221;&#xf0e0;||fa||400&#8243; icon_color=&#8221;#1d4f2b&#8221; icon_font_size=&#8221;20px&#8221; _builder_version=&#8221;4.20.4&#8243; _module_preset=&#8221;default&#8221; text_font=&#8221;Lato||||||||&#8221; text_font_size=&#8221;16px&#8221; global_colors_info=&#8221;{}&#8221;][\/dsm_icon_list_child][\/dsm_icon_list][et_pb_text _builder_version=&#8221;4.20.2&#8243; _module_preset=&#8221;default&#8221; header_2_font=&#8221;Lato|900|||||||&#8221; header_2_text_color=&#8221;#727176&#8243; header_2_font_size=&#8221;30px&#8221; header_4_font=&#8221;Lato|700|||||||&#8221; header_4_font_size=&#8221;20px&#8221; custom_margin=&#8221;||1px||false|false&#8221; locked=&#8221;off&#8221; global_colors_info=&#8221;{}&#8221;]<\/p>\n<h4 class=\"kt-adv-heading_68b08d-61 wp-block-kadence-advancedheading\" data-kb-block=\"kb-adv-heading_68b08d-61\">ALSUR PERU CUSCO<\/h4>\n<p>[\/et_pb_text][dsm_icon_list list_space_between=&#8221;10px&#8221; _builder_version=&#8221;4.20.4&#8243; _module_preset=&#8221;default&#8221; custom_padding=&#8221;|||20px|false|false&#8221; global_colors_info=&#8221;{}&#8221;][dsm_icon_list_child text=&#8221;Urbanizaci\u00f3n Tres Reyes S\/N Markjo Distrito y Provincia de Anta. Cusco. Peru.&#8221; font_icon=&#8221;&#xe081;||divi||400&#8243; icon_color=&#8221;#1d4f2b&#8221; icon_font_size=&#8221;20px&#8221; url=&#8221;https:\/\/www.google.com\/maps\/search\/Urbanizaci%C3%B3n+Tres+Reyes+S%2FN+Markjo+Distrito+y+Provincia+de+Anta.+Cusco.+Peru.\/@-13.4949722,-72.4697438,10.75z?hl=es&#038;entry=ttu&#8221; url_new_window=&#8221;on&#8221; _builder_version=&#8221;4.20.4&#8243; _module_preset=&#8221;default&#8221; text_font=&#8221;Lato||||||||&#8221; text_text_color=&#8221;#727176&#8243; text_font_size=&#8221;16px&#8221; global_colors_info=&#8221;{}&#8221;][\/dsm_icon_list_child][dsm_icon_list_child text=&#8221;alsur@grupoalsur.com&#8221; font_icon=&#8221;&#xf0e0;||fa||400&#8243; icon_color=&#8221;#1d4f2b&#8221; icon_font_size=&#8221;20px&#8221; _builder_version=&#8221;4.20.4&#8243; _module_preset=&#8221;default&#8221; text_font=&#8221;Lato||||||||&#8221; text_font_size=&#8221;16px&#8221; global_colors_info=&#8221;{}&#8221;][\/dsm_icon_list_child][\/dsm_icon_list][et_pb_text _builder_version=&#8221;4.20.2&#8243; _module_preset=&#8221;default&#8221; header_2_font=&#8221;Lato|900|||||||&#8221; header_2_text_color=&#8221;#727176&#8243; header_2_font_size=&#8221;30px&#8221; header_4_font=&#8221;Lato|700|||||||&#8221; header_4_font_size=&#8221;20px&#8221; custom_margin=&#8221;||1px||false|false&#8221; locked=&#8221;off&#8221; global_colors_info=&#8221;{}&#8221;]<\/p>\n<h4 class=\"kt-adv-heading_429529-f3 wp-block-kadence-advancedheading\" data-kb-block=\"kb-adv-heading_429529-f3\">ALSUR USA INC<\/h4>\n<p>[\/et_pb_text][dsm_icon_list list_space_between=&#8221;10px&#8221; _builder_version=&#8221;4.24.0&#8243; _module_preset=&#8221;default&#8221; custom_padding=&#8221;|||20px|false|false&#8221; hover_enabled=&#8221;0&#8243; global_colors_info=&#8221;{}&#8221; sticky_enabled=&#8221;0&#8243;][dsm_icon_list_child text=&#8221;10089 Willow Creek Road, Suite 200 San Diego, CA 92131&#8243; font_icon=&#8221;&#xe081;||divi||400&#8243; icon_color=&#8221;#1d4f2b&#8221; icon_font_size=&#8221;20px&#8221; url=&#8221;https:\/\/www.google.com\/maps\/search\/22211+IH+10+W+Suite+1206+San+Antonio+TX78257USA\/@29.648796,-98.6260447,17.75z?hl=es&#038;entry=ttu&#8221; url_new_window=&#8221;on&#8221; _builder_version=&#8221;4.24.0&#8243; _module_preset=&#8221;default&#8221; text_font=&#8221;Lato||||||||&#8221; text_text_color=&#8221;#5C5C5C&#8221; text_font_size=&#8221;16px&#8221; hover_enabled=&#8221;0&#8243; global_colors_info=&#8221;{}&#8221; sticky_enabled=&#8221;0&#8243;][\/dsm_icon_list_child][dsm_icon_list_child text=&#8221;alsur@grupoalsur.com&#8221; font_icon=&#8221;&#xf0e0;||fa||400&#8243; icon_color=&#8221;#1d4f2b&#8221; icon_font_size=&#8221;20px&#8221; _builder_version=&#8221;4.20.4&#8243; _module_preset=&#8221;default&#8221; text_font=&#8221;Lato||||||||&#8221; text_font_size=&#8221;16px&#8221; global_colors_info=&#8221;{}&#8221;][\/dsm_icon_list_child][\/dsm_icon_list][\/et_pb_column][et_pb_column type=&#8221;1_2&#8243; _builder_version=&#8221;4.20.2&#8243; _module_preset=&#8221;default&#8221; animation_style=&#8221;slide&#8221; global_colors_info=&#8221;{}&#8221;][wpforms_selector form_id=&#8221;215&#8243; _builder_version=&#8221;4.20.2&#8243; _module_preset=&#8221;default&#8221; global_colors_info=&#8221;{}&#8221;][\/wpforms_selector][\/et_pb_column][\/et_pb_row][\/et_pb_section]<\/p>\n","protected":false},"excerpt":{"rendered":"<p>CONTACTALSUR SPAIN<div class=\"et_pb_module dsm_icon_list dsm_icon_list_0\">\n\t\t\t\t\n\t\t\t\t\n\t\t\t\t\n\t\t\t\t\n\t\t\t\t\n\t\t\t\t\n\t\t\t\t<div class=\"et_pb_module_inner\">\n\t\t\t\t\t<ul class=\"dsm_icon_list_items dsm_icon_list_ltr_direction dsm_icon_list_layout_vertical\"><li class=\"dsm_icon_list_child dsm_icon_list_child_0\">\n\t\t\t\t\n\t\t\t\t\n\t\t\t\t\n\t\t\t\t\n\t\t\t\t<a href=\"https:\/\/www.google.com\/maps\/place\/ALSUR+-+SOLA+DE+ANTEQUERA,+S.A.\/@37.0560304,-4.5644372,17z\/data=!3m1!4b1!4m6!3m5!1s0xd728fde2b3e7703:0x1177427e3572a3d4!8m2!3d37.0560261!4d-4.5618623!16s%2Fg%2F11xk1x24s?hl=es&#038;entry=ttu\" target=\"_blank\"><span class=\"dsm_icon_list_wrapper\"><span class=\"dsm_icon_list_icon\">\ue081<\/span><\/span><span class=\"dsm_icon_list_text\">Carretera de C\u00f3rdoba-M\u00e1laga, km.520 29200 Antequera, M\u00e1laga, Espa\u00f1a.<\/span><\/a>\n\t\t\t<\/li><li class=\"dsm_icon_list_child dsm_icon_list_child_1\">\n\t\t\t\t\n\t\t\t\t\n\t\t\t\t\n\t\t\t\t\n\t\t\t\t<span class=\"dsm_icon_list_wrapper\"><span class=\"dsm_icon_list_icon\">\uf0e0<\/span><\/span><span class=\"dsm_icon_list_text\">alsur@grupoalsur.com<\/span>\n\t\t\t<\/li><\/ul>\n\t\t\t\t<\/div>\n\t\t\t<\/div>ALSUR PERU. AREQUIPA<div class=\"et_pb_module dsm_icon_list dsm_icon_list_1\">\n\t\t\t\t\n\t\t\t\t\n\t\t\t\t\n\t\t\t\t\n\t\t\t\t\n\t\t\t\t\n\t\t\t\t<div class=\"et_pb_module_inner\">\n\t\t\t\t\t<ul class=\"dsm_icon_list_items dsm_icon_list_ltr_direction dsm_icon_list_layout_vertical\"><\/ul>\n\t\t\t\t<\/div>\n\t\t\t<\/div><li class=\"dsm_icon_list_child dsm_icon_list_child_2\">\n\t\t\t\t\n\t\t\t\t\n\t\t\t\t\n\t\t\t\t\n\t\t\t\t<span class=\"dsm_icon_list_wrapper\"><span class=\"dsm_icon_list_icon\"><\/span><\/span><span class=\"dsm_icon_list_text\">&#8221;MZ<\/span>\n\t\t\t<\/li><\/p>\n","protected":false},"author":2,"featured_media":0,"parent":0,"menu_order":0,"comment_status":"closed","ping_status":"closed","template":"","meta":{"_et_pb_use_builder":"on","_et_pb_old_content":"","_et_gb_content_width":"","footnotes":""},"class_list":["post-1755","page","type-page","status-publish","hentry"],"yoast_head":"<!-- This site is optimized with the Yoast SEO plugin v27.3 - https:\/\/yoast.com\/product\/yoast-seo-wordpress\/ -->\n<title>Contact - Grupo Alsur<\/title>\n<meta name=\"description\" content=\"We are in contact. Do not hesitate to send us any type of query, we will answer you as soon as possible.\" \/>\n<meta name=\"robots\" content=\"index, follow, max-snippet:-1, max-image-preview:large, max-video-preview:-1\" \/>\n<link rel=\"canonical\" href=\"https:\/\/grupoalsur.com\/en\/contact\/\" \/>\n<meta property=\"og:locale\" content=\"en_US\" \/>\n<meta property=\"og:type\" content=\"article\" \/>\n<meta property=\"og:title\" content=\"Contact - Grupo Alsur\" \/>\n<meta property=\"og:description\" content=\"We are in contact. Do not hesitate to send us any type of query, we will answer you as soon as possible.\" \/>\n<meta property=\"og:url\" content=\"https:\/\/grupoalsur.com\/en\/contact\/\" \/>\n<meta property=\"og:site_name\" content=\"Grupo Alsur\" \/>\n<meta property=\"article:modified_time\" content=\"2024-02-14T09:51:51+00:00\" \/>\n<meta name=\"twitter:card\" content=\"summary_large_image\" \/>\n<meta name=\"twitter:label1\" content=\"Est. reading time\" \/>\n\t<meta name=\"twitter:data1\" content=\"5 minutes\" \/>\n<script type=\"application\/ld+json\" class=\"yoast-schema-graph\">{\"@context\":\"https:\\\/\\\/schema.org\",\"@graph\":[{\"@type\":\"WebPage\",\"@id\":\"https:\\\/\\\/grupoalsur.com\\\/en\\\/contact\\\/\",\"url\":\"https:\\\/\\\/grupoalsur.com\\\/en\\\/contact\\\/\",\"name\":\"Contact - Grupo Alsur\",\"isPartOf\":{\"@id\":\"https:\\\/\\\/grupoalsur.com\\\/en\\\/#website\"},\"datePublished\":\"2023-03-16T14:21:14+00:00\",\"dateModified\":\"2024-02-14T09:51:51+00:00\",\"description\":\"We are in contact. Do not hesitate to send us any type of query, we will answer you as soon as possible.\",\"breadcrumb\":{\"@id\":\"https:\\\/\\\/grupoalsur.com\\\/en\\\/contact\\\/#breadcrumb\"},\"inLanguage\":\"en-US\",\"potentialAction\":[{\"@type\":\"ReadAction\",\"target\":[\"https:\\\/\\\/grupoalsur.com\\\/en\\\/contact\\\/\"]}]},{\"@type\":\"BreadcrumbList\",\"@id\":\"https:\\\/\\\/grupoalsur.com\\\/en\\\/contact\\\/#breadcrumb\",\"itemListElement\":[{\"@type\":\"ListItem\",\"position\":1,\"name\":\"Portada\",\"item\":\"https:\\\/\\\/grupoalsur.com\\\/en\\\/\"},{\"@type\":\"ListItem\",\"position\":2,\"name\":\"Contact\"}]},{\"@type\":\"WebSite\",\"@id\":\"https:\\\/\\\/grupoalsur.com\\\/en\\\/#website\",\"url\":\"https:\\\/\\\/grupoalsur.com\\\/en\\\/\",\"name\":\"Grupo Alsur\",\"description\":\"La agricultura est\u00e1 en nuestras raices\",\"potentialAction\":[{\"@type\":\"SearchAction\",\"target\":{\"@type\":\"EntryPoint\",\"urlTemplate\":\"https:\\\/\\\/grupoalsur.com\\\/en\\\/?s={search_term_string}\"},\"query-input\":{\"@type\":\"PropertyValueSpecification\",\"valueRequired\":true,\"valueName\":\"search_term_string\"}}],\"inLanguage\":\"en-US\"}]}<\/script>\n<!-- \/ Yoast SEO plugin. -->","yoast_head_json":{"title":"Contact - Grupo Alsur","description":"We are in contact. Do not hesitate to send us any type of query, we will answer you as soon as possible.","robots":{"index":"index","follow":"follow","max-snippet":"max-snippet:-1","max-image-preview":"max-image-preview:large","max-video-preview":"max-video-preview:-1"},"canonical":"https:\/\/grupoalsur.com\/en\/contact\/","og_locale":"en_US","og_type":"article","og_title":"Contact - Grupo Alsur","og_description":"We are in contact. Do not hesitate to send us any type of query, we will answer you as soon as possible.","og_url":"https:\/\/grupoalsur.com\/en\/contact\/","og_site_name":"Grupo Alsur","article_modified_time":"2024-02-14T09:51:51+00:00","twitter_card":"summary_large_image","twitter_misc":{"Est. reading time":"5 minutes"},"schema":{"@context":"https:\/\/schema.org","@graph":[{"@type":"WebPage","@id":"https:\/\/grupoalsur.com\/en\/contact\/","url":"https:\/\/grupoalsur.com\/en\/contact\/","name":"Contact - Grupo Alsur","isPartOf":{"@id":"https:\/\/grupoalsur.com\/en\/#website"},"datePublished":"2023-03-16T14:21:14+00:00","dateModified":"2024-02-14T09:51:51+00:00","description":"We are in contact. Do not hesitate to send us any type of query, we will answer you as soon as possible.","breadcrumb":{"@id":"https:\/\/grupoalsur.com\/en\/contact\/#breadcrumb"},"inLanguage":"en-US","potentialAction":[{"@type":"ReadAction","target":["https:\/\/grupoalsur.com\/en\/contact\/"]}]},{"@type":"BreadcrumbList","@id":"https:\/\/grupoalsur.com\/en\/contact\/#breadcrumb","itemListElement":[{"@type":"ListItem","position":1,"name":"Portada","item":"https:\/\/grupoalsur.com\/en\/"},{"@type":"ListItem","position":2,"name":"Contact"}]},{"@type":"WebSite","@id":"https:\/\/grupoalsur.com\/en\/#website","url":"https:\/\/grupoalsur.com\/en\/","name":"Grupo Alsur","description":"La agricultura est\u00e1 en nuestras raices","potentialAction":[{"@type":"SearchAction","target":{"@type":"EntryPoint","urlTemplate":"https:\/\/grupoalsur.com\/en\/?s={search_term_string}"},"query-input":{"@type":"PropertyValueSpecification","valueRequired":true,"valueName":"search_term_string"}}],"inLanguage":"en-US"}]}},"_links":{"self":[{"href":"https:\/\/grupoalsur.com\/en\/wp-json\/wp\/v2\/pages\/1755","targetHints":{"allow":["GET"]}}],"collection":[{"href":"https:\/\/grupoalsur.com\/en\/wp-json\/wp\/v2\/pages"}],"about":[{"href":"https:\/\/grupoalsur.com\/en\/wp-json\/wp\/v2\/types\/page"}],"author":[{"embeddable":true,"href":"https:\/\/grupoalsur.com\/en\/wp-json\/wp\/v2\/users\/2"}],"replies":[{"embeddable":true,"href":"https:\/\/grupoalsur.com\/en\/wp-json\/wp\/v2\/comments?post=1755"}],"version-history":[{"count":12,"href":"https:\/\/grupoalsur.com\/en\/wp-json\/wp\/v2\/pages\/1755\/revisions"}],"predecessor-version":[{"id":2420,"href":"https:\/\/grupoalsur.com\/en\/wp-json\/wp\/v2\/pages\/1755\/revisions\/2420"}],"wp:attachment":[{"href":"https:\/\/grupoalsur.com\/en\/wp-json\/wp\/v2\/media?parent=1755"}],"curies":[{"name":"wp","href":"https:\/\/api.w.org\/{rel}","templated":true}]}}