{"id":2017,"date":"2023-08-07T17:26:26","date_gmt":"2023-08-07T17:26:26","guid":{"rendered":"https:\/\/grupoalsur.com\/politicas-de-privacidad-2\/"},"modified":"2023-09-20T10:52:53","modified_gmt":"2023-09-20T10:52:53","slug":"politicas-de-privacidad-2","status":"publish","type":"page","link":"https:\/\/grupoalsur.com\/de\/politicas-de-privacidad-2\/","title":{"rendered":"Pol\u00edticas de Privacidad"},"content":{"rendered":"<p>[et_pb_section fb_built=&#8220;1&#8243; _builder_version=&#8220;4.20.4&#8243; _module_preset=&#8220;default&#8220; da_disable_devices=&#8220;off|off|off&#8220; global_colors_info=&#8220;{}&#8220; da_is_popup=&#8220;off&#8220; da_exit_intent=&#8220;off&#8220; da_has_close=&#8220;on&#8220; da_alt_close=&#8220;off&#8220; da_dark_close=&#8220;off&#8220; da_not_modal=&#8220;on&#8220; da_is_singular=&#8220;off&#8220; da_with_loader=&#8220;off&#8220; da_has_shadow=&#8220;on&#8220;][et_pb_row _builder_version=&#8220;4.20.4&#8243; _module_preset=&#8220;default&#8220; global_colors_info=&#8220;{}&#8220;][et_pb_column type=&#8220;4_4&#8243; _builder_version=&#8220;4.20.4&#8243; _module_preset=&#8220;default&#8220; global_colors_info=&#8220;{}&#8220;][et_pb_text _builder_version=&#8220;4.22.1&#8243; _module_preset=&#8220;default&#8220; text_font=&#8220;marat||||||||&#8220; text_text_color=&#8220;#006e33&#8243; text_font_size=&#8220;40px&#8220; text_line_height=&#8220;40px&#8220; hover_enabled=&#8220;0&#8243; global_colors_info=&#8220;{}&#8220; sticky_enabled=&#8220;0&#8243;]<\/p>\n<p><b>Datenschutzrichtlinie<\/b><\/p>\n<p>[\/et_pb_text][et_pb_text _builder_version=&#8220;4.22.1&#8243; _module_preset=&#8220;default&#8220; text_font=&#8220;Lato||||||||&#8220; text_font_size=&#8220;18px&#8220; text_line_height=&#8220;24px&#8220; hover_enabled=&#8220;0&#8243; global_colors_info=&#8220;{}&#8220; sticky_enabled=&#8220;0&#8243;]<\/p>\n<p><span style=\"font-weight: 400;\">Dieser Rechtstext gibt Auskunft dar\u00fcber, wie wir Ihre personenbezogenen Daten durch die Nutzung unserer Website https:\/\/grupoalsur.com\/ erfassen und verarbeiten, einschlie\u00dflich aller Informationen, die Sie uns \u00fcber die Website zur Verf\u00fcgung stellen, wenn Sie Ihre Daten \u00fcber das daf\u00fcr vorgesehene Formular \u00fcbermitteln.\u00a0<\/span><\/p>\n<p><span style=\"font-weight: 400;\">Mit der \u00dcbermittlung Ihrer Daten an uns werden Sie darauf hingewiesen, dass wir unsere Dienstleistungen nur f\u00fcr Personen erbringen k\u00f6nnen, die in der Lage sind, ihre Zustimmung zu erteilen. Wenn Sie uns also die Formulare zusenden, versichern Sie uns, dass Sie \u00fcber ausreichende Kapazit\u00e4ten verf\u00fcgen, um Ihre Zustimmung zu geben.\u00a0<\/span><\/p>\n<p><span style=\"font-weight: 400;\">Im Folgenden informieren wir Sie \u00fcber die Datenschutzrichtlinie von: <\/span><b>GRUPO ALSUR<\/b><b> und ihren Tochtergesellschaften, wie Sie aus Anhang I entnehmen k\u00f6nnen.<\/b><\/p>\n<ol>\n<li><b> F\u00fcr die Verarbeitung Verantwortlicher<\/b><\/li>\n<\/ol>\n<p><span style=\"font-weight: 400;\">Kontaktinformationen des Verantwortlichen:\u00a0<\/span><\/p>\n<p><b>GRUPO ALSUR<\/b><span style=\"font-weight: 400;\">, mit Sitz in: Ctra. C\u00f3rdoba-M\u00e1laga km. 520, apt 141 29200 Antequera M\u00e1laga und Tel.: 952840762. E-Mail: alsur@grupoalsur.com<\/span><\/p>\n<p><b>GRUPO ALSUR<\/b><span style=\"font-weight: 400;\"> ist der Verantwortliche f\u00fcr Ihre Daten. (Im Folgenden \u201ewir\u201c oder \u201euns\u201c oder \u201eunser\u201c).<\/span><b>\u00a0<\/b><\/p>\n<ol start=\"2\">\n<li><b> Welche Daten erfassen wir?\u00a0<\/b><\/li>\n<\/ol>\n<p><span style=\"font-weight: 400;\">Die Datenschutz-Grundverordnung (DSGVO) definiert <\/span><b>personenbezogene Daten<\/b><span style=\"font-weight: 400;\"> als alle Informationen \u00fcber eine identifizierte oder identifizierbare nat\u00fcrliche Person, d.\u00a0h. alle Informationen, die zur Identifizierung einer Person geeignet sind. Dazu geh\u00f6ren weder anonymisierte noch prozentuale Daten.\u00a0<\/span><\/p>\n<p><span style=\"font-weight: 400;\">Die personenbezogenen Daten, die direkt von der betroffenen Person erhoben werden k\u00f6nnen, werden vertraulich behandelt und in die entsprechenden Verarbeitungsaktivit\u00e4ten von <\/span><b>GRUPO ALSUR<\/b><span style=\"font-weight: 400;\"> einbezogen.<\/span><\/p>\n<p><span style=\"font-weight: 400;\">Auf unserer Website k\u00f6nnen wir bestimmte Arten von personenbezogenen Daten verarbeiten, unter anderem:<\/span><\/p>\n<ul>\n<li style=\"font-weight: 400;\" aria-level=\"1\"><span style=\"font-weight: 400;\">Identifikationsdaten: Vorname und Nachname<\/span><\/li>\n<li style=\"font-weight: 400;\" aria-level=\"1\"><span style=\"font-weight: 400;\">Kontaktangaben: E-Mail und Telefon<\/span><\/li>\n<\/ul>\n<p><span style=\"font-weight: 400;\">Wir erfassen keine Daten, die sich auf besondere Kategorien personenbezogener Daten beziehen (solche, die Aufschluss \u00fcber Ihre ethnische oder rassische Herkunft, politische Meinungen, religi\u00f6se oder philosophische \u00dcberzeugungen, Gewerkschaftszugeh\u00f6rigkeit und Informationen \u00fcber Ihre Gesundheit, genetische oder biometrische Daten geben).\u00a0<\/span><\/p>\n<p><span style=\"font-weight: 400;\">Sollten Sie gesetzlich oder im Rahmen eines Vertrags zwischen uns verpflichtet sein, uns personenbezogene Daten zu \u00fcbermitteln, und Sie weigern sich, uns diese Daten zur Verf\u00fcgung zu stellen, sind wir m\u00f6glicherweise nicht in der Lage, den Vertrag zu erf\u00fcllen bzw. die Dienstleistung zu erbringen, weshalb Sie uns im Voraus dar\u00fcber informieren sollten.\u00a0\u00a0<\/span><\/p>\n<ol start=\"3\">\n<li><b> Wie erfassen wir Ihre personenbezogenen Daten?\u00a0<\/b><\/li>\n<\/ol>\n<p><span style=\"font-weight: 400;\">Wir erheben personenbezogene Daten auf folgende Weise:<\/span><\/p>\n<ul>\n<li aria-level=\"1\"><b>\u00dcber das Formular auf unserer Website, \u00fcber unsere Kontakt-E-Mail, per Telefon oder Post, wenn:<\/b><\/li>\n<\/ul>\n<ul>\n<ul>\n<li style=\"font-weight: 400;\" aria-level=\"2\"><span style=\"font-weight: 400;\">Sie Informationen \u00fcber unsere Produkte anfordern\u00a0<\/span><\/li>\n<\/ul>\n<\/ul>\n<p>&nbsp;<\/p>\n<p><span style=\"font-weight: 400;\">Um die Qualit\u00e4t unseres Portals zu gew\u00e4hrleisten, behalten wir uns das <\/span><b>Recht vor, jeden Antrag auf Registrierung abzulehnen<\/b><span style=\"font-weight: 400;\"> oder eine bereits akzeptierte Registrierung auszusetzen oder zu stornieren, wenn wir der Meinung sind, dass sie nicht mit diesen Anforderungen oder einem anderen Gesetz oder einer Verordnung vereinbar ist. In einem solchen Fall werden wir versuchen, unsere Entscheidung zu begr\u00fcnden, was jedoch eventuell nicht in allen F\u00e4llen m\u00f6glich <\/span><span style=\"font-weight: 400;\">ist.<\/span><\/p>\n<p>&nbsp;<\/p>\n<ol start=\"4\">\n<li><b> Zweck und Rechtm\u00e4\u00dfigkeit der Verwendung Ihrer Daten\u00a0<\/b><\/li>\n<\/ol>\n<p><span style=\"font-weight: 400;\">Die h\u00e4ufigsten Verwendungszwecke Ihrer personenbezogenen Daten sind folgende:<\/span><\/p>\n<ul>\n<li style=\"font-weight: 400;\" aria-level=\"1\"><span style=\"font-weight: 400;\">F\u00fcr den Abschluss eines Vertrags zwischen <\/span><b>GRUPO ALSUR<\/b><span style=\"font-weight: 400;\"> und Ihnen.<\/span><\/li>\n<li style=\"font-weight: 400;\" aria-level=\"1\"><span style=\"font-weight: 400;\">Wenn Sie der Verarbeitung Ihrer Daten zustimmen.<\/span><\/li>\n<li style=\"font-weight: 400;\" aria-level=\"1\"><span style=\"font-weight: 400;\">Wenn wir sie ben\u00f6tigen, um einer gesetzlichen oder beh\u00f6rdlichen Verpflichtung nachzukommen.<\/span><\/li>\n<li style=\"font-weight: 400;\" aria-level=\"1\"><span style=\"font-weight: 400;\">Wenn dies f\u00fcr unser berechtigtes Interesse oder das eines Dritten erforderlich ist.\u00a0<\/span><\/li>\n<\/ul>\n<p><span style=\"font-weight: 400;\">Sie k\u00f6nnen die erteilte Zustimmung jederzeit widerrufen, indem Sie eine E-Mail an alsur@grupoalsur.com senden oder den Abschnitt \u00fcber die Aus\u00fcbung Ihrer Rechte unten zu Rate ziehen.<\/span><\/p>\n<p><span style=\"font-weight: 400;\">Aus der nachstehenden Tabelle geht hervor, auf welche Weise wir Ihre personenbezogenen Daten verwenden und inwieweit dies rechtm\u00e4\u00dfig ist, und welche personenbezogenen Daten wir verarbeiten werden. Es ist m\u00f6glich, dass wir einige personenbezogene Daten aus zus\u00e4tzlichen rechtlichen Gr\u00fcnden verarbeiten. Wenn Sie Einzelheiten dazu ben\u00f6tigen, senden Sie bitte eine E-Mail an alsur@grupoalsur.com.<\/span><\/p>\n<table>\n<tbody>\n<tr>\n<td>\n<p><b>Formular<\/b><\/p>\n<\/td>\n<td>\n<p><b>Zweck<\/b><\/p>\n<\/td>\n<td>\n<p><b>Art der Daten<\/b><\/p>\n<\/td>\n<td>\n<p><b>Rechtm\u00e4\u00dfigkeit der Verarbeitung<\/b><\/p>\n<\/td>\n<\/tr>\n<tr>\n<td>\n<p><span style=\"font-weight: 400;\">Kontakt<\/span><\/p>\n<\/td>\n<td>\n<p><span style=\"font-weight: 400;\">Der Zweck ist die Verwaltung von Kontakten und Informationsanfragen, die wir \u00fcber die Website erhalten.<\/span><\/p>\n<\/td>\n<td>\n<ul>\n<li style=\"font-weight: 400;\" aria-level=\"1\"><span style=\"font-weight: 400;\">Vorname<\/span><\/li>\n<li style=\"font-weight: 400;\" aria-level=\"1\"><span style=\"font-weight: 400;\">Nachname<\/span><\/li>\n<li style=\"font-weight: 400;\" aria-level=\"1\"><span style=\"font-weight: 400;\">E-Mail<\/span><\/li>\n<li style=\"font-weight: 400;\" aria-level=\"1\"><span style=\"font-weight: 400;\">Telefon<\/span><\/li>\n<\/ul>\n<\/td>\n<td>\n<p><span style=\"font-weight: 400;\">Einwilligung der betroffenen Person (Art.\u00a06.1.a DSGVO)<\/span><\/p>\n<\/p>\n<p><span style=\"font-weight: 400;\">Vorvertragliche Ma\u00dfnahmen (Art.\u00a06.1.b DSGVO)<\/span><\/p>\n<p><span style=\"font-weight: 400;\">Die Verarbeitung ist zur Wahrung der berechtigten Interessen des f\u00fcr die Verarbeitung Verantwortlichen erforderlich (Art.\u00a06.1f DSGVO).<\/span><\/p>\n<\/td>\n<\/tr>\n<\/tbody>\n<\/table>\n<p><b>Zweck<\/b><span style=\"font-weight: 400;\">: Wir verwenden Ihre Daten nur f\u00fcr die Zwecke, f\u00fcr die wir sie erheben, es sei denn, wir sind nach vern\u00fcnftigem Ermessen der Ansicht, dass wir sie f\u00fcr einen anderen Zweck verwenden sollten. In diesem Fall benachrichtigen wir Sie im Voraus, damit Sie \u00fcber den rechtm\u00e4\u00dfigen Grund f\u00fcr die Verarbeitung informiert sind, immer vorausgesetzt, dass der Zweck mit dem urspr\u00fcnglichen Verarbeitungszweck vereinbar ist.\u00a0<\/span><\/p>\n<ol start=\"5\">\n<li><b> Wie lange werden wir Ihre Daten aufbewahren?<\/b><\/li>\n<\/ol>\n<p><span style=\"font-weight: 400;\">Ihre Daten werden so lange aufbewahrt, wie es zur Erf\u00fcllung des Zwecks, f\u00fcr den sie erhoben wurden, und zur Feststellung etwaiger Verpflichtungen, die sich aus diesem Zweck und der Verarbeitung der Daten m\u00f6glicherweise ergeben, erforderlich ist. Es gelten die Bestimmungen der verschiedenen Verordnungen \u00fcber die Aufbewahrungsfrist, soweit sie auf die vorliegende Verarbeitung Anwendung finden.<\/span><\/p>\n<p><b>Daten von Abonnenten per E-Mail oder Formular:<\/b><span style=\"font-weight: 400;\"> Ab dem Zeitpunkt, an dem sich der Nutzer anmeldet, bis zu seiner Abmeldung.\u00a0<\/span><\/p>\n<ol start=\"6\">\n<li><b> Minderj\u00e4hrige<\/b><\/li>\n<\/ol>\n<p><b>GRUPO ALSUR<\/b><span style=\"font-weight: 400;\"> gestattet Minderj\u00e4hrigen unter 14\u00a0Jahren nicht, ihre personenbezogenen Daten \u00fcber die auf dieser Website zur Verf\u00fcgung gestellten Methoden (Ausf\u00fcllen von Online-Formularen zur Anforderung von Dienstleistungen, Kontaktaufnahme oder Senden von E-Mails) zu \u00fcbermitteln. Personen, die auf diese Weise personenbezogene Daten \u00fcbermitteln, erkl\u00e4ren daher ausdr\u00fccklich, dass sie \u00fcber 14\u00a0Jahre alt sind, wobei <\/span><b>GRUPO ALSUR<\/b><span style=\"font-weight: 400;\"> keine Haftung f\u00fcr die Nichteinhaltung dieser Anforderung \u00fcbernimmt.<\/span><\/p>\n<p><span style=\"font-weight: 400;\">\u00a0\u00a0\u00a0<\/span><span style=\"font-weight: 400;\"><br \/><\/span><span style=\"font-weight: 400;\">Wenn Ihr minderj\u00e4hriges Kind <\/span><b>GRUPO ALSUR<\/b><span style=\"font-weight: 400;\"> personenbezogene Daten zur Verf\u00fcgung gestellt hat, setzen Sie sich bitte mit uns in Verbindung, um die Aus\u00fcbung der Ihnen zustehenden Rechte zu verlangen.<\/span><\/p>\n<p><span style=\"font-weight: 400;\">In den F\u00e4llen, in denen sich die von <\/span><b>GRUPO ALSUR<\/b><span style=\"font-weight: 400;\"> angebotenen Dienste an Minderj\u00e4hrige unter 14\u00a0Jahren richten, werden Methoden bereitgestellt, um die Genehmigung der Eltern oder Erziehungsberechtigten des Minderj\u00e4hrigen einzuholen.<\/span><\/p>\n<ol start=\"7\">\n<li><b> Aus\u00fcbung der Datenschutzrechte:<\/b><\/li>\n<\/ol>\n<p><b>Wie k\u00f6nnen diese Rechte ausge\u00fcbt werden?<\/b><span style=\"font-weight: 400;\"> Als Nutzer k\u00f6nnen Sie eine Mitteilung an den Firmensitz von <\/span><b>GRUPO ALSUR<\/b><span style=\"font-weight: 400;\"> oder an die E-Mail-Adresse alsur@grupoalsur.com senden. Bitte f\u00fcgen Sie in beiden F\u00e4llen eine Fotokopie Ihres Personalausweises oder eines anderen gleichwertigen Ausweises bei, um die Aus\u00fcbung folgender Rechte zu verlangen:<\/span><\/p>\n<ul>\n<li style=\"font-weight: 400;\" aria-level=\"1\"><b>Zugang<\/b><span style=\"font-weight: 400;\"> zu Ihren pers\u00f6nlichen Daten: Sie k\u00f6nnen bei <\/span><b>GRUPO ALSUR<\/b><span style=\"font-weight: 400;\"> anfragen, ob Ihre pers\u00f6nlichen Daten von dem Unternehmen verwendet werden.<\/span><\/li>\n<li style=\"font-weight: 400;\" aria-level=\"1\"><span style=\"font-weight: 400;\">Um deren <\/span><b>Berichtigung<\/b><span style=\"font-weight: 400;\"> zu verlangen, wenn sie nicht korrekt sind, oder das <\/span><b>Recht auf L\u00f6schung (Vergessenwerden)<\/b><span style=\"font-weight: 400;\"> hinsichtlich dieser Daten auszu\u00fcben.<\/span><\/li>\n<li style=\"font-weight: 400;\" aria-level=\"1\"><span style=\"font-weight: 400;\">Um die <\/span><b>Einschr\u00e4nkung der Verarbeitung<\/b><span style=\"font-weight: 400;\"> zu verlangen: In diesem Fall werden sie von <\/span><b>GRUPO ALSUR<\/b><span style=\"font-weight: 400;\"> nur zur Geltendmachung bzw. zur Verteidigung von Anspr\u00fcchen aufbewahrt.<\/span><\/li>\n<li style=\"font-weight: 400;\" aria-level=\"1\"><span style=\"font-weight: 400;\">Um der Verarbeitung der Daten zu <\/span><b>widersprechen<\/b><span style=\"font-weight: 400;\">: <\/span><b>GRUPO ALSUR<\/b><span style=\"font-weight: 400;\"> wird die Verarbeitung der Daten in der von Ihnen angegebenen Weise einstellen, es sei denn, sie m\u00fcssen aus berechtigten Gr\u00fcnden oder zur Geltendmachung oder Verteidigung m\u00f6glicher Anspr\u00fcche weiter verarbeitet werden.<\/span><\/li>\n<li style=\"font-weight: 400;\" aria-level=\"1\"><b>Daten\u00fcbertragbarkeit<\/b><span style=\"font-weight: 400;\">: Falls Sie w\u00fcnschen, dass Ihre Daten von einem anderen Unternehmen verarbeitet werden, wird <\/span><b>GRUPO ALSUR<\/b><span style=\"font-weight: 400;\"> die \u00dcbertragung Ihrer Daten auf den neuen Datenverantwortlichen erleichtern.\u00a0<\/span><\/li>\n<\/ul>\n<p><span style=\"font-weight: 400;\">Zur Aus\u00fcbung Ihrer oben genannten Rechte k\u00f6nnen Sie die Formulare verwenden, die Ihnen von der spanischen Datenschutzbeh\u00f6rde (AEPD) zur Verf\u00fcgung gestellt werden. Sie finden Sie <\/span><a href=\"https:\/\/www.aepd.es\/reglamento\/derechos\/index.html\"><span style=\"font-weight: 400;\">hier\u00a0<\/span><\/a><\/p>\n<p><span style=\"font-weight: 400;\">Beschwerde bei der AEPD: Wenn Sie der Meinung sind, dass es ein Problem mit der Verarbeitung Ihrer Daten durch <\/span><b>GRUPO ALSUR<\/b><span style=\"font-weight: 400;\"> gibt, k\u00f6nnen Sie sich an die entsprechende Aufsichtsbeh\u00f6rde wenden.<\/span> <span style=\"font-weight: 400;\">Die zust\u00e4ndige Beh\u00f6rde in Spanien ist die <\/span><a href=\"https:\/\/sedeagpd.gob.es\/sede-electronica-web\/vistas\/formNuevaReclamacion\/solicitudReclamacion.jsf;jsessionid=5085E2038B4210818633610065963C3E\"><span style=\"font-weight: 400;\">spanische Datenschutzbeh\u00f6rde.<\/span><\/a><\/p>\n<p><span style=\"font-weight: 400;\">Wir werden Sie um bestimmte Informationen bitten, die uns helfen, Ihre Identit\u00e4t zu best\u00e4tigen und Ihr Recht auf Zugang zu Ihren pers\u00f6nlichen Daten zu gew\u00e4hrleisten (oder eines der anderen oben genannten Rechte auszu\u00fcben). Dies ist eine Sicherheitsma\u00dfnahme, um sicherzustellen, dass personenbezogene Daten nur an Personen weitergegeben werden, die dazu berechtigt sind.\u00a0<\/span><\/p>\n<p><span style=\"font-weight: 400;\">Alle Anfragen werden von uns innerhalb der gesetzlich vorgeschriebenen Frist von einem Monat bearbeitet. Allerdings kann es auch l\u00e4nger als einen Monat dauern, wenn Ihre Anfrage besonders komplex ist. In diesem Fall werden wir Sie benachrichtigen und diesbez\u00fcglich auf dem Laufenden halten.\u00a0<\/span><\/p>\n<ol start=\"8\">\n<li><b> Datenweitergabe: Erbringung von Dienstleistungen<\/b><\/li>\n<\/ol>\n<p><span style=\"font-weight: 400;\">Im Rahmen unserer Arbeit ben\u00f6tigen wir m\u00f6glicherweise die Unterst\u00fctzung von Dritten, die die Daten nur zum Zweck der Erbringung der in Auftrag gegebenen Dienstleistung verarbeiten und mit denen wir geeignete Ma\u00dfnahmen zum Schutz Ihrer Rechte getroffen haben:<\/span><\/p>\n<ul>\n<li style=\"font-weight: 400;\" aria-level=\"1\"><span style=\"font-weight: 400;\">Dienstleister, die Dienstleistungen in den Bereichen Systemadministration und Informationstechnologie erbringen.<\/span><\/li>\n<li style=\"font-weight: 400;\" aria-level=\"1\"><span style=\"font-weight: 400;\">Professionelle Berater wie Rechtsanw\u00e4lte, Wirtschaftspr\u00fcfer und Versicherer, die Beratungsleistungen in den Bereichen Banken, Recht, Versicherungen und Buchhaltung erbringen.<\/span><\/li>\n<\/ul>\n<p><span style=\"font-weight: 400;\">Alle Auftragsverarbeiter, an die wir Ihre Daten weitergeben, respektieren die Sicherheit Ihrer personenbezogenen Daten und verarbeiten sie in \u00dcbereinstimmung mit der DSGVO.\u00a0<\/span><\/p>\n<p><span style=\"font-weight: 400;\">Wir erlauben diesen Auftragsverarbeitern nur, Ihre Daten f\u00fcr bestimmte Zwecke und gem\u00e4\u00df unseren Anweisungen zu verarbeiten. Im Sinne der Transparenzanforderungen k\u00f6nnen Sie jedoch eine Liste der Unternehmen anfordern, die f\u00fcr uns Dienstleistungen erbringen. Senden Sie dazu eine E-Mail an: alsur@grupoalsur.com.<\/span><\/p>\n<p>&nbsp;<\/p>\n<ol start=\"9\">\n<li><span style=\"font-weight: 400;\"><\/span><b> Datensicherheit<\/b><\/li>\n<\/ol>\n<p><span style=\"font-weight: 400;\">Wir haben angemessene Sicherheitsma\u00dfnahmen ergriffen, um den unbeabsichtigten Verlust, die unbefugte Nutzung oder den unbefugten Zugriff auf Ihre personenbezogenen Daten sowie deren \u00c4nderung oder Weitergabe zu verhindern. Dar\u00fcber hinaus beschr\u00e4nken wir den Zugriff auf Ihre personenbezogenen Daten auf diejenigen Mitarbeiter, Vertreter, Auftragnehmer und sonstige Dritte, die diese Daten aus gesch\u00e4ftlichen Gr\u00fcnden kennen m\u00fcssen. Sie werden Ihre personenbezogenen Daten nur in \u00dcbereinstimmung mit unseren Anweisungen verarbeiten und sind zur Vertraulichkeit verpflichtet.\u00a0<\/span><\/p>\n<p><span style=\"font-weight: 400;\">Wir haben Verfahren implementiert, um jeden mutma\u00dflichen Versto\u00df gegen Ihre personenbezogenen Daten zu verfolgen, und werden Sie und die Aufsichtsbeh\u00f6rde im Falle einer Verletzung der Sicherheit gem\u00e4\u00df Artikel\u00a033 und 34 der DSGVO benachrichtigen.\u00a0<\/span><\/p>\n<p>&nbsp;<\/p>\n<p>[\/et_pb_text][\/et_pb_column][\/et_pb_row][\/et_pb_section]<\/p>\n","protected":false},"excerpt":{"rendered":"<p>DatenschutzrichtlinieDieser Rechtstext gibt Auskunft dar\u00fcber, wie wir Ihre personenbezogenen Daten durch die Nutzung unserer Website https:\/\/grupoalsur.com\/ erfassen und verarbeiten, einschlie\u00dflich aller Informationen, die Sie uns \u00fcber die Website zur Verf\u00fcgung stellen, wenn Sie Ihre Daten \u00fcber das daf\u00fcr vorgesehene Formular \u00fcbermitteln.\u00a0 Mit der \u00dcbermittlung Ihrer Daten an uns werden Sie darauf hingewiesen, dass wir unsere [&hellip;]<\/p>\n","protected":false},"author":1,"featured_media":0,"parent":0,"menu_order":0,"comment_status":"closed","ping_status":"closed","template":"","meta":{"_et_pb_use_builder":"on","_et_pb_old_content":"","_et_gb_content_width":"","footnotes":""},"class_list":["post-2017","page","type-page","status-publish","hentry"],"yoast_head":"<!-- This site is optimized with the Yoast SEO plugin v27.3 - https:\/\/yoast.com\/product\/yoast-seo-wordpress\/ -->\n<title>Pol\u00edticas de Privacidad - Grupo Alsur<\/title>\n<meta name=\"robots\" content=\"index, follow, max-snippet:-1, max-image-preview:large, max-video-preview:-1\" \/>\n<link rel=\"canonical\" href=\"https:\/\/grupoalsur.com\/de\/politicas-de-privacidad-2\/\" \/>\n<meta property=\"og:locale\" content=\"de_DE\" \/>\n<meta property=\"og:type\" content=\"article\" \/>\n<meta property=\"og:title\" content=\"Pol\u00edticas de Privacidad - Grupo Alsur\" \/>\n<meta property=\"og:description\" content=\"DatenschutzrichtlinieDieser Rechtstext gibt Auskunft dar\u00fcber, wie wir Ihre personenbezogenen Daten durch die Nutzung unserer Website https:\/\/grupoalsur.com\/ erfassen und verarbeiten, einschlie\u00dflich aller Informationen, die Sie uns \u00fcber die Website zur Verf\u00fcgung stellen, wenn Sie Ihre Daten \u00fcber das daf\u00fcr vorgesehene Formular \u00fcbermitteln.\u00a0 Mit der \u00dcbermittlung Ihrer Daten an uns werden Sie darauf hingewiesen, dass wir unsere [&hellip;]\" \/>\n<meta property=\"og:url\" content=\"https:\/\/grupoalsur.com\/de\/politicas-de-privacidad-2\/\" \/>\n<meta property=\"og:site_name\" content=\"Grupo Alsur\" \/>\n<meta property=\"article:modified_time\" content=\"2023-09-20T10:52:53+00:00\" \/>\n<meta name=\"twitter:card\" content=\"summary_large_image\" \/>\n<meta name=\"twitter:label1\" content=\"Gesch\u00e4tzte Lesezeit\" \/>\n\t<meta name=\"twitter:data1\" content=\"9\u00a0Minuten\" \/>\n<script type=\"application\/ld+json\" class=\"yoast-schema-graph\">{\"@context\":\"https:\\\/\\\/schema.org\",\"@graph\":[{\"@type\":\"WebPage\",\"@id\":\"https:\\\/\\\/grupoalsur.com\\\/de\\\/politicas-de-privacidad-2\\\/\",\"url\":\"https:\\\/\\\/grupoalsur.com\\\/de\\\/politicas-de-privacidad-2\\\/\",\"name\":\"Pol\u00edticas de Privacidad - Grupo Alsur\",\"isPartOf\":{\"@id\":\"https:\\\/\\\/grupoalsur.com\\\/de\\\/#website\"},\"datePublished\":\"2023-08-07T17:26:26+00:00\",\"dateModified\":\"2023-09-20T10:52:53+00:00\",\"breadcrumb\":{\"@id\":\"https:\\\/\\\/grupoalsur.com\\\/de\\\/politicas-de-privacidad-2\\\/#breadcrumb\"},\"inLanguage\":\"de\",\"potentialAction\":[{\"@type\":\"ReadAction\",\"target\":[\"https:\\\/\\\/grupoalsur.com\\\/de\\\/politicas-de-privacidad-2\\\/\"]}]},{\"@type\":\"BreadcrumbList\",\"@id\":\"https:\\\/\\\/grupoalsur.com\\\/de\\\/politicas-de-privacidad-2\\\/#breadcrumb\",\"itemListElement\":[{\"@type\":\"ListItem\",\"position\":1,\"name\":\"Portada\",\"item\":\"https:\\\/\\\/grupoalsur.com\\\/de\\\/\"},{\"@type\":\"ListItem\",\"position\":2,\"name\":\"Pol\u00edticas de Privacidad\"}]},{\"@type\":\"WebSite\",\"@id\":\"https:\\\/\\\/grupoalsur.com\\\/de\\\/#website\",\"url\":\"https:\\\/\\\/grupoalsur.com\\\/de\\\/\",\"name\":\"Grupo Alsur\",\"description\":\"La agricultura est\u00e1 en nuestras raices\",\"potentialAction\":[{\"@type\":\"SearchAction\",\"target\":{\"@type\":\"EntryPoint\",\"urlTemplate\":\"https:\\\/\\\/grupoalsur.com\\\/de\\\/?s={search_term_string}\"},\"query-input\":{\"@type\":\"PropertyValueSpecification\",\"valueRequired\":true,\"valueName\":\"search_term_string\"}}],\"inLanguage\":\"de\"}]}<\/script>\n<!-- \/ Yoast SEO plugin. -->","yoast_head_json":{"title":"Pol\u00edticas de Privacidad - Grupo Alsur","robots":{"index":"index","follow":"follow","max-snippet":"max-snippet:-1","max-image-preview":"max-image-preview:large","max-video-preview":"max-video-preview:-1"},"canonical":"https:\/\/grupoalsur.com\/de\/politicas-de-privacidad-2\/","og_locale":"de_DE","og_type":"article","og_title":"Pol\u00edticas de Privacidad - Grupo Alsur","og_description":"DatenschutzrichtlinieDieser Rechtstext gibt Auskunft dar\u00fcber, wie wir Ihre personenbezogenen Daten durch die Nutzung unserer Website https:\/\/grupoalsur.com\/ erfassen und verarbeiten, einschlie\u00dflich aller Informationen, die Sie uns \u00fcber die Website zur Verf\u00fcgung stellen, wenn Sie Ihre Daten \u00fcber das daf\u00fcr vorgesehene Formular \u00fcbermitteln.\u00a0 Mit der \u00dcbermittlung Ihrer Daten an uns werden Sie darauf hingewiesen, dass wir unsere [&hellip;]","og_url":"https:\/\/grupoalsur.com\/de\/politicas-de-privacidad-2\/","og_site_name":"Grupo Alsur","article_modified_time":"2023-09-20T10:52:53+00:00","twitter_card":"summary_large_image","twitter_misc":{"Gesch\u00e4tzte Lesezeit":"9\u00a0Minuten"},"schema":{"@context":"https:\/\/schema.org","@graph":[{"@type":"WebPage","@id":"https:\/\/grupoalsur.com\/de\/politicas-de-privacidad-2\/","url":"https:\/\/grupoalsur.com\/de\/politicas-de-privacidad-2\/","name":"Pol\u00edticas de Privacidad - Grupo Alsur","isPartOf":{"@id":"https:\/\/grupoalsur.com\/de\/#website"},"datePublished":"2023-08-07T17:26:26+00:00","dateModified":"2023-09-20T10:52:53+00:00","breadcrumb":{"@id":"https:\/\/grupoalsur.com\/de\/politicas-de-privacidad-2\/#breadcrumb"},"inLanguage":"de","potentialAction":[{"@type":"ReadAction","target":["https:\/\/grupoalsur.com\/de\/politicas-de-privacidad-2\/"]}]},{"@type":"BreadcrumbList","@id":"https:\/\/grupoalsur.com\/de\/politicas-de-privacidad-2\/#breadcrumb","itemListElement":[{"@type":"ListItem","position":1,"name":"Portada","item":"https:\/\/grupoalsur.com\/de\/"},{"@type":"ListItem","position":2,"name":"Pol\u00edticas de Privacidad"}]},{"@type":"WebSite","@id":"https:\/\/grupoalsur.com\/de\/#website","url":"https:\/\/grupoalsur.com\/de\/","name":"Grupo Alsur","description":"La agricultura est\u00e1 en nuestras raices","potentialAction":[{"@type":"SearchAction","target":{"@type":"EntryPoint","urlTemplate":"https:\/\/grupoalsur.com\/de\/?s={search_term_string}"},"query-input":{"@type":"PropertyValueSpecification","valueRequired":true,"valueName":"search_term_string"}}],"inLanguage":"de"}]}},"_links":{"self":[{"href":"https:\/\/grupoalsur.com\/de\/wp-json\/wp\/v2\/pages\/2017","targetHints":{"allow":["GET"]}}],"collection":[{"href":"https:\/\/grupoalsur.com\/de\/wp-json\/wp\/v2\/pages"}],"about":[{"href":"https:\/\/grupoalsur.com\/de\/wp-json\/wp\/v2\/types\/page"}],"author":[{"embeddable":true,"href":"https:\/\/grupoalsur.com\/de\/wp-json\/wp\/v2\/users\/1"}],"replies":[{"embeddable":true,"href":"https:\/\/grupoalsur.com\/de\/wp-json\/wp\/v2\/comments?post=2017"}],"version-history":[{"count":4,"href":"https:\/\/grupoalsur.com\/de\/wp-json\/wp\/v2\/pages\/2017\/revisions"}],"predecessor-version":[{"id":2035,"href":"https:\/\/grupoalsur.com\/de\/wp-json\/wp\/v2\/pages\/2017\/revisions\/2035"}],"wp:attachment":[{"href":"https:\/\/grupoalsur.com\/de\/wp-json\/wp\/v2\/media?parent=2017"}],"curies":[{"name":"wp","href":"https:\/\/api.w.org\/{rel}","templated":true}]}}