{"id":2011,"date":"2023-08-07T17:01:19","date_gmt":"2023-08-07T17:01:19","guid":{"rendered":"https:\/\/grupoalsur.com\/politicas-de-cookies\/"},"modified":"2023-09-20T10:55:03","modified_gmt":"2023-09-20T10:55:03","slug":"politicas-de-cookies","status":"publish","type":"page","link":"https:\/\/grupoalsur.com\/de\/politicas-de-cookies\/","title":{"rendered":"Pol\u00edticas de Cookies"},"content":{"rendered":"<p>[et_pb_section fb_built=&#8220;1&#8243; _builder_version=&#8220;4.20.4&#8243; _module_preset=&#8220;default&#8220; da_disable_devices=&#8220;off|off|off&#8220; global_colors_info=&#8220;{}&#8220; da_is_popup=&#8220;off&#8220; da_exit_intent=&#8220;off&#8220; da_has_close=&#8220;on&#8220; da_alt_close=&#8220;off&#8220; da_dark_close=&#8220;off&#8220; da_not_modal=&#8220;on&#8220; da_is_singular=&#8220;off&#8220; da_with_loader=&#8220;off&#8220; da_has_shadow=&#8220;on&#8220;][et_pb_row _builder_version=&#8220;4.20.4&#8243; _module_preset=&#8220;default&#8220; global_colors_info=&#8220;{}&#8220;][et_pb_column type=&#8220;4_4&#8243; _builder_version=&#8220;4.20.4&#8243; _module_preset=&#8220;default&#8220; global_colors_info=&#8220;{}&#8220;][et_pb_text _builder_version=&#8220;4.22.1&#8243; _module_preset=&#8220;default&#8220; text_font=&#8220;marat||||||||&#8220; text_text_color=&#8220;#006e33&#8243; text_font_size=&#8220;40px&#8220; text_line_height=&#8220;40px&#8220; global_colors_info=&#8220;{}&#8220;]<\/p>\n<p><b>Cookies<\/b><\/p>\n<p>[\/et_pb_text][et_pb_text _builder_version=&#8220;4.20.4&#8243; _module_preset=&#8220;default&#8220; text_font=&#8220;Lato||||||||&#8220; text_font_size=&#8220;18px&#8220; text_line_height=&#8220;24px&#8220; global_colors_info=&#8220;{}&#8220;]<\/p>\n<p><b>Grupo Alsur<\/b><span style=\"font-weight: 400;\"> verwendet keine Cookies, um Informationen von Nutzern zu sammeln. Es werden nur eigene Sitzungscookies f\u00fcr technische Zwecke verwendet (die es dem Nutzer erm\u00f6glichen, die Website zu besuchen und die verschiedenen Optionen und Dienste zu nutzen, die auf dieser angeboten werden).<\/span><\/p>\n<p><span style=\"font-weight: 400;\">Das Portal von <\/span><b>Grupo Alsur<\/b><span style=\"font-weight: 400;\"> enth\u00e4lt Links zu Websites von Dritten, deren Datenschutzrichtlinien nicht mit denen von <\/span><b>Grupo Alsur<\/b><span style=\"font-weight: 400;\"> \u00fcbereinstimmen. Wenn Sie auf solche Websites zugreifen, k\u00f6nnen Sie entscheiden, ob Sie deren Datenschutz- und Cookie-Richtlinien akzeptieren m\u00f6chten. Wenn Sie im Internet surfen, k\u00f6nnen Sie in den Einstellungen Ihres Browsers Cookies von Dritten akzeptieren oder ablehnen.<\/span><\/p>\n<p>[\/et_pb_text][\/et_pb_column][\/et_pb_row][\/et_pb_section]<\/p>\n","protected":false},"excerpt":{"rendered":"<p>CookiesGrupo Alsur verwendet keine Cookies, um Informationen von Nutzern zu sammeln. Es werden nur eigene Sitzungscookies f\u00fcr technische Zwecke verwendet (die es dem Nutzer erm\u00f6glichen, die Website zu besuchen und die verschiedenen Optionen und Dienste zu nutzen, die auf dieser angeboten werden). Das Portal von Grupo Alsur enth\u00e4lt Links zu Websites von Dritten, deren Datenschutzrichtlinien [&hellip;]<\/p>\n","protected":false},"author":1,"featured_media":0,"parent":0,"menu_order":0,"comment_status":"closed","ping_status":"closed","template":"","meta":{"_et_pb_use_builder":"on","_et_pb_old_content":"","_et_gb_content_width":"","footnotes":""},"class_list":["post-2011","page","type-page","status-publish","hentry"],"yoast_head":"<!-- This site is optimized with the Yoast SEO plugin v27.3 - https:\/\/yoast.com\/product\/yoast-seo-wordpress\/ -->\n<title>Pol\u00edticas de Cookies - Grupo Alsur<\/title>\n<meta name=\"robots\" content=\"index, follow, max-snippet:-1, max-image-preview:large, max-video-preview:-1\" \/>\n<link rel=\"canonical\" href=\"https:\/\/grupoalsur.com\/de\/politicas-de-cookies\/\" \/>\n<meta property=\"og:locale\" content=\"de_DE\" \/>\n<meta property=\"og:type\" content=\"article\" \/>\n<meta property=\"og:title\" content=\"Pol\u00edticas de Cookies - Grupo Alsur\" \/>\n<meta property=\"og:description\" content=\"CookiesGrupo Alsur verwendet keine Cookies, um Informationen von Nutzern zu sammeln. Es werden nur eigene Sitzungscookies f\u00fcr technische Zwecke verwendet (die es dem Nutzer erm\u00f6glichen, die Website zu besuchen und die verschiedenen Optionen und Dienste zu nutzen, die auf dieser angeboten werden). Das Portal von Grupo Alsur enth\u00e4lt Links zu Websites von Dritten, deren Datenschutzrichtlinien [&hellip;]\" \/>\n<meta property=\"og:url\" content=\"https:\/\/grupoalsur.com\/de\/politicas-de-cookies\/\" \/>\n<meta property=\"og:site_name\" content=\"Grupo Alsur\" \/>\n<meta property=\"article:modified_time\" content=\"2023-09-20T10:55:03+00:00\" \/>\n<meta name=\"twitter:card\" content=\"summary_large_image\" \/>\n<meta name=\"twitter:label1\" content=\"Gesch\u00e4tzte Lesezeit\" \/>\n\t<meta name=\"twitter:data1\" content=\"1\u00a0Minute\" \/>\n<script type=\"application\/ld+json\" class=\"yoast-schema-graph\">{\"@context\":\"https:\\\/\\\/schema.org\",\"@graph\":[{\"@type\":\"WebPage\",\"@id\":\"https:\\\/\\\/grupoalsur.com\\\/de\\\/politicas-de-cookies\\\/\",\"url\":\"https:\\\/\\\/grupoalsur.com\\\/de\\\/politicas-de-cookies\\\/\",\"name\":\"Pol\u00edticas de Cookies - Grupo Alsur\",\"isPartOf\":{\"@id\":\"https:\\\/\\\/grupoalsur.com\\\/de\\\/#website\"},\"datePublished\":\"2023-08-07T17:01:19+00:00\",\"dateModified\":\"2023-09-20T10:55:03+00:00\",\"breadcrumb\":{\"@id\":\"https:\\\/\\\/grupoalsur.com\\\/de\\\/politicas-de-cookies\\\/#breadcrumb\"},\"inLanguage\":\"de\",\"potentialAction\":[{\"@type\":\"ReadAction\",\"target\":[\"https:\\\/\\\/grupoalsur.com\\\/de\\\/politicas-de-cookies\\\/\"]}]},{\"@type\":\"BreadcrumbList\",\"@id\":\"https:\\\/\\\/grupoalsur.com\\\/de\\\/politicas-de-cookies\\\/#breadcrumb\",\"itemListElement\":[{\"@type\":\"ListItem\",\"position\":1,\"name\":\"Portada\",\"item\":\"https:\\\/\\\/grupoalsur.com\\\/de\\\/\"},{\"@type\":\"ListItem\",\"position\":2,\"name\":\"Pol\u00edticas de Cookies\"}]},{\"@type\":\"WebSite\",\"@id\":\"https:\\\/\\\/grupoalsur.com\\\/de\\\/#website\",\"url\":\"https:\\\/\\\/grupoalsur.com\\\/de\\\/\",\"name\":\"Grupo Alsur\",\"description\":\"La agricultura est\u00e1 en nuestras raices\",\"potentialAction\":[{\"@type\":\"SearchAction\",\"target\":{\"@type\":\"EntryPoint\",\"urlTemplate\":\"https:\\\/\\\/grupoalsur.com\\\/de\\\/?s={search_term_string}\"},\"query-input\":{\"@type\":\"PropertyValueSpecification\",\"valueRequired\":true,\"valueName\":\"search_term_string\"}}],\"inLanguage\":\"de\"}]}<\/script>\n<!-- \/ Yoast SEO plugin. -->","yoast_head_json":{"title":"Pol\u00edticas de Cookies - Grupo Alsur","robots":{"index":"index","follow":"follow","max-snippet":"max-snippet:-1","max-image-preview":"max-image-preview:large","max-video-preview":"max-video-preview:-1"},"canonical":"https:\/\/grupoalsur.com\/de\/politicas-de-cookies\/","og_locale":"de_DE","og_type":"article","og_title":"Pol\u00edticas de Cookies - Grupo Alsur","og_description":"CookiesGrupo Alsur verwendet keine Cookies, um Informationen von Nutzern zu sammeln. Es werden nur eigene Sitzungscookies f\u00fcr technische Zwecke verwendet (die es dem Nutzer erm\u00f6glichen, die Website zu besuchen und die verschiedenen Optionen und Dienste zu nutzen, die auf dieser angeboten werden). Das Portal von Grupo Alsur enth\u00e4lt Links zu Websites von Dritten, deren Datenschutzrichtlinien [&hellip;]","og_url":"https:\/\/grupoalsur.com\/de\/politicas-de-cookies\/","og_site_name":"Grupo Alsur","article_modified_time":"2023-09-20T10:55:03+00:00","twitter_card":"summary_large_image","twitter_misc":{"Gesch\u00e4tzte Lesezeit":"1\u00a0Minute"},"schema":{"@context":"https:\/\/schema.org","@graph":[{"@type":"WebPage","@id":"https:\/\/grupoalsur.com\/de\/politicas-de-cookies\/","url":"https:\/\/grupoalsur.com\/de\/politicas-de-cookies\/","name":"Pol\u00edticas de Cookies - Grupo Alsur","isPartOf":{"@id":"https:\/\/grupoalsur.com\/de\/#website"},"datePublished":"2023-08-07T17:01:19+00:00","dateModified":"2023-09-20T10:55:03+00:00","breadcrumb":{"@id":"https:\/\/grupoalsur.com\/de\/politicas-de-cookies\/#breadcrumb"},"inLanguage":"de","potentialAction":[{"@type":"ReadAction","target":["https:\/\/grupoalsur.com\/de\/politicas-de-cookies\/"]}]},{"@type":"BreadcrumbList","@id":"https:\/\/grupoalsur.com\/de\/politicas-de-cookies\/#breadcrumb","itemListElement":[{"@type":"ListItem","position":1,"name":"Portada","item":"https:\/\/grupoalsur.com\/de\/"},{"@type":"ListItem","position":2,"name":"Pol\u00edticas de Cookies"}]},{"@type":"WebSite","@id":"https:\/\/grupoalsur.com\/de\/#website","url":"https:\/\/grupoalsur.com\/de\/","name":"Grupo Alsur","description":"La agricultura est\u00e1 en nuestras raices","potentialAction":[{"@type":"SearchAction","target":{"@type":"EntryPoint","urlTemplate":"https:\/\/grupoalsur.com\/de\/?s={search_term_string}"},"query-input":{"@type":"PropertyValueSpecification","valueRequired":true,"valueName":"search_term_string"}}],"inLanguage":"de"}]}},"_links":{"self":[{"href":"https:\/\/grupoalsur.com\/de\/wp-json\/wp\/v2\/pages\/2011","targetHints":{"allow":["GET"]}}],"collection":[{"href":"https:\/\/grupoalsur.com\/de\/wp-json\/wp\/v2\/pages"}],"about":[{"href":"https:\/\/grupoalsur.com\/de\/wp-json\/wp\/v2\/types\/page"}],"author":[{"embeddable":true,"href":"https:\/\/grupoalsur.com\/de\/wp-json\/wp\/v2\/users\/1"}],"replies":[{"embeddable":true,"href":"https:\/\/grupoalsur.com\/de\/wp-json\/wp\/v2\/comments?post=2011"}],"version-history":[{"count":4,"href":"https:\/\/grupoalsur.com\/de\/wp-json\/wp\/v2\/pages\/2011\/revisions"}],"predecessor-version":[{"id":2041,"href":"https:\/\/grupoalsur.com\/de\/wp-json\/wp\/v2\/pages\/2011\/revisions\/2041"}],"wp:attachment":[{"href":"https:\/\/grupoalsur.com\/de\/wp-json\/wp\/v2\/media?parent=2011"}],"curies":[{"name":"wp","href":"https:\/\/api.w.org\/{rel}","templated":true}]}}