{"id":1757,"date":"2023-03-16T14:21:14","date_gmt":"2023-03-16T14:21:14","guid":{"rendered":"https:\/\/grupoalsur.com\/kontakt\/"},"modified":"2024-02-14T09:55:05","modified_gmt":"2024-02-14T09:55:05","slug":"kontakt","status":"publish","type":"page","link":"https:\/\/grupoalsur.com\/de\/kontakt\/","title":{"rendered":"Kontakt"},"content":{"rendered":"<p>[et_pb_section fb_built=&#8220;1&#8243; custom_padding_last_edited=&#8220;on|phone&#8220; _builder_version=&#8220;4.20.2&#8243; _module_preset=&#8220;default&#8220; background_color=&#8220;#efefef&#8220; custom_padding=&#8220;20px||20px||false|false&#8220; custom_padding_tablet=&#8220;20px||20px||false|false&#8220; custom_padding_phone=&#8220;|20px||20px|false|false&#8220; da_disable_devices=&#8220;off|off|off&#8220; global_colors_info=&#8220;{}&#8220; da_is_popup=&#8220;off&#8220; da_exit_intent=&#8220;off&#8220; da_has_close=&#8220;on&#8220; da_alt_close=&#8220;off&#8220; da_dark_close=&#8220;off&#8220; da_not_modal=&#8220;on&#8220; da_is_singular=&#8220;off&#8220; da_with_loader=&#8220;off&#8220; da_has_shadow=&#8220;on&#8220;][et_pb_row _builder_version=&#8220;4.20.2&#8243; _module_preset=&#8220;default&#8220; width=&#8220;100%&#8220; max_width=&#8220;1280px&#8220; animation_style=&#8220;slide&#8220; animation_direction=&#8220;left&#8220; global_colors_info=&#8220;{}&#8220;][et_pb_column type=&#8220;4_4&#8243; _builder_version=&#8220;4.20.2&#8243; _module_preset=&#8220;default&#8220; global_colors_info=&#8220;{}&#8220;][et_pb_text _builder_version=&#8220;4.20.2&#8243; _module_preset=&#8220;default&#8220; header_2_font=&#8220;marat|900|||||||&#8220; header_2_text_color=&#8220;#006e33&#8243; header_2_font_size=&#8220;40px&#8220; custom_margin=&#8220;||10px||false|false&#8220; locked=&#8220;off&#8220; global_colors_info=&#8220;{}&#8220;]<\/p>\n<h2 class=\"kt-adv-heading_ca4905-ab wp-block-kadence-advancedheading\" data-kb-block=\"kb-adv-heading_ca4905-ab\"><strong>KONTAKT<\/strong><\/h2>\n<p>[\/et_pb_text][\/et_pb_column][\/et_pb_row][\/et_pb_section][et_pb_section fb_built=&#8220;1&#8243; custom_padding_last_edited=&#8220;on|phone&#8220; _builder_version=&#8220;4.20.2&#8243; _module_preset=&#8220;default&#8220; custom_padding_tablet=&#8220;&#8220; custom_padding_phone=&#8220;|20px||20px|false|false&#8220; da_disable_devices=&#8220;off|off|off&#8220; global_colors_info=&#8220;{}&#8220; da_is_popup=&#8220;off&#8220; da_exit_intent=&#8220;off&#8220; da_has_close=&#8220;on&#8220; da_alt_close=&#8220;off&#8220; da_dark_close=&#8220;off&#8220; da_not_modal=&#8220;on&#8220; da_is_singular=&#8220;off&#8220; da_with_loader=&#8220;off&#8220; da_has_shadow=&#8220;on&#8220;][et_pb_row column_structure=&#8220;1_2,1_2&#8243; _builder_version=&#8220;4.20.2&#8243; _module_preset=&#8220;default&#8220; width=&#8220;100%&#8220; max_width=&#8220;1280px&#8220; global_colors_info=&#8220;{}&#8220;][et_pb_column type=&#8220;1_2&#8243; _builder_version=&#8220;4.20.2&#8243; _module_preset=&#8220;default&#8220; animation_style=&#8220;slide&#8220; animation_direction=&#8220;left&#8220; global_colors_info=&#8220;{}&#8220;][et_pb_text _builder_version=&#8220;4.20.2&#8243; _module_preset=&#8220;default&#8220; header_2_font=&#8220;Lato|900|||||||&#8220; header_2_text_color=&#8220;#727176&#8243; header_2_font_size=&#8220;30px&#8220; header_4_font=&#8220;Lato|700|||||||&#8220; header_4_font_size=&#8220;20px&#8220; custom_margin=&#8220;||1px||false|false&#8220; locked=&#8220;off&#8220; global_colors_info=&#8220;{}&#8220;]<\/p>\n<h4 class=\"kt-adv-heading_af3115-44 wp-block-kadence-advancedheading\" data-kb-block=\"kb-adv-heading_af3115-44\">ALSUR SPANIEN<\/h4>\n<p>[\/et_pb_text][dsm_icon_list list_space_between=&#8220;10px&#8220; _builder_version=&#8220;4.20.4&#8243; _module_preset=&#8220;default&#8220; text_text_color=&#8220;#727176&#8243; custom_padding=&#8220;|||20px|false|false&#8220; global_colors_info=&#8220;{}&#8220;][dsm_icon_list_child text=&#8220;Carretera de C\u00f3rdoba-M\u00e1laga, km.520 29200 Antequera, M\u00e1laga, Espa\u00f1a.&#8220; font_icon=&#8220;&#xe081;||divi||400&#8243; icon_color=&#8220;#1d4f2b&#8220; icon_font_size=&#8220;20px&#8220; url=&#8220;https:\/\/www.google.com\/maps\/place\/ALSUR+-+SOLA+DE+ANTEQUERA,+S.A.\/@37.0560304,-4.5644372,17z\/data=!3m1!4b1!4m6!3m5!1s0xd728fde2b3e7703:0x1177427e3572a3d4!8m2!3d37.0560261!4d-4.5618623!16s%2Fg%2F11xk1x24s?hl=es&#038;entry=ttu&#8220; url_new_window=&#8220;on&#8220; _builder_version=&#8220;4.20.4&#8243; _module_preset=&#8220;default&#8220; text_font=&#8220;Lato||||||||&#8220; text_font_size=&#8220;16px&#8220; global_colors_info=&#8220;{}&#8220;][\/dsm_icon_list_child][dsm_icon_list_child text=&#8220;alsur@grupoalsur.com&#8220; font_icon=&#8220;&#xf0e0;||fa||400&#8243; icon_color=&#8220;#1d4f2b&#8220; icon_font_size=&#8220;20px&#8220; _builder_version=&#8220;4.20.4&#8243; _module_preset=&#8220;default&#8220; text_font=&#8220;Lato||||||||&#8220; text_font_size=&#8220;16px&#8220; global_colors_info=&#8220;{}&#8220;][\/dsm_icon_list_child][\/dsm_icon_list][et_pb_text _builder_version=&#8220;4.20.2&#8243; _module_preset=&#8220;default&#8220; header_2_font=&#8220;Lato|900|||||||&#8220; header_2_text_color=&#8220;#727176&#8243; header_2_font_size=&#8220;30px&#8220; header_4_font=&#8220;Lato|700|||||||&#8220; header_4_font_size=&#8220;20px&#8220; custom_margin=&#8220;||1px||false|false&#8220; locked=&#8220;off&#8220; global_colors_info=&#8220;{}&#8220;]<\/p>\n<h4 class=\"kt-adv-heading_be6e13-e9 wp-block-kadence-advancedheading\" data-kb-block=\"kb-adv-heading_be6e13-e9\">ALSUR PERU. AREQUIPA<\/h4>\n<p>[\/et_pb_text][dsm_icon_list list_space_between=&#8220;10px&#8220; _builder_version=&#8220;4.20.4&#8243; _module_preset=&#8220;default&#8220; custom_padding=&#8220;|||20px|false|false&#8220; global_colors_info=&#8220;{}&#8220;][dsm_icon_list_child text=&#8220;MZ Q Lotes 1-5 Sector Pecuario II Sabandia. Arequipa. Peru&#8220; font_icon=&#8220;&#xe081;||divi||400&#8243; icon_color=&#8220;#1d4f2b&#8220; icon_font_size=&#8220;20px&#8220; url=&#8220;https:\/\/www.google.com\/maps\/search\/MZ+Q+Lotes+1-5+Sector+Pecuario+II+Sabandia.+Arequipa.+Peru\/@-16.4555121,-71.5015461,13.25z?hl=es&#038;entry=ttu&#8220; url_new_window=&#8220;on&#8220; _builder_version=&#8220;4.20.4&#8243; _module_preset=&#8220;default&#8220; text_font=&#8220;Lato||||||||&#8220; text_text_color=&#8220;#727176&#8243; text_font_size=&#8220;16px&#8220; global_colors_info=&#8220;{}&#8220;][\/dsm_icon_list_child][dsm_icon_list_child text=&#8220;alsur@grupoalsur.com&#8220; font_icon=&#8220;&#xf0e0;||fa||400&#8243; icon_color=&#8220;#1d4f2b&#8220; icon_font_size=&#8220;20px&#8220; _builder_version=&#8220;4.20.4&#8243; _module_preset=&#8220;default&#8220; text_font=&#8220;Lato||||||||&#8220; text_font_size=&#8220;16px&#8220; global_colors_info=&#8220;{}&#8220;][\/dsm_icon_list_child][\/dsm_icon_list][et_pb_text _builder_version=&#8220;4.20.2&#8243; _module_preset=&#8220;default&#8220; header_2_font=&#8220;Lato|900|||||||&#8220; header_2_text_color=&#8220;#727176&#8243; header_2_font_size=&#8220;30px&#8220; header_4_font=&#8220;Lato|700|||||||&#8220; header_4_font_size=&#8220;20px&#8220; custom_margin=&#8220;||1px||false|false&#8220; locked=&#8220;off&#8220; global_colors_info=&#8220;{}&#8220;]<\/p>\n<h4 class=\"kt-adv-heading_68b08d-61 wp-block-kadence-advancedheading\" data-kb-block=\"kb-adv-heading_68b08d-61\">ALSUR PERU CUSCO<\/h4>\n<p>[\/et_pb_text][dsm_icon_list list_space_between=&#8220;10px&#8220; _builder_version=&#8220;4.20.4&#8243; _module_preset=&#8220;default&#8220; custom_padding=&#8220;|||20px|false|false&#8220; global_colors_info=&#8220;{}&#8220;][dsm_icon_list_child text=&#8220;Urbanizaci\u00f3n Tres Reyes S\/N Markjo Distrito y Provincia de Anta. Cusco. Peru.&#8220; font_icon=&#8220;&#xe081;||divi||400&#8243; icon_color=&#8220;#1d4f2b&#8220; icon_font_size=&#8220;20px&#8220; url=&#8220;https:\/\/www.google.com\/maps\/search\/Urbanizaci%C3%B3n+Tres+Reyes+S%2FN+Markjo+Distrito+y+Provincia+de+Anta.+Cusco.+Peru.\/@-13.4949722,-72.4697438,10.75z?hl=es&#038;entry=ttu&#8220; url_new_window=&#8220;on&#8220; _builder_version=&#8220;4.20.4&#8243; _module_preset=&#8220;default&#8220; text_font=&#8220;Lato||||||||&#8220; text_text_color=&#8220;#727176&#8243; text_font_size=&#8220;16px&#8220; global_colors_info=&#8220;{}&#8220;][\/dsm_icon_list_child][dsm_icon_list_child text=&#8220;alsur@grupoalsur.com&#8220; font_icon=&#8220;&#xf0e0;||fa||400&#8243; icon_color=&#8220;#1d4f2b&#8220; icon_font_size=&#8220;20px&#8220; _builder_version=&#8220;4.20.4&#8243; _module_preset=&#8220;default&#8220; text_font=&#8220;Lato||||||||&#8220; text_font_size=&#8220;16px&#8220; global_colors_info=&#8220;{}&#8220;][\/dsm_icon_list_child][\/dsm_icon_list][et_pb_text _builder_version=&#8220;4.20.2&#8243; _module_preset=&#8220;default&#8220; header_2_font=&#8220;Lato|900|||||||&#8220; header_2_text_color=&#8220;#727176&#8243; header_2_font_size=&#8220;30px&#8220; header_4_font=&#8220;Lato|700|||||||&#8220; header_4_font_size=&#8220;20px&#8220; custom_margin=&#8220;||1px||false|false&#8220; locked=&#8220;off&#8220; global_colors_info=&#8220;{}&#8220;]<\/p>\n<h4 class=\"kt-adv-heading_429529-f3 wp-block-kadence-advancedheading\" data-kb-block=\"kb-adv-heading_429529-f3\">ALSUR USA INC<\/h4>\n<p>[\/et_pb_text][dsm_icon_list list_space_between=&#8220;10px&#8220; _builder_version=&#8220;4.24.0&#8243; _module_preset=&#8220;default&#8220; custom_padding=&#8220;|||20px|false|false&#8220; hover_enabled=&#8220;0&#8243; global_colors_info=&#8220;{}&#8220; sticky_enabled=&#8220;0&#8243;][dsm_icon_list_child text=&#8220;10089 Willow Creek Road, Suite 200 San Diego, CA 92131&#8243; font_icon=&#8220;&#xe081;||divi||400&#8243; icon_color=&#8220;#1d4f2b&#8220; icon_font_size=&#8220;20px&#8220; url=&#8220;https:\/\/www.google.com\/maps\/search\/22211+IH+10+W+Suite+1206+San+Antonio+TX78257USA\/@29.648796,-98.6260447,17.75z?hl=es&#038;entry=ttu&#8220; url_new_window=&#8220;on&#8220; _builder_version=&#8220;4.24.0&#8243; _module_preset=&#8220;default&#8220; text_font=&#8220;Lato||||||||&#8220; text_text_color=&#8220;#5C5C5C&#8220; text_font_size=&#8220;16px&#8220; hover_enabled=&#8220;0&#8243; global_colors_info=&#8220;{}&#8220; sticky_enabled=&#8220;0&#8243;][\/dsm_icon_list_child][dsm_icon_list_child text=&#8220;alsur@grupoalsur.com&#8220; font_icon=&#8220;&#xf0e0;||fa||400&#8243; icon_color=&#8220;#1d4f2b&#8220; icon_font_size=&#8220;20px&#8220; _builder_version=&#8220;4.20.4&#8243; _module_preset=&#8220;default&#8220; text_font=&#8220;Lato||||||||&#8220; text_font_size=&#8220;16px&#8220; global_colors_info=&#8220;{}&#8220;][\/dsm_icon_list_child][\/dsm_icon_list][\/et_pb_column][et_pb_column type=&#8220;1_2&#8243; _builder_version=&#8220;4.20.2&#8243; _module_preset=&#8220;default&#8220; animation_style=&#8220;slide&#8220; global_colors_info=&#8220;{}&#8220;][wpforms_selector form_id=&#8220;215&#8243; _builder_version=&#8220;4.20.2&#8243; _module_preset=&#8220;default&#8220; global_colors_info=&#8220;{}&#8220;][\/wpforms_selector][\/et_pb_column][\/et_pb_row][\/et_pb_section]<\/p>\n","protected":false},"excerpt":{"rendered":"<p>KONTAKTALSUR SPANIEN<div class=\"et_pb_module dsm_icon_list dsm_icon_list_0\">\n\t\t\t\t\n\t\t\t\t\n\t\t\t\t\n\t\t\t\t\n\t\t\t\t\n\t\t\t\t\n\t\t\t\t<div class=\"et_pb_module_inner\">\n\t\t\t\t\t<ul class=\"dsm_icon_list_items dsm_icon_list_ltr_direction dsm_icon_list_layout_vertical\"><li class=\"dsm_icon_list_child dsm_icon_list_child_0\">\n\t\t\t\t\n\t\t\t\t\n\t\t\t\t\n\t\t\t\t\n\t\t\t\t<a href=\"https:\/\/www.google.com\/maps\/place\/ALSUR+-+SOLA+DE+ANTEQUERA,+S.A.\/@37.0560304,-4.5644372,17z\/data=!3m1!4b1!4m6!3m5!1s0xd728fde2b3e7703:0x1177427e3572a3d4!8m2!3d37.0560261!4d-4.5618623!16s%2Fg%2F11xk1x24s?hl=es&#038;entry=ttu\" target=\"_blank\"><span class=\"dsm_icon_list_wrapper\"><span class=\"dsm_icon_list_icon\">\ue081<\/span><\/span><span class=\"dsm_icon_list_text\">Carretera de C\u00f3rdoba-M\u00e1laga, km.520 29200 Antequera, M\u00e1laga, Espa\u00f1a.<\/span><\/a>\n\t\t\t<\/li><li class=\"dsm_icon_list_child dsm_icon_list_child_1\">\n\t\t\t\t\n\t\t\t\t\n\t\t\t\t\n\t\t\t\t\n\t\t\t\t<span class=\"dsm_icon_list_wrapper\"><span class=\"dsm_icon_list_icon\">\uf0e0<\/span><\/span><span class=\"dsm_icon_list_text\">alsur@grupoalsur.com<\/span>\n\t\t\t<\/li><\/ul>\n\t\t\t\t<\/div>\n\t\t\t<\/div>ALSUR PERU. AREQUIPA<div class=\"et_pb_module dsm_icon_list dsm_icon_list_1\">\n\t\t\t\t\n\t\t\t\t\n\t\t\t\t\n\t\t\t\t\n\t\t\t\t\n\t\t\t\t\n\t\t\t\t<div class=\"et_pb_module_inner\">\n\t\t\t\t\t<ul class=\"dsm_icon_list_items dsm_icon_list_ltr_direction dsm_icon_list_layout_vertical\"><\/ul>\n\t\t\t\t<\/div>\n\t\t\t<\/div><li class=\"dsm_icon_list_child dsm_icon_list_child_2\">\n\t\t\t\t\n\t\t\t\t\n\t\t\t\t\n\t\t\t\t\n\t\t\t\t<span class=\"dsm_icon_list_wrapper\"><span class=\"dsm_icon_list_icon\"><\/span><\/span><span class=\"dsm_icon_list_text\">&#8220;MZ<\/span>\n\t\t\t<\/li><\/p>\n","protected":false},"author":2,"featured_media":0,"parent":0,"menu_order":0,"comment_status":"closed","ping_status":"closed","template":"","meta":{"_et_pb_use_builder":"on","_et_pb_old_content":"","_et_gb_content_width":"","footnotes":""},"class_list":["post-1757","page","type-page","status-publish","hentry"],"yoast_head":"<!-- This site is optimized with the Yoast SEO plugin v27.3 - https:\/\/yoast.com\/product\/yoast-seo-wordpress\/ -->\n<title>Kontakt - Grupo Alsur<\/title>\n<meta name=\"description\" content=\"Wir stehen in Kontakt. Z\u00f6gern Sie nicht, uns jede Art von Anfrage zu senden, wir werden Ihnen so schnell wie m\u00f6glich antworten.\" \/>\n<meta name=\"robots\" content=\"index, follow, max-snippet:-1, max-image-preview:large, max-video-preview:-1\" \/>\n<link rel=\"canonical\" href=\"https:\/\/grupoalsur.com\/de\/kontakt\/\" \/>\n<meta property=\"og:locale\" content=\"de_DE\" \/>\n<meta property=\"og:type\" content=\"article\" \/>\n<meta property=\"og:title\" content=\"Kontakt - Grupo Alsur\" \/>\n<meta property=\"og:description\" content=\"Wir stehen in Kontakt. Z\u00f6gern Sie nicht, uns jede Art von Anfrage zu senden, wir werden Ihnen so schnell wie m\u00f6glich antworten.\" \/>\n<meta property=\"og:url\" content=\"https:\/\/grupoalsur.com\/de\/kontakt\/\" \/>\n<meta property=\"og:site_name\" content=\"Grupo Alsur\" \/>\n<meta property=\"article:modified_time\" content=\"2024-02-14T09:55:05+00:00\" \/>\n<meta name=\"twitter:card\" content=\"summary_large_image\" \/>\n<meta name=\"twitter:label1\" content=\"Gesch\u00e4tzte Lesezeit\" \/>\n\t<meta name=\"twitter:data1\" content=\"5\u00a0Minuten\" \/>\n<script type=\"application\/ld+json\" class=\"yoast-schema-graph\">{\"@context\":\"https:\\\/\\\/schema.org\",\"@graph\":[{\"@type\":\"WebPage\",\"@id\":\"https:\\\/\\\/grupoalsur.com\\\/de\\\/kontakt\\\/\",\"url\":\"https:\\\/\\\/grupoalsur.com\\\/de\\\/kontakt\\\/\",\"name\":\"Kontakt - Grupo Alsur\",\"isPartOf\":{\"@id\":\"https:\\\/\\\/grupoalsur.com\\\/de\\\/#website\"},\"datePublished\":\"2023-03-16T14:21:14+00:00\",\"dateModified\":\"2024-02-14T09:55:05+00:00\",\"description\":\"Wir stehen in Kontakt. Z\u00f6gern Sie nicht, uns jede Art von Anfrage zu senden, wir werden Ihnen so schnell wie m\u00f6glich antworten.\",\"breadcrumb\":{\"@id\":\"https:\\\/\\\/grupoalsur.com\\\/de\\\/kontakt\\\/#breadcrumb\"},\"inLanguage\":\"de\",\"potentialAction\":[{\"@type\":\"ReadAction\",\"target\":[\"https:\\\/\\\/grupoalsur.com\\\/de\\\/kontakt\\\/\"]}]},{\"@type\":\"BreadcrumbList\",\"@id\":\"https:\\\/\\\/grupoalsur.com\\\/de\\\/kontakt\\\/#breadcrumb\",\"itemListElement\":[{\"@type\":\"ListItem\",\"position\":1,\"name\":\"Portada\",\"item\":\"https:\\\/\\\/grupoalsur.com\\\/de\\\/\"},{\"@type\":\"ListItem\",\"position\":2,\"name\":\"Kontakt\"}]},{\"@type\":\"WebSite\",\"@id\":\"https:\\\/\\\/grupoalsur.com\\\/de\\\/#website\",\"url\":\"https:\\\/\\\/grupoalsur.com\\\/de\\\/\",\"name\":\"Grupo Alsur\",\"description\":\"La agricultura est\u00e1 en nuestras raices\",\"potentialAction\":[{\"@type\":\"SearchAction\",\"target\":{\"@type\":\"EntryPoint\",\"urlTemplate\":\"https:\\\/\\\/grupoalsur.com\\\/de\\\/?s={search_term_string}\"},\"query-input\":{\"@type\":\"PropertyValueSpecification\",\"valueRequired\":true,\"valueName\":\"search_term_string\"}}],\"inLanguage\":\"de\"}]}<\/script>\n<!-- \/ Yoast SEO plugin. -->","yoast_head_json":{"title":"Kontakt - Grupo Alsur","description":"Wir stehen in Kontakt. Z\u00f6gern Sie nicht, uns jede Art von Anfrage zu senden, wir werden Ihnen so schnell wie m\u00f6glich antworten.","robots":{"index":"index","follow":"follow","max-snippet":"max-snippet:-1","max-image-preview":"max-image-preview:large","max-video-preview":"max-video-preview:-1"},"canonical":"https:\/\/grupoalsur.com\/de\/kontakt\/","og_locale":"de_DE","og_type":"article","og_title":"Kontakt - Grupo Alsur","og_description":"Wir stehen in Kontakt. Z\u00f6gern Sie nicht, uns jede Art von Anfrage zu senden, wir werden Ihnen so schnell wie m\u00f6glich antworten.","og_url":"https:\/\/grupoalsur.com\/de\/kontakt\/","og_site_name":"Grupo Alsur","article_modified_time":"2024-02-14T09:55:05+00:00","twitter_card":"summary_large_image","twitter_misc":{"Gesch\u00e4tzte Lesezeit":"5\u00a0Minuten"},"schema":{"@context":"https:\/\/schema.org","@graph":[{"@type":"WebPage","@id":"https:\/\/grupoalsur.com\/de\/kontakt\/","url":"https:\/\/grupoalsur.com\/de\/kontakt\/","name":"Kontakt - Grupo Alsur","isPartOf":{"@id":"https:\/\/grupoalsur.com\/de\/#website"},"datePublished":"2023-03-16T14:21:14+00:00","dateModified":"2024-02-14T09:55:05+00:00","description":"Wir stehen in Kontakt. Z\u00f6gern Sie nicht, uns jede Art von Anfrage zu senden, wir werden Ihnen so schnell wie m\u00f6glich antworten.","breadcrumb":{"@id":"https:\/\/grupoalsur.com\/de\/kontakt\/#breadcrumb"},"inLanguage":"de","potentialAction":[{"@type":"ReadAction","target":["https:\/\/grupoalsur.com\/de\/kontakt\/"]}]},{"@type":"BreadcrumbList","@id":"https:\/\/grupoalsur.com\/de\/kontakt\/#breadcrumb","itemListElement":[{"@type":"ListItem","position":1,"name":"Portada","item":"https:\/\/grupoalsur.com\/de\/"},{"@type":"ListItem","position":2,"name":"Kontakt"}]},{"@type":"WebSite","@id":"https:\/\/grupoalsur.com\/de\/#website","url":"https:\/\/grupoalsur.com\/de\/","name":"Grupo Alsur","description":"La agricultura est\u00e1 en nuestras raices","potentialAction":[{"@type":"SearchAction","target":{"@type":"EntryPoint","urlTemplate":"https:\/\/grupoalsur.com\/de\/?s={search_term_string}"},"query-input":{"@type":"PropertyValueSpecification","valueRequired":true,"valueName":"search_term_string"}}],"inLanguage":"de"}]}},"_links":{"self":[{"href":"https:\/\/grupoalsur.com\/de\/wp-json\/wp\/v2\/pages\/1757","targetHints":{"allow":["GET"]}}],"collection":[{"href":"https:\/\/grupoalsur.com\/de\/wp-json\/wp\/v2\/pages"}],"about":[{"href":"https:\/\/grupoalsur.com\/de\/wp-json\/wp\/v2\/types\/page"}],"author":[{"embeddable":true,"href":"https:\/\/grupoalsur.com\/de\/wp-json\/wp\/v2\/users\/2"}],"replies":[{"embeddable":true,"href":"https:\/\/grupoalsur.com\/de\/wp-json\/wp\/v2\/comments?post=1757"}],"version-history":[{"count":9,"href":"https:\/\/grupoalsur.com\/de\/wp-json\/wp\/v2\/pages\/1757\/revisions"}],"predecessor-version":[{"id":2421,"href":"https:\/\/grupoalsur.com\/de\/wp-json\/wp\/v2\/pages\/1757\/revisions\/2421"}],"wp:attachment":[{"href":"https:\/\/grupoalsur.com\/de\/wp-json\/wp\/v2\/media?parent=1757"}],"curies":[{"name":"wp","href":"https:\/\/api.w.org\/{rel}","templated":true}]}}