{"id":1736,"date":"2023-03-16T14:19:38","date_gmt":"2023-03-16T14:19:38","guid":{"rendered":"https:\/\/grupoalsur.com\/soziale-verantwortung\/"},"modified":"2023-09-20T16:14:15","modified_gmt":"2023-09-20T16:14:15","slug":"soziale-verantwortung","status":"publish","type":"page","link":"https:\/\/grupoalsur.com\/de\/soziale-verantwortung\/","title":{"rendered":"Soziale Verantwortung"},"content":{"rendered":"<p>[et_pb_section fb_built=&#8220;1&#8243; custom_padding_last_edited=&#8220;on|phone&#8220; _builder_version=&#8220;4.20.4&#8243; _module_preset=&#8220;default&#8220; background_image=&#8220;https:\/\/grupoalsur.com\/wp-content\/uploads\/2023\/03\/P1011531-scaled.jpg&#8220; custom_padding=&#8220;95px||328px|||&#8220; custom_padding_tablet=&#8220;&#8220; custom_padding_phone=&#8220;|20px|0px|20px|false|false&#8220; da_disable_devices=&#8220;off|off|off&#8220; locked=&#8220;off&#8220; global_colors_info=&#8220;{}&#8220; da_is_popup=&#8220;off&#8220; da_exit_intent=&#8220;off&#8220; da_has_close=&#8220;on&#8220; da_alt_close=&#8220;off&#8220; da_dark_close=&#8220;off&#8220; da_not_modal=&#8220;on&#8220; da_is_singular=&#8220;off&#8220; da_with_loader=&#8220;off&#8220; da_has_shadow=&#8220;on&#8220;][et_pb_row custom_padding_last_edited=&#8220;on|phone&#8220; _builder_version=&#8220;4.20.4&#8243; _module_preset=&#8220;default&#8220; width=&#8220;100%&#8220; max_width=&#8220;1280px&#8220; custom_margin=&#8220;-38px|auto||auto||&#8220; custom_padding=&#8220;0px||338px||false|false&#8220; custom_padding_tablet=&#8220;0px||200px||false|false&#8220; custom_padding_phone=&#8220;0px||100px||false|false&#8220; animation_style=&#8220;slide&#8220; animation_direction=&#8220;left&#8220; global_colors_info=&#8220;{}&#8220;][et_pb_column type=&#8220;4_4&#8243; _builder_version=&#8220;4.18.0&#8243; _module_preset=&#8220;default&#8220; global_colors_info=&#8220;{}&#8220;][et_pb_image src=&#8220;https:\/\/grupoalsur.com\/wp-content\/uploads\/2023\/09\/RESPONSABILIDAD-ALEMA\u2560ueN.png&#8220; title_text=&#8220;RESPONSABILIDAD ALEMA\u2560\u00fcN&#8220; _builder_version=&#8220;4.22.1&#8243; _module_preset=&#8220;default&#8220; width=&#8220;35%&#8220; width_tablet=&#8220;35%&#8220; width_phone=&#8220;100%&#8220; width_last_edited=&#8220;on|phone&#8220; custom_padding_tablet=&#8220;&#8220; custom_padding_phone=&#8220;15px|30px||30px|false|false&#8220; custom_padding_last_edited=&#8220;on|phone&#8220; hover_enabled=&#8220;0&#8243; background_color_phone=&#8220;rgba(255,255,255,0.8)&#8220; background_last_edited=&#8220;on|phone&#8220; background_enable_color_phone=&#8220;on&#8220; global_colors_info=&#8220;{}&#8220; sticky_enabled=&#8220;0&#8243;][\/et_pb_image][\/et_pb_column][\/et_pb_row][\/et_pb_section][et_pb_section fb_built=&#8220;1&#8243; custom_padding_last_edited=&#8220;on|phone&#8220; _builder_version=&#8220;4.20.2&#8243; _module_preset=&#8220;default&#8220; background_color=&#8220;#eeefe9&#8243; custom_padding_tablet=&#8220;&#8220; custom_padding_phone=&#8220;|20px||20px|false|false&#8220; da_disable_devices=&#8220;off|off|off&#8220; locked=&#8220;off&#8220; global_colors_info=&#8220;{}&#8220; da_is_popup=&#8220;off&#8220; da_exit_intent=&#8220;off&#8220; da_has_close=&#8220;on&#8220; da_alt_close=&#8220;off&#8220; da_dark_close=&#8220;off&#8220; da_not_modal=&#8220;on&#8220; da_is_singular=&#8220;off&#8220; da_with_loader=&#8220;off&#8220; da_has_shadow=&#8220;on&#8220;][et_pb_row _builder_version=&#8220;4.20.2&#8243; _module_preset=&#8220;default&#8220; width=&#8220;100%&#8220; max_width=&#8220;1280px&#8220; animation_style=&#8220;slide&#8220; global_colors_info=&#8220;{}&#8220;][et_pb_column type=&#8220;4_4&#8243; _builder_version=&#8220;4.18.0&#8243; _module_preset=&#8220;default&#8220; global_colors_info=&#8220;{}&#8220;][et_pb_text _builder_version=&#8220;4.20.2&#8243; _module_preset=&#8220;default&#8220; text_font=&#8220;Lato||||||||&#8220; text_text_color=&#8220;#727176&#8243; text_font_size=&#8220;18px&#8220; locked=&#8220;off&#8220; global_colors_info=&#8220;{}&#8220;]<\/p>\n<p class=\"kt-adv-heading_a7f6b4-ab wp-block-kadence-advancedheading\" data-kb-block=\"kb-adv-heading_a7f6b4-ab\"><strong>NUnser Ziel ist es, jeden Tag besser zu werden<\/strong>. Grupo Alsur hat sich zu<span> <\/span><strong>Spitzenleistungen und einer verantwortungsvollen Unternehmensf\u00fchrung<\/strong>.<\/p>\n<p class=\"kt-adv-heading_56dccf-00 wp-block-kadence-advancedheading\" data-kb-block=\"kb-adv-heading_56dccf-00\"><strong>Nachhaltigkeit, Gleichberechtigung, Integration und Ausgewogenheit<\/strong><span> <\/span>sind die Grundpfeiler, mit denen wir uns um eine unserer wichtigsten Ressourcen k\u00fcmmern: unsere Mitarbeiter. Grupo Alsur setzt alles daran, durch die Motivation, das Engagement und den Enthusiasmus jedes Einzelnen im Unternehmen erfolgreich zu sein.<\/p>\n<p>[\/et_pb_text][\/et_pb_column][\/et_pb_row][\/et_pb_section][et_pb_section fb_built=&#8220;1&#8243; custom_padding_last_edited=&#8220;on|phone&#8220; _builder_version=&#8220;4.20.2&#8243; _module_preset=&#8220;default&#8220; background_color=&#8220;#3a7e37&#8243; custom_padding=&#8220;0px||0px||false|false&#8220; custom_padding_tablet=&#8220;0px||||false|false&#8220; custom_padding_phone=&#8220;0px|20px||20px|false|false&#8220; da_disable_devices=&#8220;off|off|off&#8220; global_colors_info=&#8220;{}&#8220; da_is_popup=&#8220;off&#8220; da_exit_intent=&#8220;off&#8220; da_has_close=&#8220;on&#8220; da_alt_close=&#8220;off&#8220; da_dark_close=&#8220;off&#8220; da_not_modal=&#8220;on&#8220; da_is_singular=&#8220;off&#8220; da_with_loader=&#8220;off&#8220; da_has_shadow=&#8220;on&#8220;][et_pb_row column_structure=&#8220;1_3,2_3&#8243; _builder_version=&#8220;4.20.2&#8243; _module_preset=&#8220;default&#8220; width=&#8220;100%&#8220; max_width=&#8220;1280px&#8220; custom_padding=&#8220;0px||||false|false&#8220; global_colors_info=&#8220;{}&#8220;][et_pb_column type=&#8220;1_3&#8243; _builder_version=&#8220;4.20.2&#8243; _module_preset=&#8220;default&#8220; global_colors_info=&#8220;{}&#8220;][et_pb_image src=&#8220;https:\/\/grupoalsur.com\/wp-content\/uploads\/2023\/03\/rsc1-1.webp&#8220; title_text=&#8220;rsc1-1&#8243; align_tablet=&#8220;&#8220; align_phone=&#8220;center&#8220; align_last_edited=&#8220;on|phone&#8220; _builder_version=&#8220;4.20.4&#8243; _module_preset=&#8220;default&#8220; transform_scale=&#8220;116%|116%&#8220; transform_scale_tablet=&#8220;116%|116%&#8220; transform_scale_phone=&#8220;116%|116%&#8220; transform_scale_last_edited=&#8220;on|phone&#8220; transform_translate_tablet=&#8220;&#8220; transform_translate_phone=&#8220;230px|5px&#8220; transform_translate_last_edited=&#8220;on|phone&#8220; transform_translate_linked_phone=&#8220;off&#8220; transform_rotate_tablet=&#8220;&#8220; transform_rotate_phone=&#8220;&#8220; transform_rotate_last_edited=&#8220;on|phone&#8220; transform_skew_tablet=&#8220;&#8220; transform_skew_phone=&#8220;&#8220; transform_skew_last_edited=&#8220;on|phone&#8220; transform_origin_tablet=&#8220;&#8220; transform_origin_phone=&#8220;&#8220; transform_origin_last_edited=&#8220;on|phone&#8220; transform_styles_last_edited=&#8220;on|phone&#8220; positioning=&#8220;relative&#8220; vertical_offset=&#8220;29px&#8220; horizontal_offset=&#8220;-269px&#8220; width=&#8220;204%&#8220; width_tablet=&#8220;204%&#8220; width_phone=&#8220;100%&#8220; width_last_edited=&#8220;on|phone&#8220; module_alignment=&#8220;left&#8220; animation_style=&#8220;slide&#8220; transform_styles_tablet=&#8220;&#8220; transform_styles_phone=&#8220;&#8220; module_alignment_tablet=&#8220;left&#8220; module_alignment_phone=&#8220;center&#8220; module_alignment_last_edited=&#8220;on|phone&#8220; border_radii=&#8220;off||||&#8220; box_shadow_style=&#8220;preset2&#8243; global_colors_info=&#8220;{}&#8220;][\/et_pb_image][\/et_pb_column][et_pb_column type=&#8220;2_3&#8243; _builder_version=&#8220;4.20.2&#8243; _module_preset=&#8220;default&#8220; custom_padding=&#8220;60px||||false|false&#8220; animation_style=&#8220;slide&#8220; animation_direction=&#8220;right&#8220; global_colors_info=&#8220;{}&#8220;][et_pb_text _builder_version=&#8220;4.20.2&#8243; _module_preset=&#8220;default&#8220; header_2_font=&#8220;Lato|900|||||||&#8220; header_2_text_color=&#8220;#FFFFFF&#8220; header_2_font_size=&#8220;40px&#8220; locked=&#8220;off&#8220; global_colors_info=&#8220;{}&#8220;]<\/p>\n<h2 class=\"kt-adv-heading_e7379e-b3 wp-block-kadence-advancedheading has-theme-palette-9-color has-text-color\" data-kb-block=\"kb-adv-heading_e7379e-b3\">F\u00fcr eine bessere Zukunft<\/h2>\n<p>[\/et_pb_text][et_pb_text _builder_version=&#8220;4.20.4&#8243; _module_preset=&#8220;default&#8220; text_font=&#8220;Lato||||||||&#8220; text_text_color=&#8220;#FFFFFF&#8220; text_font_size=&#8220;18px&#8220; locked=&#8220;off&#8220; global_colors_info=&#8220;{}&#8220;]<\/p>\n<ul>\n<li><span>Als Grupo Alsur 2015 in Cuzco begann, ging das Unternehmen gegen\u00fcber seinen Landwirten und der dort lebenden indigenen Gemeinschaft eine Verpflichtung ein, indem es in die Region investierte, f\u00fcr Stra\u00dfen und geregelte Arbeit sorgte und, <strong>mit Lebensmittelbanken zusammenarbeitete.<\/strong><br \/><\/span><\/li>\n<li><span>Die Ausrichtung auf die Zukunft nach grundlegenden ethischen Prinzipien ist die Essenz und der einzigartige Wert unseres Unternehmens.<\/span><\/li>\n<\/ul>\n<p>[\/et_pb_text][\/et_pb_column][\/et_pb_row][\/et_pb_section][et_pb_section fb_built=&#8220;1&#8243; _builder_version=&#8220;4.20.2&#8243; _module_preset=&#8220;default&#8220; custom_padding=&#8220;||0px|||&#8220; da_disable_devices=&#8220;off|off|off&#8220; global_colors_info=&#8220;{}&#8220; da_is_popup=&#8220;off&#8220; da_exit_intent=&#8220;off&#8220; da_has_close=&#8220;on&#8220; da_alt_close=&#8220;off&#8220; da_dark_close=&#8220;off&#8220; da_not_modal=&#8220;on&#8220; da_is_singular=&#8220;off&#8220; da_with_loader=&#8220;off&#8220; da_has_shadow=&#8220;on&#8220;][et_pb_row column_structure=&#8220;2_3,1_3&#8243; use_custom_gutter=&#8220;on&#8220; gutter_width=&#8220;1&#8243; make_equal=&#8220;on&#8220; disabled_on=&#8220;on|off|off&#8220; _builder_version=&#8220;4.20.4&#8243; _module_preset=&#8220;default&#8220; background_enable_image=&#8220;off&#8220; width=&#8220;100%&#8220; max_width=&#8220;2203px&#8220; custom_margin=&#8220;-55px|auto||auto||&#8220; custom_padding=&#8220;0px||0px|||&#8220; global_colors_info=&#8220;{}&#8220;][et_pb_column type=&#8220;2_3&#8243; _builder_version=&#8220;4.20.2&#8243; _module_preset=&#8220;default&#8220; background_image=&#8220;https:\/\/grupoalsur.com\/wp-content\/uploads\/2023\/03\/shutterstock_670248961-scaled.jpg&#8220; global_colors_info=&#8220;{}&#8220;][et_pb_text _builder_version=&#8220;4.20.4&#8243; _module_preset=&#8220;default&#8220; text_font=&#8220;Lato||||||||&#8220; text_text_color=&#8220;#727176&#8243; text_font_size=&#8220;18px&#8220; width=&#8220;66%&#8220; width_tablet=&#8220;66%&#8220; width_phone=&#8220;100%&#8220; width_last_edited=&#8220;on|phone&#8220; custom_padding=&#8220;145px||0px|32px|false|false&#8220; custom_padding_tablet=&#8220;145px||0px|32px|false|false&#8220; custom_padding_phone=&#8220;50px|30px|50px|30px|false|false&#8220; custom_padding_last_edited=&#8220;on|phone&#8220; animation_style=&#8220;slide&#8220; locked=&#8220;off&#8220; global_colors_info=&#8220;{}&#8220;]<\/p>\n<p>Mit der Installation einer eigenen <strong>Solaranlage<\/strong> haben wir bei <strong>Grupo Alsur<\/strong> einen weiteren Schritt in unserem Engagement f\u00fcr <strong>\u00f6kologische Nachhaltigkeit getan.<\/strong> Mit dieser Anlage werden die Produktionsst\u00e4tten unseres Unternehmens mit sauberer, erneuerbarer Energie versorgt.<\/p>\n<p>Die Investition von Grupo Alsur in Photovoltaik-Solarenergie ist ein Zeichen unseres klaren<strong>Bekenntnisses zur sozialen Verantwortung und zum Umweltschutz.<\/strong><\/p>\n<p>[\/et_pb_text][\/et_pb_column][et_pb_column type=&#8220;1_3&#8243; _builder_version=&#8220;4.20.2&#8243; _module_preset=&#8220;default&#8220; global_colors_info=&#8220;{}&#8220;][et_pb_image src=&#8220;https:\/\/grupoalsur.com\/wp-content\/uploads\/2023\/03\/rs3.png&#8220; title_text=&#8220;rs3&#8243; _builder_version=&#8220;4.20.2&#8243; _module_preset=&#8220;default&#8220; animation_style=&#8220;fade&#8220; global_colors_info=&#8220;{}&#8220;][\/et_pb_image][\/et_pb_column][\/et_pb_row][et_pb_row column_structure=&#8220;1_3,2_3&#8243; use_custom_gutter=&#8220;on&#8220; gutter_width=&#8220;1&#8243; make_equal=&#8220;on&#8220; disabled_on=&#8220;off|on|on&#8220; _builder_version=&#8220;4.20.4&#8243; _module_preset=&#8220;default&#8220; background_enable_image=&#8220;off&#8220; width=&#8220;100%&#8220; max_width=&#8220;2203px&#8220; custom_margin=&#8220;-55px|auto||auto||&#8220; custom_padding=&#8220;0px||0px|||&#8220; global_colors_info=&#8220;{}&#8220;][et_pb_column type=&#8220;1_3&#8243; _builder_version=&#8220;4.20.2&#8243; _module_preset=&#8220;default&#8220; global_colors_info=&#8220;{}&#8220;][et_pb_image src=&#8220;https:\/\/grupoalsur.com\/wp-content\/uploads\/2023\/03\/rs3.png&#8220; title_text=&#8220;rs3&#8243; _builder_version=&#8220;4.20.2&#8243; _module_preset=&#8220;default&#8220; animation_style=&#8220;fade&#8220; global_colors_info=&#8220;{}&#8220;][\/et_pb_image][\/et_pb_column][et_pb_column type=&#8220;2_3&#8243; _builder_version=&#8220;4.20.4&#8243; _module_preset=&#8220;default&#8220; background_enable_image=&#8220;off&#8220; global_colors_info=&#8220;{}&#8220;][et_pb_text _builder_version=&#8220;4.20.4&#8243; _module_preset=&#8220;default&#8220; text_font=&#8220;Lato||||||||&#8220; text_text_color=&#8220;#727176&#8243; text_font_size=&#8220;18px&#8220; width=&#8220;66%&#8220; width_tablet=&#8220;66%&#8220; width_phone=&#8220;100%&#8220; width_last_edited=&#8220;on|phone&#8220; custom_padding=&#8220;145px||0px|32px|false|false&#8220; custom_padding_tablet=&#8220;145px||0px|32px|false|false&#8220; custom_padding_phone=&#8220;50px|30px|50px|30px|false|false&#8220; custom_padding_last_edited=&#8220;on|phone&#8220; animation_style=&#8220;slide&#8220; locked=&#8220;off&#8220; global_colors_info=&#8220;{}&#8220;]<\/p>\n<p>Mit der Installation einer eigenen <strong>Solaranlage<\/strong> haben wir bei <strong>Grupo Alsur<\/strong> einen weiteren Schritt in unserem Engagement f\u00fcr <strong>\u00f6kologische Nachhaltigkeit getan.<\/strong> Mit dieser Anlage werden die Produktionsst\u00e4tten unseres Unternehmens mit sauberer, erneuerbarer Energie versorgt.<\/p>\n<p>Die Investition von Grupo Alsur in Photovoltaik-Solarenergie ist ein Zeichen unseres klaren<strong>Bekenntnisses zur sozialen Verantwortung und zum Umweltschutz.<\/strong><\/p>\n<p>[\/et_pb_text][\/et_pb_column][\/et_pb_row][\/et_pb_section][et_pb_section fb_built=&#8220;1&#8243; custom_padding_last_edited=&#8220;on|phone&#8220; _builder_version=&#8220;4.20.4&#8243; _module_preset=&#8220;default&#8220; background_color=&#8220;#1d4e2b&#8220; custom_padding=&#8220;||10px||false|false&#8220; custom_padding_tablet=&#8220;||10px||false|false&#8220; custom_padding_phone=&#8220;60px||20px||false|false&#8220; da_disable_devices=&#8220;off|off|off&#8220; global_colors_info=&#8220;{}&#8220; da_is_popup=&#8220;off&#8220; da_exit_intent=&#8220;off&#8220; da_has_close=&#8220;on&#8220; da_alt_close=&#8220;off&#8220; da_dark_close=&#8220;off&#8220; da_not_modal=&#8220;on&#8220; da_is_singular=&#8220;off&#8220; da_with_loader=&#8220;off&#8220; da_has_shadow=&#8220;on&#8220;][et_pb_row _builder_version=&#8220;4.20.2&#8243; _module_preset=&#8220;default&#8220; width=&#8220;100%&#8220; max_width=&#8220;1650px&#8220; module_alignment=&#8220;center&#8220; custom_margin=&#8220;-41px|auto||auto||&#8220; custom_padding=&#8220;8px||5px|||&#8220; global_colors_info=&#8220;{}&#8220;][et_pb_column type=&#8220;4_4&#8243; _builder_version=&#8220;4.20.2&#8243; _module_preset=&#8220;default&#8220; global_colors_info=&#8220;{}&#8220;][et_pb_text _builder_version=&#8220;4.20.2&#8243; _module_preset=&#8220;default&#8220; text_font=&#8220;Lato||||||||&#8220; text_text_color=&#8220;#FFFFFF&#8220; text_font_size=&#8220;18px&#8220; animation_style=&#8220;slide&#8220; animation_direction=&#8220;bottom&#8220; locked=&#8220;off&#8220; global_colors_info=&#8220;{}&#8220;]<\/p>\n<p style=\"text-align: center;\">Mit dieser Initiative unterstreicht Grupo Alsur seine Position als verantwortungsbewusstes Unternehmen, das sich f\u00fcr das Wohlergehen unseres Planeten und zuk\u00fcnftiger Generationen einsetzt.<\/p>\n<p>[\/et_pb_text][\/et_pb_column][\/et_pb_row][\/et_pb_section][et_pb_section fb_built=&#8220;1&#8243; _builder_version=&#8220;4.20.4&#8243; _module_preset=&#8220;default&#8220; da_disable_devices=&#8220;off|off|off&#8220; global_colors_info=&#8220;{}&#8220; da_is_popup=&#8220;off&#8220; da_exit_intent=&#8220;off&#8220; da_has_close=&#8220;on&#8220; da_alt_close=&#8220;off&#8220; da_dark_close=&#8220;off&#8220; da_not_modal=&#8220;on&#8220; da_is_singular=&#8220;off&#8220; da_with_loader=&#8220;off&#8220; da_has_shadow=&#8220;on&#8220;][et_pb_row _builder_version=&#8220;4.20.4&#8243; _module_preset=&#8220;default&#8220; custom_margin=&#8220;-28px|auto||auto||&#8220; animation_style=&#8220;slide&#8220; global_colors_info=&#8220;{}&#8220;][et_pb_column type=&#8220;4_4&#8243; _builder_version=&#8220;4.20.4&#8243; _module_preset=&#8220;default&#8220; global_colors_info=&#8220;{}&#8220;][et_pb_image src=&#8220;https:\/\/grupoalsur.com\/wp-content\/uploads\/2023\/06\/Screenshot-2023-06-28-at-13-37-06-Cambios-web-ALSUR.docx.png&#8220; title_text=&#8220;Screenshot 2023-06-28 at 13-37-06 Cambios web ALSUR.docx&#8220; align=&#8220;center&#8220; _builder_version=&#8220;4.20.4&#8243; _module_preset=&#8220;default&#8220; width=&#8220;25%&#8220; custom_margin=&#8220;||17px|||&#8220; module_alignment_tablet=&#8220;&#8220; module_alignment_phone=&#8220;center&#8220; module_alignment_last_edited=&#8220;on|phone&#8220; global_colors_info=&#8220;{}&#8220;][\/et_pb_image][et_pb_text _builder_version=&#8220;4.20.4&#8243; _module_preset=&#8220;default&#8220; text_font=&#8220;Lato||||||||&#8220; text_text_color=&#8220;#727176&#8243; text_font_size=&#8220;18px&#8220; width=&#8220;100%&#8220; module_alignment=&#8220;center&#8220; custom_padding=&#8220;15px||0px|32px|false|false&#8220; custom_padding_tablet=&#8220;15px||0px|32px|false|false&#8220; custom_padding_phone=&#8220;|0px||0px|false|false&#8220; custom_padding_last_edited=&#8220;on|phone&#8220; animation_style=&#8220;slide&#8220; locked=&#8220;off&#8220; global_colors_info=&#8220;{}&#8220;]<\/p>\n<p style=\"text-align: center;\"><i><span style=\"font-weight: 400;\">Grupo Alsur ist nach SMETA (Sedex Members Ethical Trade Audit) zertifiziert. Mit dieser Zertifizierung werden unsere Bem\u00fchungen und unser Engagement zur F\u00f6rderung verantwortungsvoller und ethischer Gesch\u00e4ftspraktiken in allen Bereichen unserer Gesch\u00e4ftst\u00e4tigkeit anerkannt. Die SMETA-Zertifizierung gew\u00e4hrleistet, dass wir die h\u00f6chsten Standards in Bezug auf faire Arbeitsbedingungen, Gesundheit und Sicherheit am Arbeitsplatz, Gesch\u00e4ftsethik und Umweltschutz erf\u00fcllen. Durch die umfassende Bewertung und Pr\u00fcfung unserer Richtlinien und Verfahren haben wir unser Engagement f\u00fcr das Wohlergehen unserer Mitarbeiter, f\u00fcr Transparenz in unserer Gesch\u00e4ftst\u00e4tigkeit und f\u00fcr den Schutz der Umwelt unter Beweis gestellt.<\/span><\/i><span style=\"font-weight: 400;\"> <\/span><\/p>\n<p>[\/et_pb_text][\/et_pb_column][\/et_pb_row][\/et_pb_section]<\/p>\n","protected":false},"excerpt":{"rendered":"<p>NUnser Ziel ist es, jeden Tag besser zu werden. Grupo Alsur hat sich zu Spitzenleistungen und einer verantwortungsvollen Unternehmensf\u00fchrung. Nachhaltigkeit, Gleichberechtigung, Integration und Ausgewogenheit sind die Grundpfeiler, mit denen wir uns um eine unserer wichtigsten Ressourcen k\u00fcmmern: unsere Mitarbeiter. Grupo Alsur setzt alles daran, durch die Motivation, das Engagement und den Enthusiasmus jedes Einzelnen im [&hellip;]<\/p>\n","protected":false},"author":2,"featured_media":0,"parent":0,"menu_order":0,"comment_status":"closed","ping_status":"closed","template":"","meta":{"_et_pb_use_builder":"on","_et_pb_old_content":"","_et_gb_content_width":"","footnotes":""},"class_list":["post-1736","page","type-page","status-publish","hentry"],"yoast_head":"<!-- This site is optimized with the Yoast SEO plugin v27.3 - https:\/\/yoast.com\/product\/yoast-seo-wordpress\/ -->\n<title>Soziale Verantwortung - Grupo Alsur<\/title>\n<meta name=\"description\" content=\"Grupo Alsur engagiert sich weiterhin f\u00fcr Exzellenz und verantwortungsvolle Unternehmensf\u00fchrung und st\u00e4rkt so unsere Position auf dem Planeten.\" \/>\n<meta name=\"robots\" content=\"index, follow, max-snippet:-1, max-image-preview:large, max-video-preview:-1\" \/>\n<link rel=\"canonical\" href=\"https:\/\/grupoalsur.com\/de\/soziale-verantwortung\/\" \/>\n<meta property=\"og:locale\" content=\"de_DE\" \/>\n<meta property=\"og:type\" content=\"article\" \/>\n<meta property=\"og:title\" content=\"Soziale Verantwortung - Grupo Alsur\" \/>\n<meta property=\"og:description\" content=\"Grupo Alsur engagiert sich weiterhin f\u00fcr Exzellenz und verantwortungsvolle Unternehmensf\u00fchrung und st\u00e4rkt so unsere Position auf dem Planeten.\" \/>\n<meta property=\"og:url\" content=\"https:\/\/grupoalsur.com\/de\/soziale-verantwortung\/\" \/>\n<meta property=\"og:site_name\" content=\"Grupo Alsur\" \/>\n<meta property=\"article:modified_time\" content=\"2023-09-20T16:14:15+00:00\" \/>\n<meta name=\"twitter:card\" content=\"summary_large_image\" \/>\n<meta name=\"twitter:label1\" content=\"Gesch\u00e4tzte Lesezeit\" \/>\n\t<meta name=\"twitter:data1\" content=\"10\u00a0Minuten\" \/>\n<script type=\"application\/ld+json\" class=\"yoast-schema-graph\">{\"@context\":\"https:\\\/\\\/schema.org\",\"@graph\":[{\"@type\":\"WebPage\",\"@id\":\"https:\\\/\\\/grupoalsur.com\\\/de\\\/soziale-verantwortung\\\/\",\"url\":\"https:\\\/\\\/grupoalsur.com\\\/de\\\/soziale-verantwortung\\\/\",\"name\":\"Soziale Verantwortung - Grupo Alsur\",\"isPartOf\":{\"@id\":\"https:\\\/\\\/grupoalsur.com\\\/de\\\/#website\"},\"datePublished\":\"2023-03-16T14:19:38+00:00\",\"dateModified\":\"2023-09-20T16:14:15+00:00\",\"description\":\"Grupo Alsur engagiert sich weiterhin f\u00fcr Exzellenz und verantwortungsvolle Unternehmensf\u00fchrung und st\u00e4rkt so unsere Position auf dem Planeten.\",\"breadcrumb\":{\"@id\":\"https:\\\/\\\/grupoalsur.com\\\/de\\\/soziale-verantwortung\\\/#breadcrumb\"},\"inLanguage\":\"de\",\"potentialAction\":[{\"@type\":\"ReadAction\",\"target\":[\"https:\\\/\\\/grupoalsur.com\\\/de\\\/soziale-verantwortung\\\/\"]}]},{\"@type\":\"BreadcrumbList\",\"@id\":\"https:\\\/\\\/grupoalsur.com\\\/de\\\/soziale-verantwortung\\\/#breadcrumb\",\"itemListElement\":[{\"@type\":\"ListItem\",\"position\":1,\"name\":\"Portada\",\"item\":\"https:\\\/\\\/grupoalsur.com\\\/de\\\/\"},{\"@type\":\"ListItem\",\"position\":2,\"name\":\"Soziale Verantwortung\"}]},{\"@type\":\"WebSite\",\"@id\":\"https:\\\/\\\/grupoalsur.com\\\/de\\\/#website\",\"url\":\"https:\\\/\\\/grupoalsur.com\\\/de\\\/\",\"name\":\"Grupo Alsur\",\"description\":\"La agricultura est\u00e1 en nuestras raices\",\"potentialAction\":[{\"@type\":\"SearchAction\",\"target\":{\"@type\":\"EntryPoint\",\"urlTemplate\":\"https:\\\/\\\/grupoalsur.com\\\/de\\\/?s={search_term_string}\"},\"query-input\":{\"@type\":\"PropertyValueSpecification\",\"valueRequired\":true,\"valueName\":\"search_term_string\"}}],\"inLanguage\":\"de\"}]}<\/script>\n<!-- \/ Yoast SEO plugin. -->","yoast_head_json":{"title":"Soziale Verantwortung - Grupo Alsur","description":"Grupo Alsur engagiert sich weiterhin f\u00fcr Exzellenz und verantwortungsvolle Unternehmensf\u00fchrung und st\u00e4rkt so unsere Position auf dem Planeten.","robots":{"index":"index","follow":"follow","max-snippet":"max-snippet:-1","max-image-preview":"max-image-preview:large","max-video-preview":"max-video-preview:-1"},"canonical":"https:\/\/grupoalsur.com\/de\/soziale-verantwortung\/","og_locale":"de_DE","og_type":"article","og_title":"Soziale Verantwortung - Grupo Alsur","og_description":"Grupo Alsur engagiert sich weiterhin f\u00fcr Exzellenz und verantwortungsvolle Unternehmensf\u00fchrung und st\u00e4rkt so unsere Position auf dem Planeten.","og_url":"https:\/\/grupoalsur.com\/de\/soziale-verantwortung\/","og_site_name":"Grupo Alsur","article_modified_time":"2023-09-20T16:14:15+00:00","twitter_card":"summary_large_image","twitter_misc":{"Gesch\u00e4tzte Lesezeit":"10\u00a0Minuten"},"schema":{"@context":"https:\/\/schema.org","@graph":[{"@type":"WebPage","@id":"https:\/\/grupoalsur.com\/de\/soziale-verantwortung\/","url":"https:\/\/grupoalsur.com\/de\/soziale-verantwortung\/","name":"Soziale Verantwortung - Grupo Alsur","isPartOf":{"@id":"https:\/\/grupoalsur.com\/de\/#website"},"datePublished":"2023-03-16T14:19:38+00:00","dateModified":"2023-09-20T16:14:15+00:00","description":"Grupo Alsur engagiert sich weiterhin f\u00fcr Exzellenz und verantwortungsvolle Unternehmensf\u00fchrung und st\u00e4rkt so unsere Position auf dem Planeten.","breadcrumb":{"@id":"https:\/\/grupoalsur.com\/de\/soziale-verantwortung\/#breadcrumb"},"inLanguage":"de","potentialAction":[{"@type":"ReadAction","target":["https:\/\/grupoalsur.com\/de\/soziale-verantwortung\/"]}]},{"@type":"BreadcrumbList","@id":"https:\/\/grupoalsur.com\/de\/soziale-verantwortung\/#breadcrumb","itemListElement":[{"@type":"ListItem","position":1,"name":"Portada","item":"https:\/\/grupoalsur.com\/de\/"},{"@type":"ListItem","position":2,"name":"Soziale Verantwortung"}]},{"@type":"WebSite","@id":"https:\/\/grupoalsur.com\/de\/#website","url":"https:\/\/grupoalsur.com\/de\/","name":"Grupo Alsur","description":"La agricultura est\u00e1 en nuestras raices","potentialAction":[{"@type":"SearchAction","target":{"@type":"EntryPoint","urlTemplate":"https:\/\/grupoalsur.com\/de\/?s={search_term_string}"},"query-input":{"@type":"PropertyValueSpecification","valueRequired":true,"valueName":"search_term_string"}}],"inLanguage":"de"}]}},"_links":{"self":[{"href":"https:\/\/grupoalsur.com\/de\/wp-json\/wp\/v2\/pages\/1736","targetHints":{"allow":["GET"]}}],"collection":[{"href":"https:\/\/grupoalsur.com\/de\/wp-json\/wp\/v2\/pages"}],"about":[{"href":"https:\/\/grupoalsur.com\/de\/wp-json\/wp\/v2\/types\/page"}],"author":[{"embeddable":true,"href":"https:\/\/grupoalsur.com\/de\/wp-json\/wp\/v2\/users\/2"}],"replies":[{"embeddable":true,"href":"https:\/\/grupoalsur.com\/de\/wp-json\/wp\/v2\/comments?post=1736"}],"version-history":[{"count":2,"href":"https:\/\/grupoalsur.com\/de\/wp-json\/wp\/v2\/pages\/1736\/revisions"}],"predecessor-version":[{"id":2095,"href":"https:\/\/grupoalsur.com\/de\/wp-json\/wp\/v2\/pages\/1736\/revisions\/2095"}],"wp:attachment":[{"href":"https:\/\/grupoalsur.com\/de\/wp-json\/wp\/v2\/media?parent=1736"}],"curies":[{"name":"wp","href":"https:\/\/api.w.org\/{rel}","templated":true}]}}