{"id":1722,"date":"2023-03-16T14:17:22","date_gmt":"2023-03-16T14:17:22","guid":{"rendered":"https:\/\/grupoalsur.com\/geschichte\/"},"modified":"2023-09-20T16:07:48","modified_gmt":"2023-09-20T16:07:48","slug":"geschichte","status":"publish","type":"page","link":"https:\/\/grupoalsur.com\/de\/geschichte\/","title":{"rendered":"Geschichte"},"content":{"rendered":"<p>[et_pb_section fb_built=&#8220;1&#8243; custom_padding_last_edited=&#8220;on|phone&#8220; _builder_version=&#8220;4.20.2&#8243; _module_preset=&#8220;default&#8220; background_image=&#8220;https:\/\/grupoalsur.com\/wp-content\/uploads\/2023\/03\/header-historia.webp&#8220; custom_padding_tablet=&#8220;&#8220; custom_padding_phone=&#8220;|20px||20px|false|false&#8220; da_disable_devices=&#8220;off|off|off&#8220; global_colors_info=&#8220;{}&#8220; da_is_popup=&#8220;off&#8220; da_exit_intent=&#8220;off&#8220; da_has_close=&#8220;on&#8220; da_alt_close=&#8220;off&#8220; da_dark_close=&#8220;off&#8220; da_not_modal=&#8220;on&#8220; da_is_singular=&#8220;off&#8220; da_with_loader=&#8220;off&#8220; da_has_shadow=&#8220;on&#8220;][et_pb_row _builder_version=&#8220;4.20.2&#8243; _module_preset=&#8220;default&#8220; width=&#8220;100%&#8220; max_width=&#8220;1280px&#8220; custom_padding=&#8220;||100px||false|false&#8220; animation_style=&#8220;slide&#8220; animation_direction=&#8220;left&#8220; global_colors_info=&#8220;{}&#8220;][et_pb_column type=&#8220;4_4&#8243; _builder_version=&#8220;4.18.0&#8243; _module_preset=&#8220;default&#8220; global_colors_info=&#8220;{}&#8220;][et_pb_image src=&#8220;https:\/\/grupoalsur.com\/wp-content\/uploads\/2023\/09\/NUESTRA-HISTROIA-ALEMA\u2560ueN.png&#8220; title_text=&#8220;NUESTRA HISTROIA ALEMA\u2560\u00fcN&#8220; _builder_version=&#8220;4.22.1&#8243; _module_preset=&#8220;default&#8220; width=&#8220;35%&#8220; width_tablet=&#8220;35%&#8220; width_phone=&#8220;100%&#8220; width_last_edited=&#8220;on|phone&#8220; hover_enabled=&#8220;0&#8243; global_colors_info=&#8220;{}&#8220; sticky_enabled=&#8220;0&#8243;][\/et_pb_image][\/et_pb_column][\/et_pb_row][\/et_pb_section][et_pb_section fb_built=&#8220;1&#8243; custom_padding_last_edited=&#8220;on|phone&#8220; _builder_version=&#8220;4.20.2&#8243; _module_preset=&#8220;default&#8220; custom_padding_tablet=&#8220;&#8220; custom_padding_phone=&#8220;|20px||20px|false|false&#8220; da_disable_devices=&#8220;off|off|off&#8220; global_colors_info=&#8220;{}&#8220; da_is_popup=&#8220;off&#8220; da_exit_intent=&#8220;off&#8220; da_has_close=&#8220;on&#8220; da_alt_close=&#8220;off&#8220; da_dark_close=&#8220;off&#8220; da_not_modal=&#8220;on&#8220; da_is_singular=&#8220;off&#8220; da_with_loader=&#8220;off&#8220; da_has_shadow=&#8220;on&#8220;][et_pb_row _builder_version=&#8220;4.20.2&#8243; _module_preset=&#8220;default&#8220; width=&#8220;100%&#8220; max_width=&#8220;1280px&#8220; animation_style=&#8220;slide&#8220; global_colors_info=&#8220;{}&#8220;][et_pb_column type=&#8220;4_4&#8243; _builder_version=&#8220;4.18.0&#8243; _module_preset=&#8220;default&#8220; global_colors_info=&#8220;{}&#8220;][et_pb_text _builder_version=&#8220;4.18.0&#8243; _module_preset=&#8220;default&#8220; text_font=&#8220;Lato||||||||&#8220; text_text_color=&#8220;#727176&#8243; text_font_size=&#8220;18px&#8220; text_orientation=&#8220;center&#8220; locked=&#8220;off&#8220; global_colors_info=&#8220;{}&#8220;]<\/p>\n<p class=\"kt-adv-heading_c06523-6f wp-block-kadence-advancedheading\" data-kb-block=\"kb-adv-heading_c06523-6f\"><span>Dank unserer konsequenten Verpflichtung zur Qualit\u00e4t aller von uns angebotenen Produkte konnten wir international expandieren und unsere Position als zuverl\u00e4ssiges Referenzunternehmen in Produktion und Vertrieb von Gem\u00fcsekonserven festigen.<\/span><\/p>\n<p>[\/et_pb_text][et_pb_image src=&#8220;https:\/\/grupoalsur.com\/wp-content\/uploads\/2023\/09\/MAPA-WEB-ALEMAN-scaled.jpg&#8220; title_text=&#8220;MAPA WEB ALEMA\u0301N&#8220; show_in_lightbox=&#8220;on&#8220; _builder_version=&#8220;4.22.1&#8243; _module_preset=&#8220;default&#8220; global_colors_info=&#8220;{}&#8220;][\/et_pb_image][\/et_pb_column][\/et_pb_row][\/et_pb_section]<\/p>\n","protected":false},"excerpt":{"rendered":"<p>Dank unserer konsequenten Verpflichtung zur Qualit\u00e4t aller von uns angebotenen Produkte konnten wir international expandieren und unsere Position als zuverl\u00e4ssiges Referenzunternehmen in Produktion und Vertrieb von Gem\u00fcsekonserven festigen.<\/p>\n","protected":false},"author":2,"featured_media":0,"parent":0,"menu_order":0,"comment_status":"closed","ping_status":"closed","template":"","meta":{"_et_pb_use_builder":"on","_et_pb_old_content":"","_et_gb_content_width":"","footnotes":""},"class_list":["post-1722","page","type-page","status-publish","hentry"],"yoast_head":"<!-- This site is optimized with the Yoast SEO plugin v27.3 - https:\/\/yoast.com\/product\/yoast-seo-wordpress\/ -->\n<title>Geschichte - Grupo Alsur<\/title>\n<meta name=\"description\" content=\"Seit 1988 bieten wir Qualit\u00e4t in jedem unserer Produkte und erreichen so eine Expansion und Konsolidierung auf internationaler Ebene.\" \/>\n<meta name=\"robots\" content=\"index, follow, max-snippet:-1, max-image-preview:large, max-video-preview:-1\" \/>\n<link rel=\"canonical\" href=\"https:\/\/grupoalsur.com\/de\/geschichte\/\" \/>\n<meta property=\"og:locale\" content=\"de_DE\" \/>\n<meta property=\"og:type\" content=\"article\" \/>\n<meta property=\"og:title\" content=\"Geschichte - Grupo Alsur\" \/>\n<meta property=\"og:description\" content=\"Seit 1988 bieten wir Qualit\u00e4t in jedem unserer Produkte und erreichen so eine Expansion und Konsolidierung auf internationaler Ebene.\" \/>\n<meta property=\"og:url\" content=\"https:\/\/grupoalsur.com\/de\/geschichte\/\" \/>\n<meta property=\"og:site_name\" content=\"Grupo Alsur\" \/>\n<meta property=\"article:modified_time\" content=\"2023-09-20T16:07:48+00:00\" \/>\n<meta name=\"twitter:card\" content=\"summary_large_image\" \/>\n<meta name=\"twitter:label1\" content=\"Gesch\u00e4tzte Lesezeit\" \/>\n\t<meta name=\"twitter:data1\" content=\"2\u00a0Minuten\" \/>\n<script type=\"application\/ld+json\" class=\"yoast-schema-graph\">{\"@context\":\"https:\\\/\\\/schema.org\",\"@graph\":[{\"@type\":\"WebPage\",\"@id\":\"https:\\\/\\\/grupoalsur.com\\\/de\\\/geschichte\\\/\",\"url\":\"https:\\\/\\\/grupoalsur.com\\\/de\\\/geschichte\\\/\",\"name\":\"Geschichte - Grupo Alsur\",\"isPartOf\":{\"@id\":\"https:\\\/\\\/grupoalsur.com\\\/de\\\/#website\"},\"datePublished\":\"2023-03-16T14:17:22+00:00\",\"dateModified\":\"2023-09-20T16:07:48+00:00\",\"description\":\"Seit 1988 bieten wir Qualit\u00e4t in jedem unserer Produkte und erreichen so eine Expansion und Konsolidierung auf internationaler Ebene.\",\"breadcrumb\":{\"@id\":\"https:\\\/\\\/grupoalsur.com\\\/de\\\/geschichte\\\/#breadcrumb\"},\"inLanguage\":\"de\",\"potentialAction\":[{\"@type\":\"ReadAction\",\"target\":[\"https:\\\/\\\/grupoalsur.com\\\/de\\\/geschichte\\\/\"]}]},{\"@type\":\"BreadcrumbList\",\"@id\":\"https:\\\/\\\/grupoalsur.com\\\/de\\\/geschichte\\\/#breadcrumb\",\"itemListElement\":[{\"@type\":\"ListItem\",\"position\":1,\"name\":\"Portada\",\"item\":\"https:\\\/\\\/grupoalsur.com\\\/de\\\/\"},{\"@type\":\"ListItem\",\"position\":2,\"name\":\"Geschichte\"}]},{\"@type\":\"WebSite\",\"@id\":\"https:\\\/\\\/grupoalsur.com\\\/de\\\/#website\",\"url\":\"https:\\\/\\\/grupoalsur.com\\\/de\\\/\",\"name\":\"Grupo Alsur\",\"description\":\"La agricultura est\u00e1 en nuestras raices\",\"potentialAction\":[{\"@type\":\"SearchAction\",\"target\":{\"@type\":\"EntryPoint\",\"urlTemplate\":\"https:\\\/\\\/grupoalsur.com\\\/de\\\/?s={search_term_string}\"},\"query-input\":{\"@type\":\"PropertyValueSpecification\",\"valueRequired\":true,\"valueName\":\"search_term_string\"}}],\"inLanguage\":\"de\"}]}<\/script>\n<!-- \/ Yoast SEO plugin. -->","yoast_head_json":{"title":"Geschichte - Grupo Alsur","description":"Seit 1988 bieten wir Qualit\u00e4t in jedem unserer Produkte und erreichen so eine Expansion und Konsolidierung auf internationaler Ebene.","robots":{"index":"index","follow":"follow","max-snippet":"max-snippet:-1","max-image-preview":"max-image-preview:large","max-video-preview":"max-video-preview:-1"},"canonical":"https:\/\/grupoalsur.com\/de\/geschichte\/","og_locale":"de_DE","og_type":"article","og_title":"Geschichte - Grupo Alsur","og_description":"Seit 1988 bieten wir Qualit\u00e4t in jedem unserer Produkte und erreichen so eine Expansion und Konsolidierung auf internationaler Ebene.","og_url":"https:\/\/grupoalsur.com\/de\/geschichte\/","og_site_name":"Grupo Alsur","article_modified_time":"2023-09-20T16:07:48+00:00","twitter_card":"summary_large_image","twitter_misc":{"Gesch\u00e4tzte Lesezeit":"2\u00a0Minuten"},"schema":{"@context":"https:\/\/schema.org","@graph":[{"@type":"WebPage","@id":"https:\/\/grupoalsur.com\/de\/geschichte\/","url":"https:\/\/grupoalsur.com\/de\/geschichte\/","name":"Geschichte - Grupo Alsur","isPartOf":{"@id":"https:\/\/grupoalsur.com\/de\/#website"},"datePublished":"2023-03-16T14:17:22+00:00","dateModified":"2023-09-20T16:07:48+00:00","description":"Seit 1988 bieten wir Qualit\u00e4t in jedem unserer Produkte und erreichen so eine Expansion und Konsolidierung auf internationaler Ebene.","breadcrumb":{"@id":"https:\/\/grupoalsur.com\/de\/geschichte\/#breadcrumb"},"inLanguage":"de","potentialAction":[{"@type":"ReadAction","target":["https:\/\/grupoalsur.com\/de\/geschichte\/"]}]},{"@type":"BreadcrumbList","@id":"https:\/\/grupoalsur.com\/de\/geschichte\/#breadcrumb","itemListElement":[{"@type":"ListItem","position":1,"name":"Portada","item":"https:\/\/grupoalsur.com\/de\/"},{"@type":"ListItem","position":2,"name":"Geschichte"}]},{"@type":"WebSite","@id":"https:\/\/grupoalsur.com\/de\/#website","url":"https:\/\/grupoalsur.com\/de\/","name":"Grupo Alsur","description":"La agricultura est\u00e1 en nuestras raices","potentialAction":[{"@type":"SearchAction","target":{"@type":"EntryPoint","urlTemplate":"https:\/\/grupoalsur.com\/de\/?s={search_term_string}"},"query-input":{"@type":"PropertyValueSpecification","valueRequired":true,"valueName":"search_term_string"}}],"inLanguage":"de"}]}},"_links":{"self":[{"href":"https:\/\/grupoalsur.com\/de\/wp-json\/wp\/v2\/pages\/1722","targetHints":{"allow":["GET"]}}],"collection":[{"href":"https:\/\/grupoalsur.com\/de\/wp-json\/wp\/v2\/pages"}],"about":[{"href":"https:\/\/grupoalsur.com\/de\/wp-json\/wp\/v2\/types\/page"}],"author":[{"embeddable":true,"href":"https:\/\/grupoalsur.com\/de\/wp-json\/wp\/v2\/users\/2"}],"replies":[{"embeddable":true,"href":"https:\/\/grupoalsur.com\/de\/wp-json\/wp\/v2\/comments?post=1722"}],"version-history":[{"count":8,"href":"https:\/\/grupoalsur.com\/de\/wp-json\/wp\/v2\/pages\/1722\/revisions"}],"predecessor-version":[{"id":2057,"href":"https:\/\/grupoalsur.com\/de\/wp-json\/wp\/v2\/pages\/1722\/revisions\/2057"}],"wp:attachment":[{"href":"https:\/\/grupoalsur.com\/de\/wp-json\/wp\/v2\/media?parent=1722"}],"curies":[{"name":"wp","href":"https:\/\/api.w.org\/{rel}","templated":true}]}}