{"id":1716,"date":"2023-03-16T14:17:11","date_gmt":"2023-03-16T14:17:11","guid":{"rendered":"https:\/\/grupoalsur.com\/unsere-produktionsstaetten\/"},"modified":"2023-09-12T15:12:56","modified_gmt":"2023-09-12T15:12:56","slug":"unsere-produktionsstaetten","status":"publish","type":"page","link":"https:\/\/grupoalsur.com\/de\/unsere-produktionsstaetten\/","title":{"rendered":"Unsere Produktionsst\u00e4tten"},"content":{"rendered":"\n[et_pb_section fb_built=&#8220;1&#8243; _builder_version=&#8220;4.20.4&#8243; _module_preset=&#8220;default&#8220; background_enable_image=&#8220;off&#8220; background_video_mp4=&#8220;https:\/\/grupoalsur.com\/wp-content\/uploads\/2023\/03\/ALSUR_Corporativo_LogoGrupoAlsur_20221.mp4&#8243; background_video_width=&#8220;1920&#8243; background_video_height=&#8220;1080&#8243; width=&#8220;100%&#8220; custom_padding=&#8220;||719px|||&#8220; hover_enabled=&#8220;0&#8243; da_disable_devices=&#8220;off|off|off&#8220; global_colors_info=&#8220;{}&#8220; custom_padding_last_edited=&#8220;on|phone&#8220; custom_padding_phone=&#8220;||200px||false|false&#8220; background_last_edited=&#8220;on|phone&#8220; background_video_width_phone=&#8220;600&#8243; background_video_height_phone=&#8220;1&#8243; sticky_enabled=&#8220;0&#8243; da_is_popup=&#8220;off&#8220; da_exit_intent=&#8220;off&#8220; da_has_close=&#8220;on&#8220; da_alt_close=&#8220;off&#8220; da_dark_close=&#8220;off&#8220; da_not_modal=&#8220;on&#8220; da_is_singular=&#8220;off&#8220; da_with_loader=&#8220;off&#8220; da_has_shadow=&#8220;on&#8220; custom_padding_tablet=&#8220;||719px|||&#8220;][\/et_pb_section][et_pb_section fb_built=&#8220;1&#8243; custom_padding_last_edited=&#8220;on|phone&#8220; _builder_version=&#8220;4.20.2&#8243; _module_preset=&#8220;default&#8220; background_color=&#8220;#eeefe9&#8243; custom_padding_tablet=&#8220;&#8220; custom_padding_phone=&#8220;|20px||20px|false|false&#8220; da_disable_devices=&#8220;off|off|off&#8220; global_colors_info=&#8220;{}&#8220; da_is_popup=&#8220;off&#8220; da_exit_intent=&#8220;off&#8220; da_has_close=&#8220;on&#8220; da_alt_close=&#8220;off&#8220; da_dark_close=&#8220;off&#8220; da_not_modal=&#8220;on&#8220; da_is_singular=&#8220;off&#8220; da_with_loader=&#8220;off&#8220; da_has_shadow=&#8220;on&#8220;][et_pb_row column_structure=&#8220;1_2,1_2&#8243; use_custom_gutter=&#8220;on&#8220; gutter_width=&#8220;1&#8243; _builder_version=&#8220;4.20.2&#8243; _module_preset=&#8220;default&#8220; width=&#8220;100%&#8220; global_colors_info=&#8220;{}&#8220;][et_pb_column type=&#8220;1_2&#8243; _builder_version=&#8220;4.20.2&#8243; _module_preset=&#8220;default&#8220; custom_padding=&#8220;|30px|||false|false&#8220; animation_style=&#8220;slide&#8220; animation_direction=&#8220;left&#8220; global_colors_info=&#8220;{}&#8220;][et_pb_text _builder_version=&#8220;4.20.2&#8243; _module_preset=&#8220;default&#8220; header_2_font=&#8220;Lato||||||||&#8220; header_2_text_color=&#8220;#727176&#8243; header_2_font_size=&#8220;24px&#8220; custom_margin=&#8220;100px||||false|false&#8220; custom_margin_tablet=&#8220;100px||||false|false&#8220; custom_margin_phone=&#8220;0px||||false|false&#8220; custom_margin_last_edited=&#8220;on|phone&#8220; locked=&#8220;off&#8220; global_colors_info=&#8220;{}&#8220;]<h2><span>Grupo Alsur verf\u00fcgt \u00fcber <\/span><strong>drei eigene Produktionsst\u00e4tten:<\/strong><\/h2>[\/et_pb_text][et_pb_text _builder_version=&#8220;4.20.2&#8243; _module_preset=&#8220;default&#8220; text_font=&#8220;Lato||||||||&#8220; text_text_color=&#8220;#727176&#8243; text_font_size=&#8220;18px&#8220; text_line_height=&#8220;1.8em&#8220; locked=&#8220;off&#8220; global_colors_info=&#8220;{}&#8220;]<p class=\"kt-adv-heading_c06523-6f wp-block-kadence-advancedheading\" data-kb-block=\"kb-adv-heading_c06523-6f\"><span>Eine befindet sich in Spanien und zwei in Peru, und alle sind mit <\/span><strong>neuester Technik, Maschinen und Logistik,<\/strong><span> ausgestattet. Auf diese Weise kann der Anbau der Rohstoffe so durchgef\u00fchrt werden wie immer: in einer gepflegten, fruchtbaren Umgebung, ohne Eile und mit dem einzigen Ziel, dass das Produkt den Kunden und Endverbraucher mit seinen vollen Eigenschaften erreicht: <\/span><strong>Qualit\u00e4t, Frische und Geschmack.<\/strong><\/p>[\/et_pb_text][\/et_pb_column][et_pb_column type=&#8220;1_2&#8243; _builder_version=&#8220;4.20.2&#8243; _module_preset=&#8220;default&#8220; animation_style=&#8220;slide&#8220; global_colors_info=&#8220;{}&#8220;][et_pb_image src=&#8220;https:\/\/grupoalsur.com\/wp-content\/uploads\/2023\/03\/expansion-alsur.png&#8220; title_text=&#8220;expansion-alsur&#8220; _builder_version=&#8220;4.20.2&#8243; _module_preset=&#8220;default&#8220; module_alignment=&#8220;left&#8220; global_colors_info=&#8220;{}&#8220;][\/et_pb_image][\/et_pb_column][\/et_pb_row][\/et_pb_section][et_pb_section fb_built=&#8220;1&#8243; _builder_version=&#8220;4.20.4&#8243; _module_preset=&#8220;default&#8220; background_image=&#8220;https:\/\/grupoalsur.com\/wp-content\/uploads\/2023\/03\/bg-instal-antequera.webp&#8220; background_size=&#8220;custom&#8220; background_image_width=&#8220;60%&#8220; background_image_height=&#8220;0%&#8220; background_position=&#8220;top_left&#8220; background_horizontal_offset=&#8220;-35%&#8220; background_vertical_offset=&#8220;100%&#8220; custom_padding=&#8220;0px||0px||false|false&#8220; da_disable_devices=&#8220;off|off|off&#8220; global_colors_info=&#8220;{}&#8220; da_is_popup=&#8220;off&#8220; da_exit_intent=&#8220;off&#8220; da_has_close=&#8220;on&#8220; da_alt_close=&#8220;off&#8220; da_dark_close=&#8220;off&#8220; da_not_modal=&#8220;on&#8220; da_is_singular=&#8220;off&#8220; da_with_loader=&#8220;off&#8220; da_has_shadow=&#8220;on&#8220;][et_pb_row _builder_version=&#8220;4.20.2&#8243; _module_preset=&#8220;default&#8220; background_color=&#8220;#1d4f2b&#8220; width=&#8220;55%&#8220; width_tablet=&#8220;55%&#8220; width_phone=&#8220;100%&#8220; width_last_edited=&#8220;on|phone&#8220; max_width=&#8220;100%&#8220; custom_margin=&#8220;|0px|||false|false&#8220; custom_padding=&#8220;40px|40px|40px|40px|false|false&#8220; locked=&#8220;off&#8220; global_colors_info=&#8220;{}&#8220;][et_pb_column type=&#8220;4_4&#8243; saved_specialty_column_type=&#8220;1_2&#8243; _builder_version=&#8220;4.18.0&#8243; _module_preset=&#8220;default&#8220; global_colors_info=&#8220;{}&#8220;][et_pb_image src=&#8220;https:\/\/grupoalsur.com\/wp-content\/uploads\/2023\/03\/espana.png&#8220; title_text=&#8220;Spanien&#8220; align=&#8220;center&#8220; _builder_version=&#8220;4.20.2&#8243; _module_preset=&#8220;default&#8220; width=&#8220;8%&#8220; custom_margin=&#8220;||10px||false|false&#8220; animation_style=&#8220;slide&#8220; global_colors_info=&#8220;{}&#8220;][\/et_pb_image][et_pb_text _builder_version=&#8220;4.20.2&#8243; _module_preset=&#8220;default&#8220; header_2_font=&#8220;Lato||||||||&#8220; header_2_text_align=&#8220;center&#8220; header_2_text_color=&#8220;#76a550&#8243; header_2_font_size=&#8220;24px&#8220; animation_style=&#8220;slide&#8220; locked=&#8220;off&#8220; global_colors_info=&#8220;{}&#8220;]<h2><strong>Produktionsst\u00e4tten in Spanien<\/strong><br><span>(Antequera)<\/span><\/h2>[\/et_pb_text][et_pb_text _builder_version=&#8220;4.20.2&#8243; _module_preset=&#8220;default&#8220; text_font=&#8220;Lato||||||||&#8220; text_text_color=&#8220;#FFFFFF&#8220; text_font_size=&#8220;18px&#8220; text_orientation=&#8220;center&#8220; animation_style=&#8220;slide&#8220; locked=&#8220;off&#8220; global_colors_info=&#8220;{}&#8220;]<p class=\"kt-adv-heading_c06523-6f wp-block-kadence-advancedheading\" data-kb-block=\"kb-adv-heading_c06523-6f\"><span>Gegr\u00fcndet 1988, mit nachfolgenden Erweiterungen und technologischen Verbesserungen in den 90er- und 2000er-Jahren. Eine gro\u00dfe Plantage und eine eigene Produktionsanlage, spezialisiert auf die Herstellung von Ackerbohnen und Blumenkohl als Frischprodukte sowie von gr\u00fcnen Bohnen und Gem\u00fcsesalat in der Kategorie Tiefk\u00fchlkost. <\/span><\/p>[\/et_pb_text][\/et_pb_column][\/et_pb_row][et_pb_row use_custom_gutter=&#8220;on&#8220; gutter_width=&#8220;1&#8243; _builder_version=&#8220;4.20.2&#8243; _module_preset=&#8220;default&#8220; width=&#8220;55%&#8220; width_tablet=&#8220;55%&#8220; width_phone=&#8220;100%&#8220; width_last_edited=&#8220;on|phone&#8220; max_width=&#8220;100%&#8220; custom_margin=&#8220;0px|0px|0px||false|false&#8220; custom_padding=&#8220;0px|0px|0px|0px|false|false&#8220; locked=&#8220;off&#8220; global_colors_info=&#8220;{}&#8220;][et_pb_column type=&#8220;4_4&#8243; saved_specialty_column_type=&#8220;1_2&#8243; _builder_version=&#8220;4.18.0&#8243; _module_preset=&#8220;default&#8220; global_colors_info=&#8220;{}&#8220;][et_pb_image src=&#8220;https:\/\/grupoalsur.com\/wp-content\/uploads\/2023\/03\/Screenshot-2023-03-27-at-10-34-10-Nustras-Instalaciones-Patricia.png&#8220; title_text=&#8220;Screenshot 2023-03-27 at 10-34-10 Nustras Instalaciones Patricia&#8220; _builder_version=&#8220;4.20.2&#8243; _module_preset=&#8220;default&#8220; custom_margin=&#8220;-15px|||||&#8220; custom_padding=&#8220;0px|||||&#8220; global_colors_info=&#8220;{}&#8220;][\/et_pb_image][\/et_pb_column][\/et_pb_row][\/et_pb_section][et_pb_section fb_built=&#8220;1&#8243; _builder_version=&#8220;4.20.4&#8243; _module_preset=&#8220;default&#8220; background_image=&#8220;https:\/\/grupoalsur.com\/wp-content\/uploads\/2023\/06\/pro-YGA8tedo.jpeg&#8220; background_size=&#8220;custom&#8220; background_image_width=&#8220;70%&#8220; background_position=&#8220;top_right&#8220; background_horizontal_offset=&#8220;0%&#8220; background_vertical_offset=&#8220;0%&#8220; custom_padding=&#8220;0px||0px||false|false&#8220; da_disable_devices=&#8220;off|off|off&#8220; global_colors_info=&#8220;{}&#8220; da_is_popup=&#8220;off&#8220; da_exit_intent=&#8220;off&#8220; da_has_close=&#8220;on&#8220; da_alt_close=&#8220;off&#8220; da_dark_close=&#8220;off&#8220; da_not_modal=&#8220;on&#8220; da_is_singular=&#8220;off&#8220; da_with_loader=&#8220;off&#8220; da_has_shadow=&#8220;on&#8220;][et_pb_row _builder_version=&#8220;4.20.2&#8243; _module_preset=&#8220;default&#8220; background_color=&#8220;#71260f&#8220; width=&#8220;45%&#8220; width_tablet=&#8220;45%&#8220; width_phone=&#8220;100%&#8220; width_last_edited=&#8220;on|phone&#8220; max_width=&#8220;100%&#8220; custom_margin=&#8220;|||0px|false|false&#8220; custom_padding=&#8220;40px|40px|40px|40px|false|false&#8220; locked=&#8220;off&#8220; global_colors_info=&#8220;{}&#8220;][et_pb_column type=&#8220;4_4&#8243; saved_specialty_column_type=&#8220;1_2&#8243; _builder_version=&#8220;4.18.0&#8243; _module_preset=&#8220;default&#8220; global_colors_info=&#8220;{}&#8220;][et_pb_image src=&#8220;https:\/\/grupoalsur.com\/wp-content\/uploads\/2023\/03\/peru.png&#8220; title_text=&#8220;peru&#8220; align=&#8220;center&#8220; _builder_version=&#8220;4.20.2&#8243; _module_preset=&#8220;default&#8220; width=&#8220;8%&#8220; custom_margin=&#8220;||10px||false|false&#8220; animation_style=&#8220;slide&#8220; global_colors_info=&#8220;{}&#8220;][\/et_pb_image][et_pb_text _builder_version=&#8220;4.20.2&#8243; _module_preset=&#8220;default&#8220; header_2_font=&#8220;Lato||||||||&#8220; header_2_text_align=&#8220;center&#8220; header_2_text_color=&#8220;#76a550&#8243; header_2_font_size=&#8220;24px&#8220; animation_style=&#8220;slide&#8220; locked=&#8220;off&#8220; global_colors_info=&#8220;{}&#8220;]<h2><strong>Produktionsst\u00e4tten in Peru<\/strong><br><span>(Cusco y Arequipa)<\/span><\/h2>[\/et_pb_text][et_pb_text _builder_version=&#8220;4.20.2&#8243; _module_preset=&#8220;default&#8220; text_font=&#8220;Lato||||||||&#8220; text_text_color=&#8220;#FFFFFF&#8220; text_font_size=&#8220;18px&#8220; text_orientation=&#8220;center&#8220; animation_style=&#8220;slide&#8220; locked=&#8220;off&#8220; global_colors_info=&#8220;{}&#8220;]<p class=\"kt-adv-heading_c06523-6f wp-block-kadence-advancedheading\" data-kb-block=\"kb-adv-heading_c06523-6f\"><span>Der Wunsch nach einer Erweiterung unseres Produktkatalogs veranlasste uns 2005, international zu expandieren und eigene<\/span><strong>Artischockenplantagen<\/strong><span>, in verschiedenen Teilen Perus anzulegen, einem optimalen Anbaugebiet f\u00fcr dieses Gem\u00fcse.<\/span><\/p>[\/et_pb_text][\/et_pb_column][\/et_pb_row][et_pb_row use_custom_gutter=&#8220;on&#8220; gutter_width=&#8220;1&#8243; _builder_version=&#8220;4.20.2&#8243; _module_preset=&#8220;default&#8220; width=&#8220;45%&#8220; width_tablet=&#8220;45%&#8220; width_phone=&#8220;100%&#8220; width_last_edited=&#8220;on|phone&#8220; max_width=&#8220;100%&#8220; custom_margin=&#8220;0px||0px|0px|false|false&#8220; custom_padding=&#8220;0px|0px|0px|0px|false|false&#8220; locked=&#8220;off&#8220; global_colors_info=&#8220;{}&#8220;][et_pb_column type=&#8220;4_4&#8243; saved_specialty_column_type=&#8220;1_2&#8243; _builder_version=&#8220;4.18.0&#8243; _module_preset=&#8220;default&#8220; global_colors_info=&#8220;{}&#8220;][et_pb_image src=&#8220;https:\/\/grupoalsur.com\/wp-content\/uploads\/2023\/03\/instalaciones-peru-1200&#215;405-1.webp&#8220; title_text=&#8220;instalaciones-peru-1200&#215;405&#8243; _builder_version=&#8220;4.20.2&#8243; _module_preset=&#8220;default&#8220; global_colors_info=&#8220;{}&#8220;][\/et_pb_image][\/et_pb_column][\/et_pb_row][\/et_pb_section]\n","protected":false},"excerpt":{"rendered":"<p>Grupo Alsur verf\u00fcgt \u00fcber drei eigene Produktionsst\u00e4tten:Eine befindet sich in Spanien und zwei in Peru, und alle sind mit neuester Technik, Maschinen und Logistik, ausgestattet. Auf diese Weise kann der Anbau der Rohstoffe so durchgef\u00fchrt werden wie immer: in einer gepflegten, fruchtbaren Umgebung, ohne Eile und mit dem einzigen Ziel, dass das Produkt den Kunden [&hellip;]<\/p>\n","protected":false},"author":2,"featured_media":0,"parent":0,"menu_order":0,"comment_status":"closed","ping_status":"closed","template":"","meta":{"_et_pb_use_builder":"on","_et_pb_old_content":"","_et_gb_content_width":"","footnotes":""},"class_list":["post-1716","page","type-page","status-publish","hentry"],"yoast_head":"<!-- This site is optimized with the Yoast SEO plugin v27.3 - https:\/\/yoast.com\/product\/yoast-seo-wordpress\/ -->\n<title>Unsere Produktionsst\u00e4tten - Grupo Alsur<\/title>\n<meta name=\"description\" content=\"Grupo Alsur verf\u00fcgt \u00fcber drei eigene Produktionsst\u00e4tten: Eine befindet sich in Spanien und zwei in Peru, und alle sind mit neuester Technik, Maschinen und Logistik ausgestattet. Auf diese Weise kann der Anbau der Rohstoffe so durchgef\u00fchrt werden wie immer: in einer gepflegten, fruchtbaren Umgebung, ohne Eile und mit dem einzigen Ziel, dass das Produkt den Kunden und Endverbraucher mit seinen vollen Eigenschaften erreicht: Qualit\u00e4t, Frische und Geschmack. Expansion von Grupo Alsur.\" \/>\n<meta name=\"robots\" content=\"index, follow, max-snippet:-1, max-image-preview:large, max-video-preview:-1\" \/>\n<link rel=\"canonical\" href=\"https:\/\/grupoalsur.com\/de\/unsere-produktionsstaetten\/\" \/>\n<meta property=\"og:locale\" content=\"de_DE\" \/>\n<meta property=\"og:type\" content=\"article\" \/>\n<meta property=\"og:title\" content=\"Unsere Produktionsst\u00e4tten - Grupo Alsur\" \/>\n<meta property=\"og:description\" content=\"Grupo Alsur verf\u00fcgt \u00fcber drei eigene Produktionsst\u00e4tten: Eine befindet sich in Spanien und zwei in Peru, und alle sind mit neuester Technik, Maschinen und Logistik ausgestattet. Auf diese Weise kann der Anbau der Rohstoffe so durchgef\u00fchrt werden wie immer: in einer gepflegten, fruchtbaren Umgebung, ohne Eile und mit dem einzigen Ziel, dass das Produkt den Kunden und Endverbraucher mit seinen vollen Eigenschaften erreicht: Qualit\u00e4t, Frische und Geschmack. Expansion von Grupo Alsur.\" \/>\n<meta property=\"og:url\" content=\"https:\/\/grupoalsur.com\/de\/unsere-produktionsstaetten\/\" \/>\n<meta property=\"og:site_name\" content=\"Grupo Alsur\" \/>\n<meta property=\"article:modified_time\" content=\"2023-09-12T15:12:56+00:00\" \/>\n<meta name=\"twitter:card\" content=\"summary_large_image\" \/>\n<meta name=\"twitter:label1\" content=\"Gesch\u00e4tzte Lesezeit\" \/>\n\t<meta name=\"twitter:data1\" content=\"6\u00a0Minuten\" \/>\n<script type=\"application\/ld+json\" class=\"yoast-schema-graph\">{\"@context\":\"https:\\\/\\\/schema.org\",\"@graph\":[{\"@type\":\"WebPage\",\"@id\":\"https:\\\/\\\/grupoalsur.com\\\/de\\\/unsere-produktionsstaetten\\\/\",\"url\":\"https:\\\/\\\/grupoalsur.com\\\/de\\\/unsere-produktionsstaetten\\\/\",\"name\":\"Unsere Produktionsst\u00e4tten - Grupo Alsur\",\"isPartOf\":{\"@id\":\"https:\\\/\\\/grupoalsur.com\\\/de\\\/#website\"},\"datePublished\":\"2023-03-16T14:17:11+00:00\",\"dateModified\":\"2023-09-12T15:12:56+00:00\",\"description\":\"Grupo Alsur verf\u00fcgt \u00fcber drei eigene Produktionsst\u00e4tten: Eine befindet sich in Spanien und zwei in Peru, und alle sind mit neuester Technik, Maschinen und Logistik ausgestattet. Auf diese Weise kann der Anbau der Rohstoffe so durchgef\u00fchrt werden wie immer: in einer gepflegten, fruchtbaren Umgebung, ohne Eile und mit dem einzigen Ziel, dass das Produkt den Kunden und Endverbraucher mit seinen vollen Eigenschaften erreicht: Qualit\u00e4t, Frische und Geschmack. Expansion von Grupo Alsur.\",\"breadcrumb\":{\"@id\":\"https:\\\/\\\/grupoalsur.com\\\/de\\\/unsere-produktionsstaetten\\\/#breadcrumb\"},\"inLanguage\":\"de\",\"potentialAction\":[{\"@type\":\"ReadAction\",\"target\":[\"https:\\\/\\\/grupoalsur.com\\\/de\\\/unsere-produktionsstaetten\\\/\"]}]},{\"@type\":\"BreadcrumbList\",\"@id\":\"https:\\\/\\\/grupoalsur.com\\\/de\\\/unsere-produktionsstaetten\\\/#breadcrumb\",\"itemListElement\":[{\"@type\":\"ListItem\",\"position\":1,\"name\":\"Portada\",\"item\":\"https:\\\/\\\/grupoalsur.com\\\/de\\\/\"},{\"@type\":\"ListItem\",\"position\":2,\"name\":\"Unsere Produktionsst\u00e4tten\"}]},{\"@type\":\"WebSite\",\"@id\":\"https:\\\/\\\/grupoalsur.com\\\/de\\\/#website\",\"url\":\"https:\\\/\\\/grupoalsur.com\\\/de\\\/\",\"name\":\"Grupo Alsur\",\"description\":\"La agricultura est\u00e1 en nuestras raices\",\"potentialAction\":[{\"@type\":\"SearchAction\",\"target\":{\"@type\":\"EntryPoint\",\"urlTemplate\":\"https:\\\/\\\/grupoalsur.com\\\/de\\\/?s={search_term_string}\"},\"query-input\":{\"@type\":\"PropertyValueSpecification\",\"valueRequired\":true,\"valueName\":\"search_term_string\"}}],\"inLanguage\":\"de\"}]}<\/script>\n<!-- \/ Yoast SEO plugin. -->","yoast_head_json":{"title":"Unsere Produktionsst\u00e4tten - Grupo Alsur","description":"Grupo Alsur verf\u00fcgt \u00fcber drei eigene Produktionsst\u00e4tten: Eine befindet sich in Spanien und zwei in Peru, und alle sind mit neuester Technik, Maschinen und Logistik ausgestattet. Auf diese Weise kann der Anbau der Rohstoffe so durchgef\u00fchrt werden wie immer: in einer gepflegten, fruchtbaren Umgebung, ohne Eile und mit dem einzigen Ziel, dass das Produkt den Kunden und Endverbraucher mit seinen vollen Eigenschaften erreicht: Qualit\u00e4t, Frische und Geschmack. Expansion von Grupo Alsur.","robots":{"index":"index","follow":"follow","max-snippet":"max-snippet:-1","max-image-preview":"max-image-preview:large","max-video-preview":"max-video-preview:-1"},"canonical":"https:\/\/grupoalsur.com\/de\/unsere-produktionsstaetten\/","og_locale":"de_DE","og_type":"article","og_title":"Unsere Produktionsst\u00e4tten - Grupo Alsur","og_description":"Grupo Alsur verf\u00fcgt \u00fcber drei eigene Produktionsst\u00e4tten: Eine befindet sich in Spanien und zwei in Peru, und alle sind mit neuester Technik, Maschinen und Logistik ausgestattet. Auf diese Weise kann der Anbau der Rohstoffe so durchgef\u00fchrt werden wie immer: in einer gepflegten, fruchtbaren Umgebung, ohne Eile und mit dem einzigen Ziel, dass das Produkt den Kunden und Endverbraucher mit seinen vollen Eigenschaften erreicht: Qualit\u00e4t, Frische und Geschmack. Expansion von Grupo Alsur.","og_url":"https:\/\/grupoalsur.com\/de\/unsere-produktionsstaetten\/","og_site_name":"Grupo Alsur","article_modified_time":"2023-09-12T15:12:56+00:00","twitter_card":"summary_large_image","twitter_misc":{"Gesch\u00e4tzte Lesezeit":"6\u00a0Minuten"},"schema":{"@context":"https:\/\/schema.org","@graph":[{"@type":"WebPage","@id":"https:\/\/grupoalsur.com\/de\/unsere-produktionsstaetten\/","url":"https:\/\/grupoalsur.com\/de\/unsere-produktionsstaetten\/","name":"Unsere Produktionsst\u00e4tten - Grupo Alsur","isPartOf":{"@id":"https:\/\/grupoalsur.com\/de\/#website"},"datePublished":"2023-03-16T14:17:11+00:00","dateModified":"2023-09-12T15:12:56+00:00","description":"Grupo Alsur verf\u00fcgt \u00fcber drei eigene Produktionsst\u00e4tten: Eine befindet sich in Spanien und zwei in Peru, und alle sind mit neuester Technik, Maschinen und Logistik ausgestattet. Auf diese Weise kann der Anbau der Rohstoffe so durchgef\u00fchrt werden wie immer: in einer gepflegten, fruchtbaren Umgebung, ohne Eile und mit dem einzigen Ziel, dass das Produkt den Kunden und Endverbraucher mit seinen vollen Eigenschaften erreicht: Qualit\u00e4t, Frische und Geschmack. Expansion von Grupo Alsur.","breadcrumb":{"@id":"https:\/\/grupoalsur.com\/de\/unsere-produktionsstaetten\/#breadcrumb"},"inLanguage":"de","potentialAction":[{"@type":"ReadAction","target":["https:\/\/grupoalsur.com\/de\/unsere-produktionsstaetten\/"]}]},{"@type":"BreadcrumbList","@id":"https:\/\/grupoalsur.com\/de\/unsere-produktionsstaetten\/#breadcrumb","itemListElement":[{"@type":"ListItem","position":1,"name":"Portada","item":"https:\/\/grupoalsur.com\/de\/"},{"@type":"ListItem","position":2,"name":"Unsere Produktionsst\u00e4tten"}]},{"@type":"WebSite","@id":"https:\/\/grupoalsur.com\/de\/#website","url":"https:\/\/grupoalsur.com\/de\/","name":"Grupo Alsur","description":"La agricultura est\u00e1 en nuestras raices","potentialAction":[{"@type":"SearchAction","target":{"@type":"EntryPoint","urlTemplate":"https:\/\/grupoalsur.com\/de\/?s={search_term_string}"},"query-input":{"@type":"PropertyValueSpecification","valueRequired":true,"valueName":"search_term_string"}}],"inLanguage":"de"}]}},"_links":{"self":[{"href":"https:\/\/grupoalsur.com\/de\/wp-json\/wp\/v2\/pages\/1716","targetHints":{"allow":["GET"]}}],"collection":[{"href":"https:\/\/grupoalsur.com\/de\/wp-json\/wp\/v2\/pages"}],"about":[{"href":"https:\/\/grupoalsur.com\/de\/wp-json\/wp\/v2\/types\/page"}],"author":[{"embeddable":true,"href":"https:\/\/grupoalsur.com\/de\/wp-json\/wp\/v2\/users\/2"}],"replies":[{"embeddable":true,"href":"https:\/\/grupoalsur.com\/de\/wp-json\/wp\/v2\/comments?post=1716"}],"version-history":[{"count":1,"href":"https:\/\/grupoalsur.com\/de\/wp-json\/wp\/v2\/pages\/1716\/revisions"}],"predecessor-version":[{"id":1717,"href":"https:\/\/grupoalsur.com\/de\/wp-json\/wp\/v2\/pages\/1716\/revisions\/1717"}],"wp:attachment":[{"href":"https:\/\/grupoalsur.com\/de\/wp-json\/wp\/v2\/media?parent=1716"}],"curies":[{"name":"wp","href":"https:\/\/api.w.org\/{rel}","templated":true}]}}